{"id":1401,"date":"2018-01-29T07:04:28","date_gmt":"2018-01-29T07:04:28","guid":{"rendered":"https:\/\/surielementor.com\/consuloan\/?page_id=1401"},"modified":"2023-03-14T13:56:52","modified_gmt":"2023-03-14T10:56:52","slug":"iletisim","status":"publish","type":"page","link":"https:\/\/iucerrahpasavakfi.org.tr\/?page_id=1401","title":{"rendered":"\u0130LET\u0130\u015e\u0130M"},"content":{"rendered":"<div class=\"vc_row wpb_row vc_row-fluid vc_custom_1517215913501\"><div class=\"row_overlay\" style=\"\"><\/div><div class=\"wpb_column vc_column_container vc_col-sm-12\"><div class=\"vc_column-inner\"><div class=\"wpb_wrapper\"><div class=\"title-section center  \">\r\n\t\t<h2 class=\"title\" style=\"\r\n\t\t\tfont-size: 24px;\r\n\t\t\tfont-weight: 700;\r\n\t\t\tline-height: 30px;\r\n\t\t\tcolor: #3c3a42;\r\n\t\t\tmargin-bottom: 16px;\r\n\t\t\tletter-spacing: 0px;\r\n\t\t\">\r\n\t\t\tE-mail\t\t\t\r\n\t\t<\/h2>\t\r\n\t\t\t\t\t\r\n\t\t\r\n\t\t\t<div class=\"title-content\" style=\"\r\n\t\t\tfont-size: 14px;\r\n\t\t\tline-height: 4px;\r\n\t\t\tcolor: #3c3a42;\r\n\t\t\tfont-weight: 400;\r\n\t\t\tletter-spacing: 0.1px;\r\n\t\t\">\r\n\t\t\t\t<p><span style=\"font-size: 14pt;\">bilgi@iucerrahpasavakfi.org.tr<\/span><\/p>\n\r\n\t\t\t<\/div>\r\n\r\n\t<\/div><div class=\"vc_empty_space\"   style=\"height: 20px\"><span class=\"vc_empty_space_inner\"><\/span><\/div><div class=\"title-section center  \">\r\n\t\t<h2 class=\"title\" style=\"\r\n\t\t\tfont-size: 24px;\r\n\t\t\tfont-weight: 700;\r\n\t\t\tline-height: 30px;\r\n\t\t\tcolor: #3c3a42;\r\n\t\t\tmargin-bottom: 16px;\r\n\t\t\tletter-spacing: 0px;\r\n\t\t\">\r\n\t\t\tTelefon\t\t\t\r\n\t\t<\/h2>\t\r\n\t\t\t\t\t\r\n\t\t\r\n\t\t\t<div class=\"title-content\" style=\"\r\n\t\t\tfont-size: 14px;\r\n\t\t\tline-height: 4px;\r\n\t\t\tcolor: #3c3a42;\r\n\t\t\tfont-weight: 400;\r\n\t\t\tletter-spacing: 0.1px;\r\n\t\t\">\r\n\t\t\t\t<p><span style=\"font-size: 14pt;\">+90 (533) 253 <strong>14 53<\/strong><\/span><\/p>\n\r\n\t\t\t<\/div>\r\n\r\n\t<\/div><div class=\"vc_empty_space\"   style=\"height: 20px\"><span class=\"vc_empty_space_inner\"><\/span><\/div><div class=\"title-section center  \">\r\n\t\t<h2 class=\"title\" style=\"\r\n\t\t\tfont-size: 24px;\r\n\t\t\tfont-weight: 700;\r\n\t\t\tline-height: 30px;\r\n\t\t\tcolor: #3c3a42;\r\n\t\t\tmargin-bottom: 16px;\r\n\t\t\tletter-spacing: 0px;\r\n\t\t\">\r\n\t\t\tWhatsApp\t\t\t\r\n\t\t<\/h2>\t\r\n\t\t\t\t\t\r\n\t\t\r\n\t\t\t<div class=\"title-content\" style=\"\r\n\t\t\tfont-size: 14px;\r\n\t\t\tline-height: 4px;\r\n\t\t\tcolor: #3c3a42;\r\n\t\t\tfont-weight: 400;\r\n\t\t\tletter-spacing: 0.1px;\r\n\t\t\">\r\n\t\t\t\t<p><span style=\"font-size: 14pt;\"><a href=\"http:\/\/wa.me\/905332531453\">+90 (533) 253 14 53<\/a><\/span><\/p>\n\r\n\t\t\t<\/div>\r\n\r\n\t<\/div><div class=\"vc_empty_space\"   style=\"height: 20px\"><span class=\"vc_empty_space_inner\"><\/span><\/div><div class=\"title-section center  \">\r\n\t\t<h2 class=\"title\" style=\"\r\n\t\t\tfont-size: 24px;\r\n\t\t\tfont-weight: 700;\r\n\t\t\tline-height: 30px;\r\n\t\t\tcolor: #3c3a42;\r\n\t\t\tmargin-bottom: 16px;\r\n\t\t\tletter-spacing: 0px;\r\n\t\t\">\r\n\t\t\tAdres\t\t\t\r\n\t\t<\/h2>\t\r\n\t\t\t\t\t\r\n\t\t\r\n\t\t\t<div class=\"title-content\" style=\"\r\n\t\t\tfont-size: 14px;\r\n\t\t\tline-height: 4px;\r\n\t\t\tcolor: #3c3a42;\r\n\t\t\tfont-weight: 400;\r\n\t\t\tletter-spacing: 0.1px;\r\n\t\t\">\r\n\t\t\t\t<p><span style=\"font-size: 14pt;\">Molla G\u00fcrani Mah. Turgut \u00d6zal Cad. Fildi\u015fi \u0130\u015f Merkezi<\/span><\/p>\n<p><span style=\"font-size: 14pt;\">No: 90-602 Fatih\/\u0130STANBUL<\/span><\/p>\n\r\n\t\t\t<\/div>\r\n\r\n\t<\/div><div class=\"vc_empty_space\"   style=\"height: 10px\"><span class=\"vc_empty_space_inner\"><\/span><\/div><\/div><\/div><\/div><\/div><div class=\"vc_row wpb_row vc_row-fluid vc_custom_1517219143193 vc_row-has-fill\"><div class=\"row_overlay\" style=\"\"><\/div><div class=\"wpb_column vc_column_container vc_col-sm-12\"><div class=\"vc_column-inner\"><div class=\"wpb_wrapper\">\n\t<div class=\"wpb_text_column wpb_content_element \" >\n\t\t<div class=\"wpb_wrapper\">\n\t\t\t<div id=\"quform-e37998\" class=\"quform quform-1 quform-theme-hollow quform-support-page-caching\"><form id=\"quform-form-e37998\" class=\"quform-form quform-form-1\" action=\"\/index.php?rest_route=%2Fwp%2Fv2%2Fpages%2F1401#quform-e37998\" method=\"post\" enctype=\"multipart\/form-data\" novalidate=\"novalidate\" data-options=\"{&quot;id&quot;:1,&quot;uniqueId&quot;:&quot;e37998&quot;,&quot;theme&quot;:&quot;hollow&quot;,&quot;ajax&quot;:true,&quot;logic&quot;:{&quot;logic&quot;:[],&quot;dependents&quot;:[],&quot;elementIds&quot;:[],&quot;dependentElementIds&quot;:[],&quot;animate&quot;:true},&quot;currentPageId&quot;:1,&quot;errorsIcon&quot;:&quot;&quot;,&quot;updateFancybox&quot;:true,&quot;hasPages&quot;:false,&quot;pages&quot;:[1],&quot;pageProgressType&quot;:&quot;numbers&quot;,&quot;tooltipsEnabled&quot;:true,&quot;tooltipClasses&quot;:&quot;qtip-quform-dark qtip-shadow&quot;,&quot;tooltipMy&quot;:&quot;left center&quot;,&quot;tooltipAt&quot;:&quot;right center&quot;,&quot;isRtl&quot;:false,&quot;scrollOffset&quot;:-50,&quot;scrollSpeed&quot;:800}\"><button class=\"quform-default-submit\" name=\"quform_submit\" type=\"submit\" value=\"submit\" aria-hidden=\"true\"><\/button><div class=\"quform-form-inner quform-form-inner-1\"><input type=\"hidden\" name=\"quform_form_id\" value=\"1\" \/><input type=\"hidden\" name=\"quform_form_uid\" value=\"e37998\" \/><input type=\"hidden\" name=\"quform_count\" value=\"1\" \/><input type=\"hidden\" name=\"form_url\" value=\"https:\/\/iucerrahpasavakfi.org.tr\/index.php?rest_route=%2Fwp%2Fv2%2Fpages%2F1401\" \/><input type=\"hidden\" name=\"referring_url\" value=\"\" \/><input type=\"hidden\" name=\"post_id\" value=\"\" \/><input type=\"hidden\" name=\"post_title\" value=\"\" \/><input type=\"hidden\" name=\"quform_current_page_id\" value=\"1\" \/><input type=\"hidden\" name=\"quform_csrf_token\" value=\"bFLYxAUw4F2P1XNJd0bfUv0hDJeeYF2ZuzgKNXFA\" \/><div class=\"quform-form-title-description\"><h2 class=\"quform-form-title\">Bize Ula\u015f\u0131n<\/h2><\/div><div class=\"quform-elements quform-elements-1 quform-cf quform-responsive-elements-phone-portrait\"><div class=\"quform-element quform-element-page quform-page-1 quform-page-1_1 quform-cf quform-group-style-plain quform-first-page quform-last-page quform-current-page\"><div class=\"quform-child-elements\"><div class=\"quform-element quform-element-name quform-element-1_4 quform-cf quform-element-optional\"><div class=\"quform-spacer\"><div class=\"quform-label quform-label-1_4\"><span class=\"quform-label-icon\"><i class=\"fa fa-user\"><\/i><\/span><label class=\"quform-label-text\" id=\"quform_1_4_e37998_label\">Ki\u015fisel Bilgileriniz<\/label><\/div><div class=\"quform-inner quform-inner-name quform-inner-1_4\"><div class=\"quform-input quform-input-name quform-input-1_4 quform-cf\"><div class=\"quform-element-row quform-2-columns quform-element-row-size-fixed quform-responsive-columns-phone-portrait\"><div class=\"quform-element-column\"><div class=\"quform-element quform-element-text quform-element-1_4_2 quform-cf quform-element-optional\"><div class=\"quform-spacer\"><div class=\"quform-inner quform-inner-text quform-inner-1_4_2\"><div class=\"quform-input quform-input-text quform-input-1_4_2 quform-cf\"><input type=\"text\" id=\"quform_1_4_2_e37998\" name=\"quform_1_4[2]\" class=\"quform-field quform-field-text quform-field-1_4_2\" aria-labelledby=\"quform_1_4_e37998_label quform_1_4_2_e37998_sub_label_below\" \/><\/div><label id=\"quform_1_4_2_e37998_sub_label_below\" class=\"quform-sub-label quform-sub-label-below\">Ad\u0131n\u0131z<\/label><\/div><\/div><\/div><\/div><div class=\"quform-element-column\"><div class=\"quform-element quform-element-text quform-element-1_4_4 quform-cf quform-element-optional\"><div class=\"quform-spacer\"><div class=\"quform-inner quform-inner-text quform-inner-1_4_4\"><div class=\"quform-input quform-input-text quform-input-1_4_4 quform-cf\"><input type=\"text\" id=\"quform_1_4_4_e37998\" name=\"quform_1_4[4]\" class=\"quform-field quform-field-text quform-field-1_4_4\" aria-labelledby=\"quform_1_4_e37998_label quform_1_4_4_e37998_sub_label_below\" \/><\/div><label id=\"quform_1_4_4_e37998_sub_label_below\" class=\"quform-sub-label quform-sub-label-below\">Soyad\u0131n\u0131z<\/label><\/div><\/div><\/div><\/div><\/div><\/div><\/div><\/div><\/div><div class=\"quform-element quform-element-row quform-element-row-1_15 quform-2-columns quform-element-row-size-fixed quform-responsive-columns-phone-portrait\"><div class=\"quform-element quform-element-column quform-element-1_16\"><div class=\"quform-element quform-element-email quform-element-1_5 quform-cf quform-element-required\"><div class=\"quform-spacer\"><div class=\"quform-label quform-label-1_5\"><span class=\"quform-label-icon\"><i class=\"fa fa-envelope\"><\/i><\/span><label class=\"quform-label-text\" for=\"quform_1_5_e37998\">e-Posta Adresiniz<span class=\"quform-required\">*<\/span><\/label><\/div><div class=\"quform-inner quform-inner-email quform-inner-1_5\"><div class=\"quform-input quform-input-email quform-input-1_5 quform-cf\"><input type=\"email\" id=\"quform_1_5_e37998\" name=\"quform_1_5\" class=\"quform-field quform-field-email quform-field-1_5\" \/><\/div><\/div><\/div><\/div><\/div><div class=\"quform-element quform-element-column quform-element-1_17\"><div class=\"quform-element quform-element-text quform-element-1_7 quform-cf quform-element-optional\"><div class=\"quform-spacer\"><div class=\"quform-label quform-label-1_7\"><span class=\"quform-label-icon\"><i class=\"fa fa-phone\"><\/i><\/span><label class=\"quform-label-text\" for=\"quform_1_7_e37998\">Telefon Numaran\u0131z<\/label><\/div><div class=\"quform-inner quform-inner-text quform-inner-1_7\"><div class=\"quform-input quform-input-text quform-input-1_7 quform-cf\"><input type=\"text\" id=\"quform_1_7_e37998\" name=\"quform_1_7\" class=\"quform-field quform-field-text quform-field-1_7\" \/><\/div><\/div><\/div><\/div><\/div><\/div><div class=\"quform-element quform-element-textarea quform-element-1_6 quform-cf quform-element-required\"><div class=\"quform-spacer\"><div class=\"quform-label quform-label-1_6\"><span class=\"quform-label-icon\"><i class=\"fa fa-comment\"><\/i><\/span><label class=\"quform-label-text\" for=\"quform_1_6_e37998\">Mesaj\u0131n\u0131z<span class=\"quform-required\">*<\/span><\/label><\/div><div class=\"quform-inner quform-inner-textarea quform-inner-1_6\"><div class=\"quform-input quform-input-textarea quform-input-1_6 quform-cf\"><textarea id=\"quform_1_6_e37998\" name=\"quform_1_6\" class=\"quform-field quform-field-textarea quform-field-1_6\"><\/textarea><\/div><\/div><\/div><\/div><div class=\"quform-element quform-element-captcha quform-element-1_23 quform-cf quform-element-required\"><div class=\"quform-spacer\"><div class=\"quform-label quform-label-1_23\"><label class=\"quform-label-text\" for=\"quform_1_23_e37998\">L\u00fctfen karakterleri yaz\u0131n.<span class=\"quform-required\">*<\/span><\/label><\/div><div class=\"quform-inner quform-inner-captcha quform-inner-1_23\"><div class=\"quform-input quform-input-captcha quform-input-1_23 quform-cf\"><input type=\"text\" id=\"quform_1_23_e37998\" name=\"quform_1_23\" class=\"quform-field quform-field-captcha quform-field-1_23\" \/><\/div><div class=\"quform-captcha quform-cf\"><div class=\"quform-captcha-image quform-captcha-image-1_23\"><img src=\"data:image\/png;base64,iVBORw0KGgoAAAANSUhEUgAAAOYAAABQBAMAAAD\/1xTgAAAAIVBMVEX\/\/\/8iIiLj4+OsrKw9PT2QkJDHx8dZWVl0dHQ2NjZSUlJNWRSTAAAACXBIWXMAAA7EAAAOxAGVKw4bAAAEfUlEQVRoge1Yz1PbRhReVpbsYxcEdm6yE0qPCALlaAWTMD1FaexytEnjyRFlwsCxdt3Ef3beL8krYyMCdmY6o2+IFS\/Sfu\/H995boVSJEiVKlChRokSJEiUI3mEwv3CwZkonMn7fXvhkjDldG513Me2pGCga1mLNIK7WRAkeGuNbFPridl8ltNAoePaR0JHJsI0LLiz4J\/DvC6z018L5IiX8BjT6JPksNtQDtWfMP2vhHAml7xnzzPIZ2SLTxltagEulnh8eHnW7755OqWH7sw\/v4bMHnEz37+\/wEZA9myAxNuS1K8YET+aEnepwAdm2E\/MHbfpZqYHx8Zeh2VGqInGQq9l\/MifUxCZT7zh\/tjrXhthgFX\/ZRFUJV70q3MEqOKlCIhYt1Ai4phxWbAVjwLH1xxoTcNb9ITd1azjsq6OL6c2tZWrKmUgtxuQ2ZPktXKocYtR2nT6L6rWV\/0r6rLuZJsUQML5t+0kpxK9oiSuK8ahfRGzIPXDMWd\/2krNRnWtpI+kEEMwtWmjyNSFLvFQxA3CxWuwmpN5u2szp1\/J+sttjdI9iio\/RxrkQs6NRcftFj3rD2fcRtNQ3X1X3vWnMVpvs\/e0kc15SOGB3o9S8kCwuoFSaE2jJjOM1EIfSrU7SxtNPPQ+UVAmG\/vTbGP\/j4B2vijgVjwarnGKSR2z30BgiGRp7hHhWlSgdG24Z1DQe0vB5r5lxG7RvZD8agk06yeWYU1jDQNKUE87BgzoQhqODj3w45gUXm4uXywrk8zRwkDQ7EnCVwMMTn7O9Je6nyr4PVdQtjCPQRyPABY2WulKHmRnG\/6qPusfZ0gizrinL2HjOe7T6wkr5PWhS+jhw27LdFSTKkpAM7HN7r9BstmTA9TrXl7P74GeniDMUmc6yhZJt2kWmZXj6VqbwgVfc1YNsEfvB3gP6e0JigC2uJ5KKKvgb20r4O62TjFSfoOfb8HF+nNvLXKGvBdWiudBivG\/EwnHgEtkzd3YsSH3iwbXzMg0qo5b2+AJHXeaJ0NuapD8yl3bPBHHW++r5hGh4qTnfSAgxeYiOtu\/lrJJwPPJWS22F5j9bB6DaX\/C6G2WarMwFNbXNbwVqCKmod3tLGTVYjAKtcUnLlhU4x1qWuqndTuaB7vbnt3I5A1tOrkcuQNJISKAVUo\/DRw0qR2sEZgMMdbm0DkT5MgaXz1CaXPsq7eg1ySIuB\/m7ZAeTaxWLOGUMLveTOLH7jMjbjdSfkXRPAZSAz+fVaPk8hsB3Op2bsbqYTqfd7vKXtZdI2v5VsbchaGUPazDMh5A6Gh4n3Ic000J8xFZlzjmRCfShCOmS\/KiXd5U3N5HJtcTHwpvgGwiFDCLd1+hJbf4U\/lvWFFb0ZjIkpZ1y\/4FCff0xuqOUjHQFR2WCRy384ABlK+e+O6eoXR48ZrwaSgC+7PxlvmAqY+pqd2+hru4v7y4\/DjgD0HCSY+Xiem61Fi4\/GvpgQ0K3e3O77j+EZPAwY4VH0xWDXqiCn0wKw2qBeNYN3f\/5nCVKlChR4v+O7zuxvbqmbvdvAAAAAElFTkSuQmCC\" alt=\"CAPTCHA Resmi\" data-element-id=\"23\" width=\"115\" height=\"40\" \/><\/div><\/div><p class=\"quform-description quform-description-below\">Bu spam \u00f6nlememize yard\u0131mc\u0131 olur, te\u015fekk\u00fcrler.<\/p><\/div><\/div><\/div><div class=\"quform-element quform-element-submit quform-element-1_2 quform-cf quform-button-style-theme quform-button-width-small\"><div class=\"quform-button-submit quform-button-submit-default quform-button-submit-1_2 quform-button-icon-right\"><button name=\"quform_submit\" type=\"submit\" class=\"quform-submit\" value=\"submit\"><span class=\"quform-button-text quform-button-submit-text\">G\u00f6nder<\/span><span class=\"quform-button-icon quform-button-submit-icon\"><i class=\"qicon-send\"><\/i><\/span><\/button><\/div><div class=\"quform-loading quform-loading-position-left quform-loading-type-spinner-1\"><div class=\"quform-loading-inner\"><div class=\"quform-loading-spinner\"><div class=\"quform-loading-spinner-inner\"><\/div><\/div><\/div><\/div><\/div><div class=\"quform-element-tree\"><label for=\"quform_1_0_e37998\">Bu alan bo\u015f b\u0131rak\u0131lmal\u0131d\u0131r<\/label><input type=\"text\" id=\"quform_1_0_e37998\" name=\"quform_1_0\" class=\"quform-field quform-field-tree quform-field-1_0\" tabindex=\"-1\" autocomplete=\"off\" \/><\/div><\/div><\/div><\/div><\/div><\/form><\/div>\n\n\t\t<\/div>\n\t<\/div>\n<div class=\"vc_row wpb_row vc_inner vc_row-fluid\"><div class=\"wpb_column vc_column_container vc_col-sm-7\"><div class=\"vc_column-inner vc_custom_1517216540229\"><div class=\"wpb_wrapper\"><\/div><\/div><\/div><\/div><\/div><\/div><\/div><\/div><div class=\"vc_row wpb_row vc_row-fluid themesflat_1777048909\"><div class=\"row_overlay\" style=\"\"><\/div><div class=\"wpb_column vc_column_container vc_col-sm-12\"><div class=\"vc_column-inner\"><div class=\"wpb_wrapper\"><\/div><\/div><\/div><\/div>\n","protected":false},"excerpt":{"rendered":"E-mail bilgi@iucerrahpasavakfi.org.tr Telefon +90 (533) 253 14 53 WhatsApp +90 (533) 253 14 53 Adres Molla [...]","protected":false},"author":1,"featured_media":0,"parent":0,"menu_order":0,"comment_status":"closed","ping_status":"closed","template":"tpl\/page_fullwidth.php","meta":[],"_links":{"self":[{"href":"https:\/\/iucerrahpasavakfi.org.tr\/index.php?rest_route=\/wp\/v2\/pages\/1401"}],"collection":[{"href":"https:\/\/iucerrahpasavakfi.org.tr\/index.php?rest_route=\/wp\/v2\/pages"}],"about":[{"href":"https:\/\/iucerrahpasavakfi.org.tr\/index.php?rest_route=\/wp\/v2\/types\/page"}],"author":[{"embeddable":true,"href":"https:\/\/iucerrahpasavakfi.org.tr\/index.php?rest_route=\/wp\/v2\/users\/1"}],"replies":[{"embeddable":true,"href":"https:\/\/iucerrahpasavakfi.org.tr\/index.php?rest_route=%2Fwp%2Fv2%2Fcomments&post=1401"}],"version-history":[{"count":14,"href":"https:\/\/iucerrahpasavakfi.org.tr\/index.php?rest_route=\/wp\/v2\/pages\/1401\/revisions"}],"predecessor-version":[{"id":2775,"href":"https:\/\/iucerrahpasavakfi.org.tr\/index.php?rest_route=\/wp\/v2\/pages\/1401\/revisions\/2775"}],"wp:attachment":[{"href":"https:\/\/iucerrahpasavakfi.org.tr\/index.php?rest_route=%2Fwp%2Fv2%2Fmedia&parent=1401"}],"curies":[{"name":"wp","href":"https:\/\/api.w.org\/{rel}","templated":true}]}}