{"id":1684,"date":"2020-12-07T18:52:33","date_gmt":"2020-12-07T15:52:33","guid":{"rendered":"https:\/\/iucerrahpasavakfi.org.tr\/?page_id=1684"},"modified":"2021-07-27T13:23:57","modified_gmt":"2021-07-27T10:23:57","slug":"baskanin-mesaji","status":"publish","type":"page","link":"https:\/\/iucerrahpasavakfi.org.tr\/?page_id=1684","title":{"rendered":"BA\u015eKAN&#8217;IN MESAJI"},"content":{"rendered":"<div class=\"vc_row wpb_row vc_row-fluid themesflat_1776007389\"><div class=\"row_overlay\" style=\"\"><\/div><div class=\"wpb_column vc_column_container vc_col-sm-3\"><div class=\"vc_column-inner\"><div class=\"wpb_wrapper\">\n\t<div  class=\"wpb_single_image wpb_content_element vc_align_right  vc_custom_1617960856244\">\n\t\t\n\t\t<figure class=\"wpb_wrapper vc_figure\">\n\t\t\t<div class=\"vc_single_image-wrapper   vc_box_border_grey\"><img width=\"736\" height=\"1104\" src=\"https:\/\/iucerrahpasavakfi.org.tr\/wp-content\/uploads\/2020\/12\/nuriaydin-1.jpg\" class=\"vc_single_image-img attachment-full\" alt=\"\" loading=\"lazy\" srcset=\"https:\/\/iucerrahpasavakfi.org.tr\/wp-content\/uploads\/2020\/12\/nuriaydin-1.jpg 736w, https:\/\/iucerrahpasavakfi.org.tr\/wp-content\/uploads\/2020\/12\/nuriaydin-1-200x300.jpg 200w, https:\/\/iucerrahpasavakfi.org.tr\/wp-content\/uploads\/2020\/12\/nuriaydin-1-683x1024.jpg 683w, https:\/\/iucerrahpasavakfi.org.tr\/wp-content\/uploads\/2020\/12\/nuriaydin-1-600x900.jpg 600w\" sizes=\"(max-width: 736px) 100vw, 736px\" \/><\/div>\n\t\t<\/figure>\n\t<\/div>\n<\/div><\/div><\/div><div class=\"wpb_column vc_column_container vc_col-sm-9\"><div class=\"vc_column-inner\"><div class=\"wpb_wrapper\">\n\t<div class=\"wpb_text_column wpb_content_element \" >\n\t\t<div class=\"wpb_wrapper\">\n\t\t\t<p style=\"text-align: justify;\">\u0130stanbul \u00dcniversitesi-Cerrahpa\u015fa Geli\u015ftirme Vakf\u0131\u2019n\u0131n kurulu\u015f \u00e7al\u0131\u015fmalar\u0131, 2018 y\u0131l\u0131nda \u0130stanbul \u00dcniversitesi\u2019nin b\u00f6l\u00fcnmesiyle birlikte (yeniden) kurulan \u0130stanbul \u00dcniversitesi-Cerrahpa\u015fa\u2019n\u0131n ihtiya\u00e7lar\u0131 do\u011frultusunda, bir grup \u00d6\u011fretim \u00dcyesi taraf\u0131ndan ba\u015flat\u0131lm\u0131\u015f ve yakla\u015f\u0131k bir y\u0131ll\u0131k zaman diliminde kurulu\u015fu tamamlanm\u0131\u015ft\u0131r.<\/p>\n<p style=\"text-align: justify;\">\u0130stanbul \u00dcniversitesi-Cerrahpa\u015fa Geli\u015ftirme Vakf\u0131, yaln\u0131zca Kurucu M\u00fctevelli Heyeti \u00dcyesi \u00d6\u011fretim \u00dcyelerinin \u015fahsi ba\u011f\u0131\u015flar\u0131yla birlikte kurulmu\u015f olan bir vak\u0131f stat\u00fcs\u00fcndedir. Vakf\u0131m\u0131z\u0131n amac\u0131, \u0130stanbul \u00dcniversitesi-Cerrahpa\u015fa b\u00fcnyesinde bulunan t\u00fcm birimlerin desteklenmesi; e\u011fitim-\u00f6\u011fretim, sa\u011fl\u0131k, bilimsel ara\u015ft\u0131rma ve geli\u015ftirme, spor, sosyal aktivite, k\u00fclt\u00fcr ve sanat gibi konularda, \u00e7al\u0131\u015fanlar aras\u0131nda birlik, beraberlik ve dayan\u0131\u015fma sa\u011flamakt\u0131r. \u00dcniversitemizin t\u00fcm birimlerini destekleme misyonu ile yola \u00e7\u0131kan Vakf\u0131m\u0131z\u0131n di\u011fer bir amac\u0131 da \u00dcniversitemiz \u00e7al\u0131\u015fanlar\u0131 aras\u0131nda sosyal dayan\u0131\u015fmay\u0131 ve birlikteli\u011fi \u00f6ne \u00e7\u0131kararak \u0130stanbul \u00dcniversitesi-Cerrahpa\u015fa mezunlar\u0131 ve mensuplar\u0131n\u0131n her y\u00f6nden etkinli\u011fini ve sayg\u0131nl\u0131\u011f\u0131n\u0131 artt\u0131r\u0131c\u0131 \u00e7al\u0131\u015fmalar yapmakt\u0131r.<\/p>\n<p style=\"text-align: justify;\">Bu kapsamda, \u00dcniversitemizde e\u011fitim g\u00f6ren ba\u015far\u0131l\u0131 ve ihtiya\u00e7 sahibi \u00f6\u011frencilerin desteklenerek bunlar\u0131n aktif bir \u015fekilde e\u011fitim almalar\u0131n\u0131 sa\u011flamak da Vakf\u0131m\u0131z\u0131n \u00f6ncelikli hedefleri aras\u0131ndad\u0131r. Vakf\u0131m\u0131z, bug\u00fcn itibari ile yeni kurulmu\u015f gen\u00e7 bir Vak\u0131ft\u0131r. Ancak, \u0130stanbul \u00dcniversitesi-Cerrahpa\u015fa\u2019n\u0131n tecr\u00fcbeli ve k\u0131demli e\u011fitim kadrosuyla, bundan sonraki y\u0131llarda etkinli\u011fini giderek art\u0131raca\u011f\u0131na inan\u0131yorum. D\u00fcnyada s\u00f6z sahibi olmu\u015f e\u011fitim kurumlar\u0131n\u0131n b\u00fcy\u00fck \u00e7o\u011funlu\u011funun arkas\u0131nda, onlar\u0131 destekleyen vak\u0131flar bulunmaktad\u0131r. Bu vak\u0131flar, bir taraftan e\u011fitimi desteklerken ayn\u0131 zamanda \u00e7al\u0131\u015fanlar\u0131n sa\u011fl\u0131k, spor, k\u00fclt\u00fcrel aktivitelerini de desteklemekte ve \u00dcniversitenin geli\u015fmesi i\u00e7in b\u00fcy\u00fck katk\u0131 sa\u011flamaktad\u0131r. Tabiidir ki bu katk\u0131lar, de\u011ferli ba\u011f\u0131\u015f\u00e7\u0131lar\u0131n katk\u0131lar\u0131yla ger\u00e7ekle\u015fmektedir.<\/p>\n<p style=\"text-align: justify;\">K\u0131sa bir zaman i\u00e7erisinde kurulu\u015funu ger\u00e7ekle\u015ftirdi\u011fimiz ve hayata ge\u00e7irdi\u011fimiz \u0130stanbul \u00dcniversitesi-Cerrahpa\u015fa Geli\u015ftirme Vakf\u0131\u2019n\u0131n y\u0131llar i\u00e7erisinde b\u00fcy\u00fcyerek ve geli\u015ferek daha ileri noktalara ula\u015faca\u011f\u0131 inanc\u0131n\u0131 ta\u015f\u0131maktay\u0131m. B\u00fct\u00fcn bunlar\u0131 yaparken, bu Vakf\u0131n t\u00fcm \u00dcniversitemizin Vakf\u0131 oldu\u011funu tekrar hat\u0131rlat\u0131yor, bundan sonra Vakf\u0131m\u0131za yapaca\u011f\u0131n\u0131z desteklerden \u00f6t\u00fcr\u00fc \u015fimdiden sizlere te\u015fekk\u00fcr ediyorum.<\/p>\n\n\t\t<\/div>\n\t<\/div>\n<div class=\"vc_empty_space\"   style=\"height: 32px\"><span class=\"vc_empty_space_inner\"><\/span><\/div>\n\t<div class=\"wpb_text_column wpb_content_element \" >\n\t\t<div class=\"wpb_wrapper\">\n\t\t\t<p style=\"text-align: right;\"><strong>Prof. Dr. Nuri AYDIN<br \/>\n<\/strong><strong>M\u00fctevelli Heyeti Ba\u015fkan\u0131<\/strong><\/p>\n\n\t\t<\/div>\n\t<\/div>\n<\/div><\/div><\/div><\/div><div class=\"vc_row wpb_row vc_row-fluid themesflat_1776007389\"><div class=\"row_overlay\" style=\"\"><\/div><div class=\"wpb_column vc_column_container vc_col-sm-12\"><div class=\"vc_column-inner\"><div class=\"wpb_wrapper\"><div class=\"vc_empty_space\"   style=\"height: 32px\"><span class=\"vc_empty_space_inner\"><\/span><\/div><\/div><\/div><\/div><\/div>\n","protected":false},"excerpt":{"rendered":"\u0130stanbul \u00dcniversitesi-Cerrahpa\u015fa Geli\u015ftirme Vakf\u0131\u2019n\u0131n kurulu\u015f \u00e7al\u0131\u015fmalar\u0131, 2018 y\u0131l\u0131nda \u0130stanbul \u00dcniversitesi\u2019nin b\u00f6l\u00fcnmesiyle birlikte (yeniden) kurulan \u0130stanbul \u00dcniversitesi-Cerrahpa\u015fa\u2019n\u0131n [...]","protected":false},"author":1,"featured_media":0,"parent":0,"menu_order":0,"comment_status":"closed","ping_status":"closed","template":"tpl\/page_fullwidth.php","meta":[],"_links":{"self":[{"href":"https:\/\/iucerrahpasavakfi.org.tr\/index.php?rest_route=\/wp\/v2\/pages\/1684"}],"collection":[{"href":"https:\/\/iucerrahpasavakfi.org.tr\/index.php?rest_route=\/wp\/v2\/pages"}],"about":[{"href":"https:\/\/iucerrahpasavakfi.org.tr\/index.php?rest_route=\/wp\/v2\/types\/page"}],"author":[{"embeddable":true,"href":"https:\/\/iucerrahpasavakfi.org.tr\/index.php?rest_route=\/wp\/v2\/users\/1"}],"replies":[{"embeddable":true,"href":"https:\/\/iucerrahpasavakfi.org.tr\/index.php?rest_route=%2Fwp%2Fv2%2Fcomments&post=1684"}],"version-history":[{"count":7,"href":"https:\/\/iucerrahpasavakfi.org.tr\/index.php?rest_route=\/wp\/v2\/pages\/1684\/revisions"}],"predecessor-version":[{"id":1780,"href":"https:\/\/iucerrahpasavakfi.org.tr\/index.php?rest_route=\/wp\/v2\/pages\/1684\/revisions\/1780"}],"wp:attachment":[{"href":"https:\/\/iucerrahpasavakfi.org.tr\/index.php?rest_route=%2Fwp%2Fv2%2Fmedia&parent=1684"}],"curies":[{"name":"wp","href":"https:\/\/api.w.org\/{rel}","templated":true}]}}