{"id":1746,"date":"2020-12-07T21:41:58","date_gmt":"2020-12-07T18:41:58","guid":{"rendered":"https:\/\/iucerrahpasavakfi.org.tr\/?page_id=1746"},"modified":"2021-04-15T10:48:49","modified_gmt":"2021-04-15T07:48:49","slug":"prof-dr-erol-ince","status":"publish","type":"page","link":"https:\/\/iucerrahpasavakfi.org.tr\/?page_id=1746","title":{"rendered":"Prof. Dr. Erol \u0130nce"},"content":{"rendered":"<div class=\"vc_row wpb_row vc_row-fluid themesflat_1777049105\"><div class=\"row_overlay\" style=\"\"><\/div><div class=\"wpb_column vc_column_container vc_col-sm-3\"><div class=\"vc_column-inner\"><div class=\"wpb_wrapper\">\n\t<div  class=\"wpb_single_image wpb_content_element vc_align_center\">\n\t\t\n\t\t<figure class=\"wpb_wrapper vc_figure\">\n\t\t\t<div class=\"vc_single_image-wrapper vc_box_border  vc_box_border_grey\"><img width=\"736\" height=\"1104\" src=\"https:\/\/iucerrahpasavakfi.org.tr\/wp-content\/uploads\/2020\/12\/erolince.jpg\" class=\"vc_single_image-img attachment-full\" alt=\"\" loading=\"lazy\" srcset=\"https:\/\/iucerrahpasavakfi.org.tr\/wp-content\/uploads\/2020\/12\/erolince.jpg 736w, https:\/\/iucerrahpasavakfi.org.tr\/wp-content\/uploads\/2020\/12\/erolince-200x300.jpg 200w, https:\/\/iucerrahpasavakfi.org.tr\/wp-content\/uploads\/2020\/12\/erolince-683x1024.jpg 683w, https:\/\/iucerrahpasavakfi.org.tr\/wp-content\/uploads\/2020\/12\/erolince-600x900.jpg 600w\" sizes=\"(max-width: 736px) 100vw, 736px\" \/><\/div>\n\t\t<\/figure>\n\t<\/div>\n<div class=\"vc_empty_space\"   style=\"height: 10px\"><span class=\"vc_empty_space_inner\"><\/span><\/div><\/div><\/div><\/div><div class=\"wpb_column vc_column_container vc_col-sm-9\"><div class=\"vc_column-inner\"><div class=\"wpb_wrapper\">\n\t<div class=\"wpb_text_column wpb_content_element \" >\n\t\t<div class=\"wpb_wrapper\">\n\t\t\t<div style=\"text-align: justify;\">\n<div class=\"page_content_wrap\">\n<div class=\"content_wrap\">\n<div class=\"content\">\n<article id=\"post-206\" class=\"team_member_page itemscope post-206 cpt_team type-cpt_team status-publish has-post-thumbnail hentry cpt_team_group-mutevelli-heyet-uyeleri\">\n<div class=\"team_member_content entry-content\">\n<div class=\"page_content_wrap\">\n<div class=\"content_wrap\">\n<div class=\"content\">\n<article id=\"post-206\" class=\"team_member_page itemscope post-206 cpt_team type-cpt_team status-publish has-post-thumbnail hentry cpt_team_group-mutevelli-heyet-uyeleri\">\n<div class=\"team_member_content entry-content\">\n<p>Prof. Dr. Erol \u0130nce, 1991 y\u0131l\u0131nda \u0130stanbul \u00dcniversitesi M\u00fchendislik Fak\u00fcltesi Kimya M\u00fchendisli\u011fi B\u00f6l\u00fcm\u00fcnden mezun olmu\u015ftur. 1994 y\u0131l\u0131nda \u0130stanbul \u00dcniversitesi Fen Bilimleri Enstit\u00fcs\u00fc Kimya M\u00fchendisli\u011fi Anabilim Dal\u0131nda Y\u00fcksek Lisans\u0131n\u0131, 1998 y\u0131l\u0131nda ayn\u0131 Anabilim Dal\u0131nda Doktoras\u0131n\u0131 tamamlam\u0131\u015ft\u0131r. 2003 y\u0131l\u0131nda Yard\u0131mc\u0131 Do\u00e7ent, 2009 y\u0131l\u0131nda Do\u00e7ent, 2015 y\u0131l\u0131nda da Profes\u00f6r unvan\u0131 alm\u0131\u015ft\u0131r.<\/p>\n<p>Prof. Dr. Erol \u0130nce, 2006-2007 ve 2010-2013 y\u0131llar\u0131 aras\u0131nda Kimya M\u00fchendisli\u011fi B\u00f6l\u00fcm Ba\u015fkan Yard\u0131mc\u0131l\u0131\u011f\u0131, 2011-2015 y\u0131llar\u0131 aras\u0131nda da \u0130stanbul \u00dcniversitesi, M\u00fchendislik Fak\u00fcltesi Dekan Yard\u0131mc\u0131l\u0131\u011f\u0131 g\u00f6revlerini yapm\u0131\u015ft\u0131r. Nisan 2015 tarihinden itibaren \u0130stanbul \u00dcniversitesi Teknoloji Transfer Uygulama ve Ara\u015ft\u0131rma Merkez M\u00fcd\u00fcrl\u00fc\u011f\u00fc, AB ve Uluslararas\u0131 Projeler Ofisi Y\u00f6netim Kurulu \u00dcyeli\u011fi, Patent De\u011ferlendirme Kurul Ba\u015fkanl\u0131\u011f\u0131, M\u00fchendislik Fak\u00fcltesi Fak\u00fclte Kurulu \u00fcyeli\u011fi, \u00dcniversite-Sanayi \u0130\u015fbirli\u011finden Sorumlu Rekt\u00f6r Dan\u0131\u015fmanl\u0131\u011f\u0131, Nisan 2015 tarihinden itibaren 1513 TTO Projesinde Destek Programlar\u0131 Mod\u00fcl sorumlulu\u011fu ve 2017 y\u0131l\u0131ndan itibaren de 1513 TTO Proje Y\u00fcr\u00fct\u00fcc\u00fcl\u00fc\u011f\u00fc g\u00f6revlerini 2018 y\u0131l\u0131 sonuna kadar s\u00fcrd\u00fcrm\u00fc\u015ft\u00fcr. Bunun yan\u0131nda, 2018 y\u0131l\u0131ndan bu yana Spor Bilimleri Fak\u00fcltesi Fak\u00fclte Kurulu \u00fcyeli\u011fi ve \u015eubat 2019 \u2013 Kas\u0131m 2019 tarihleri aras\u0131nda da Spor Bilimleri Fak\u00fcltesi Vekil Dekanl\u0131k g\u00f6revlerini y\u00fcr\u00fctm\u00fc\u015ft\u00fcr.<\/p>\n<p>May\u0131s 2018 tarihinde \u0130stanbul \u00dcniversitesi-Cerrahpa\u015fa\u2019n\u0131n kurulu\u015funda Genel Sekreter olarak g\u00f6rev yapm\u0131\u015f ve Temmuz 2018 tarihinden itibaren de Ara\u015ft\u0131rmadan Sorumlu Rekt\u00f6r Yard\u0131mc\u0131s\u0131 olarak g\u00f6rev yapmaktad\u0131r.<br \/>\nProf. Dr. Erol \u0130nce\u2019 nin alan\u0131nda ulusal ve uluslararas\u0131 endeksli dergilerde \u00e7ok say\u0131da makalesi, tescilli patenti, BAP, T\u00dcB\u0130TAK ve \u0130STKA (\u0130stanbul Kalk\u0131nma Ajans\u0131) projeleri bulunmaktad\u0131r.<\/p>\n<\/div>\n<\/article>\n<\/div>\n<\/div>\n<\/div>\n<\/div>\n<\/article>\n<\/div>\n<\/div>\n<\/div>\n<\/div>\n\n\t\t<\/div>\n\t<\/div>\n<\/div><\/div><\/div><\/div><div class=\"vc_row wpb_row vc_row-fluid themesflat_1777049105\"><div class=\"row_overlay\" style=\"\"><\/div><div class=\"wpb_column vc_column_container vc_col-sm-12\"><div class=\"vc_column-inner\"><div class=\"wpb_wrapper\"><div class=\"vc_empty_space\"   style=\"height: 32px\"><span class=\"vc_empty_space_inner\"><\/span><\/div><\/div><\/div><\/div><\/div>\n","protected":false},"excerpt":{"rendered":"Prof. Dr. Erol \u0130nce, 1991 y\u0131l\u0131nda \u0130stanbul \u00dcniversitesi M\u00fchendislik Fak\u00fcltesi Kimya M\u00fchendisli\u011fi B\u00f6l\u00fcm\u00fcnden mezun olmu\u015ftur. 1994 [...]","protected":false},"author":1,"featured_media":0,"parent":0,"menu_order":0,"comment_status":"closed","ping_status":"closed","template":"tpl\/page_fullwidth.php","meta":[],"_links":{"self":[{"href":"https:\/\/iucerrahpasavakfi.org.tr\/index.php?rest_route=\/wp\/v2\/pages\/1746"}],"collection":[{"href":"https:\/\/iucerrahpasavakfi.org.tr\/index.php?rest_route=\/wp\/v2\/pages"}],"about":[{"href":"https:\/\/iucerrahpasavakfi.org.tr\/index.php?rest_route=\/wp\/v2\/types\/page"}],"author":[{"embeddable":true,"href":"https:\/\/iucerrahpasavakfi.org.tr\/index.php?rest_route=\/wp\/v2\/users\/1"}],"replies":[{"embeddable":true,"href":"https:\/\/iucerrahpasavakfi.org.tr\/index.php?rest_route=%2Fwp%2Fv2%2Fcomments&post=1746"}],"version-history":[{"count":2,"href":"https:\/\/iucerrahpasavakfi.org.tr\/index.php?rest_route=\/wp\/v2\/pages\/1746\/revisions"}],"predecessor-version":[{"id":1986,"href":"https:\/\/iucerrahpasavakfi.org.tr\/index.php?rest_route=\/wp\/v2\/pages\/1746\/revisions\/1986"}],"wp:attachment":[{"href":"https:\/\/iucerrahpasavakfi.org.tr\/index.php?rest_route=%2Fwp%2Fv2%2Fmedia&parent=1746"}],"curies":[{"name":"wp","href":"https:\/\/api.w.org\/{rel}","templated":true}]}}