{"id":1751,"date":"2020-12-07T21:44:18","date_gmt":"2020-12-07T18:44:18","guid":{"rendered":"https:\/\/iucerrahpasavakfi.org.tr\/?page_id=1751"},"modified":"2024-11-25T10:03:22","modified_gmt":"2024-11-25T07:03:22","slug":"prof-dr-saffet-tuzgen","status":"publish","type":"page","link":"https:\/\/iucerrahpasavakfi.org.tr\/?page_id=1751","title":{"rendered":"Prof. Dr. Saffet T\u00fczgen"},"content":{"rendered":"<div class=\"vc_row wpb_row vc_row-fluid themesflat_1777049404\"><div class=\"row_overlay\" style=\"\"><\/div><div class=\"wpb_column vc_column_container vc_col-sm-3\"><div class=\"vc_column-inner\"><div class=\"wpb_wrapper\">\n\t<div  class=\"wpb_single_image wpb_content_element vc_align_center\">\n\t\t\n\t\t<figure class=\"wpb_wrapper vc_figure\">\n\t\t\t<div class=\"vc_single_image-wrapper vc_box_border  vc_box_border_grey\"><img width=\"736\" height=\"1104\" src=\"https:\/\/iucerrahpasavakfi.org.tr\/wp-content\/uploads\/2021\/02\/SaffetTuzgenYeni.jpg\" class=\"vc_single_image-img attachment-full\" alt=\"\" loading=\"lazy\" srcset=\"https:\/\/iucerrahpasavakfi.org.tr\/wp-content\/uploads\/2021\/02\/SaffetTuzgenYeni.jpg 736w, https:\/\/iucerrahpasavakfi.org.tr\/wp-content\/uploads\/2021\/02\/SaffetTuzgenYeni-200x300.jpg 200w, https:\/\/iucerrahpasavakfi.org.tr\/wp-content\/uploads\/2021\/02\/SaffetTuzgenYeni-683x1024.jpg 683w, https:\/\/iucerrahpasavakfi.org.tr\/wp-content\/uploads\/2021\/02\/SaffetTuzgenYeni-600x900.jpg 600w\" sizes=\"(max-width: 736px) 100vw, 736px\" \/><\/div>\n\t\t<\/figure>\n\t<\/div>\n<div class=\"vc_empty_space\"   style=\"height: 10px\"><span class=\"vc_empty_space_inner\"><\/span><\/div><\/div><\/div><\/div><div class=\"wpb_column vc_column_container vc_col-sm-9\"><div class=\"vc_column-inner\"><div class=\"wpb_wrapper\">\n\t<div class=\"wpb_text_column wpb_content_element \" >\n\t\t<div class=\"wpb_wrapper\">\n\t\t\t<div style=\"text-align: justify;\">\n<div class=\"page_content_wrap\">\n<div class=\"content_wrap\">\n<div class=\"content\">\n<article id=\"post-206\" class=\"team_member_page itemscope post-206 cpt_team type-cpt_team status-publish has-post-thumbnail hentry cpt_team_group-mutevelli-heyet-uyeleri\">\n<div class=\"team_member_content entry-content\">\n<div class=\"page_content_wrap\">\n<div class=\"content_wrap\">\n<div class=\"content\">\n<article id=\"post-206\" class=\"team_member_page itemscope post-206 cpt_team type-cpt_team status-publish has-post-thumbnail hentry cpt_team_group-mutevelli-heyet-uyeleri\">\n<div class=\"team_member_content entry-content\">\n<p>Prof. Dr. Saffet T\u00fczgen, 1981 y\u0131l\u0131nda Cerrahpa\u015fa T\u0131p Fak\u00fcltesi\u2019nden mezun oldu.\u00a0\u00a01982-1987 y\u0131llar\u0131 aras\u0131nda ayn\u0131 fak\u00fcltede ald\u0131\u011f\u0131 n\u00f6ro\u015fir\u00fcrji ihtisas e\u011fitimini takiben Cerrahpa\u015fa T\u0131p Fak\u00fcltesi N\u00f6ro\u015fir\u00fcrji Anabilim Dal\u0131\u2019nda uzman olarak g\u00f6reve ba\u015flad\u0131. 1994-1995 y\u0131llar\u0131 aras\u0131nda Londra ve Birmingham\u2019da N\u00f6ro\u015fir\u00fcrji ve Spinal Cerrahi Merkezlerinde \u00e7al\u0131\u015ft\u0131. 1997 y\u0131l\u0131nda ABD\u2019de \u2018Minesota Spine Center\u2019 da Omurga cerrahisi \u00fczerine klinik ve kadavra \u00e7al\u0131\u015fmalar\u0131nda bulundu. Prof. Dr. Saffet T\u00fczgen, 2004 y\u0131l\u0131nda Do\u00e7ent; 2009 y\u0131l\u0131nda ise Profes\u00f6r \u00fcnvan\u0131n\u0131 ald\u0131.<\/p>\n<p>Prof. Dr. T\u00fczgen\u2019in ulusal ve uluslararas\u0131 dergilerde yay\u0131nlanm\u0131\u015f 60\u2019\u0131n \u00fczerinde bilimsel makalesi; yurti\u00e7i ve yurtd\u0131\u015f\u0131nda yay\u0131nlanm\u0131\u015f 8 kitap b\u00f6l\u00fcm\u00fc yazarl\u0131\u011f\u0131 bulunmaktad\u0131r.\u00a0\u00a0Prof. T\u00fczgen ayn\u0131 zamanda\u00a0\u00a0\u2018\u2019Hastal\u0131k Hikayem\u2019\u2019 isimli \u00fc\u00e7 ciltlik kitab\u0131n ortak\u00a0\u00a0edit\u00f6r\u00fcd\u00fcr.<\/p>\n<p>T\u0131bbi ve t\u0131p d\u0131\u015f\u0131 bir\u00e7ok dernek ve vakf\u0131n kurulu\u015funda ve y\u00f6netiminde g\u00f6rev alan Prof. Dr. Saffet T\u00fczgen, 2009-2012 y\u0131llar\u0131 aras\u0131nda \u0130stanbul \u00dcniversitesi\u2019nde Sa\u011fl\u0131k, K\u00fclt\u00fcr ve Spor Daire Ba\u015fkanl\u0131\u011f\u0131; 2010-2016 y\u0131llar\u0131 aras\u0131nda Bezmialem \u00dcniversitesinin kurucu m\u00fctevelli heyet \u00fcyesi ve rekt\u00f6r\u00fc olarak idari g\u00f6revlerde bulunmu\u015ftur. \u0130yi derecede \u0130ngilizce ve Arap\u00e7a bilen Prof. Dr. T\u00fczgen, Cerrahpa\u015fa T\u0131p Fak\u00fcltesi N\u00f6ro\u015fir\u00fcrji Ana Bilim Dal\u0131\u2019nda \u00f6\u011fretim \u00fcyeli\u011fi yapm\u0131\u015f ve 2023 y\u0131l\u0131nda emekli olmu\u015ftur.<\/p>\n<\/div>\n<\/article>\n<\/div>\n<\/div>\n<\/div>\n<\/div>\n<\/article>\n<\/div>\n<\/div>\n<\/div>\n<\/div>\n\n\t\t<\/div>\n\t<\/div>\n<\/div><\/div><\/div><\/div><div class=\"vc_row wpb_row vc_row-fluid themesflat_1777049404\"><div class=\"row_overlay\" style=\"\"><\/div><div class=\"wpb_column vc_column_container vc_col-sm-12\"><div class=\"vc_column-inner\"><div class=\"wpb_wrapper\"><div class=\"vc_empty_space\"   style=\"height: 32px\"><span class=\"vc_empty_space_inner\"><\/span><\/div><\/div><\/div><\/div><\/div>\n","protected":false},"excerpt":{"rendered":"Prof. Dr. Saffet T\u00fczgen, 1981 y\u0131l\u0131nda Cerrahpa\u015fa T\u0131p Fak\u00fcltesi\u2019nden mezun oldu.\u00a0\u00a01982-1987 y\u0131llar\u0131 aras\u0131nda ayn\u0131 fak\u00fcltede ald\u0131\u011f\u0131 [...]","protected":false},"author":1,"featured_media":0,"parent":0,"menu_order":0,"comment_status":"closed","ping_status":"closed","template":"tpl\/page_fullwidth.php","meta":[],"_links":{"self":[{"href":"https:\/\/iucerrahpasavakfi.org.tr\/index.php?rest_route=\/wp\/v2\/pages\/1751"}],"collection":[{"href":"https:\/\/iucerrahpasavakfi.org.tr\/index.php?rest_route=\/wp\/v2\/pages"}],"about":[{"href":"https:\/\/iucerrahpasavakfi.org.tr\/index.php?rest_route=\/wp\/v2\/types\/page"}],"author":[{"embeddable":true,"href":"https:\/\/iucerrahpasavakfi.org.tr\/index.php?rest_route=\/wp\/v2\/users\/1"}],"replies":[{"embeddable":true,"href":"https:\/\/iucerrahpasavakfi.org.tr\/index.php?rest_route=%2Fwp%2Fv2%2Fcomments&post=1751"}],"version-history":[{"count":4,"href":"https:\/\/iucerrahpasavakfi.org.tr\/index.php?rest_route=\/wp\/v2\/pages\/1751\/revisions"}],"predecessor-version":[{"id":3346,"href":"https:\/\/iucerrahpasavakfi.org.tr\/index.php?rest_route=\/wp\/v2\/pages\/1751\/revisions\/3346"}],"wp:attachment":[{"href":"https:\/\/iucerrahpasavakfi.org.tr\/index.php?rest_route=%2Fwp%2Fv2%2Fmedia&parent=1751"}],"curies":[{"name":"wp","href":"https:\/\/api.w.org\/{rel}","templated":true}]}}