{"id":1754,"date":"2020-12-07T21:45:46","date_gmt":"2020-12-07T18:45:46","guid":{"rendered":"https:\/\/iucerrahpasavakfi.org.tr\/?page_id=1754"},"modified":"2024-11-25T12:44:19","modified_gmt":"2024-11-25T09:44:19","slug":"prof-dr-mustafa-sait-gonen","status":"publish","type":"page","link":"https:\/\/iucerrahpasavakfi.org.tr\/?page_id=1754","title":{"rendered":"Prof. Dr. Mustafa Sait G\u00f6nen"},"content":{"rendered":"<div class=\"vc_row wpb_row vc_row-fluid themesflat_1779011803\"><div class=\"row_overlay\" style=\"\"><\/div><div class=\"wpb_column vc_column_container vc_col-sm-3\"><div class=\"vc_column-inner\"><div class=\"wpb_wrapper\">\n\t<div  class=\"wpb_single_image wpb_content_element vc_align_center\">\n\t\t\n\t\t<figure class=\"wpb_wrapper vc_figure\">\n\t\t\t<div class=\"vc_single_image-wrapper vc_box_border  vc_box_border_grey\"><img width=\"736\" height=\"1104\" src=\"https:\/\/iucerrahpasavakfi.org.tr\/wp-content\/uploads\/2020\/12\/saitgonen.jpg\" class=\"vc_single_image-img attachment-full\" alt=\"\" loading=\"lazy\" srcset=\"https:\/\/iucerrahpasavakfi.org.tr\/wp-content\/uploads\/2020\/12\/saitgonen.jpg 736w, https:\/\/iucerrahpasavakfi.org.tr\/wp-content\/uploads\/2020\/12\/saitgonen-200x300.jpg 200w, https:\/\/iucerrahpasavakfi.org.tr\/wp-content\/uploads\/2020\/12\/saitgonen-683x1024.jpg 683w, https:\/\/iucerrahpasavakfi.org.tr\/wp-content\/uploads\/2020\/12\/saitgonen-600x900.jpg 600w\" sizes=\"(max-width: 736px) 100vw, 736px\" \/><\/div>\n\t\t<\/figure>\n\t<\/div>\n<div class=\"vc_empty_space\"   style=\"height: 10px\"><span class=\"vc_empty_space_inner\"><\/span><\/div><\/div><\/div><\/div><div class=\"wpb_column vc_column_container vc_col-sm-9\"><div class=\"vc_column-inner\"><div class=\"wpb_wrapper\">\n\t<div class=\"wpb_text_column wpb_content_element \" >\n\t\t<div class=\"wpb_wrapper\">\n\t\t\t<div style=\"text-align: justify;\">\n<div class=\"page_content_wrap\">\n<div class=\"content_wrap\">\n<div class=\"content\">\n<article id=\"post-206\" class=\"team_member_page itemscope post-206 cpt_team type-cpt_team status-publish has-post-thumbnail hentry cpt_team_group-mutevelli-heyet-uyeleri\">\n<div class=\"team_member_content entry-content\">\n<div class=\"page_content_wrap\">\n<div class=\"content_wrap\">\n<div class=\"content\">\n<article id=\"post-206\" class=\"team_member_page itemscope post-206 cpt_team type-cpt_team status-publish has-post-thumbnail hentry cpt_team_group-mutevelli-heyet-uyeleri\">\n<div class=\"team_member_content entry-content\">\n<p>Prof. Dr. Sait G\u00f6nen; Konya Karatay do\u011fumludur. \u00d6\u011fretim \u00dcyesi Prof. Dr.; Trakya \u00dcniversitesi T\u0131p Fak\u00fcltesini 1985 y\u0131l\u0131nda bitirdi. (E\u011fitimi Cerrahpa\u015fa T\u0131p Fak.)<\/p>\n<p>1985-1986 Yozgat Top\u00e7u K\u00f6y\u00fc Sa\u011fl\u0131k Oca\u011f\u0131nda zorunlu hizmet ve \u0130l Sa\u011fl\u0131k M\u00fcd\u00fcr Yard\u0131mc\u0131s\u0131 olarak \u00e7al\u0131\u015ft\u0131. 1986-1990 Sel\u00e7uk \u00dcniversitesi T\u0131p Fak\u00fcltesinde i\u00e7 hastal\u0131klar\u0131 ihtisas\u0131, 1990-1992 \u0130\u00e7 Hastal\u0131klar\u0131 Uzman\u0131, 1992-1995 Sel\u00e7uk \u00dcniversitesi T\u0131p Fak\u00fcltesi \u0130\u00e7 Hastal\u0131klar\u0131 ABD\u2019nda Yard\u0131mc\u0131 Do\u00e7ent, 1995-1998 \u0130\u00dc Cerrahpa\u015fa T\u0131p Fak\u00fcltesinde Endokrinoloji ve Metabolizma Hastal\u0131klar\u0131 \u00fcst ihtisas\u0131, 1998\u2019de Cornell Medical Center New York, Division of Endocrinology\u2019de Fellowship, 2005\u2019te Sel\u00e7uk \u00dcniversitesi T\u0131p Fak\u00fcltesi Endokrinoloji Bilim Dal\u0131nda do\u00e7ent, 2010 y\u0131l\u0131nda ayn\u0131 bilim dal\u0131nda Profes\u00f6r oldu. 2002-2011 S\u00dc T\u0131p Fak\u00fcltesi Endokrinoloji BD Ba\u015fkan\u0131 ve T\u00fcrk Diyabet Cemiyeti Konya \u015eubesi Ba\u015fkanl\u0131\u011f\u0131, 2012-2015 \u0130stanbul Bilim \u00dcniversitesi T\u0131p Fak\u00fcltesi Endokrinoloji BD Ba\u015fkanl\u0131\u011f\u0131 ve Florence Nightingale Hastaneleri Endokrinoloji Uzmanl\u0131\u011f\u0131, \u0130stanbul Konyal\u0131lar Derne\u011fi Ba\u015fkan Vekilli\u011fi ve \u0130stanbul Konya Dernekleri Dan\u0131\u015fma Kurulu Ba\u015fkanl\u0131\u011f\u0131, 2014-2016 TEMD (T\u00fcrkiye Endokrinoloji ve Metabolizma Hastal\u0131klar\u0131 Derne\u011fi) Ba\u015fkanl\u0131\u011f\u0131 g\u00f6revinde bulundu. Ayr\u0131ca 1993-1994 sezonunda Konyaspor Kul\u00fcp Ba\u015fkanl\u0131\u011f\u0131 yapt\u0131. Endocrine Society, European Society of Endocrinology, America Diabet Association gibi uluslararas\u0131 uzmanl\u0131k derneklerinin aktif \u00fcyesidir.<\/p>\n<p>21 ve 25. d\u00f6nemde Yasama g\u00f6revinde bulundu. Bu g\u00f6revleri esnas\u0131nda NATOPA, \u00c7evre ve Avrupa Konseyi Komisyonlar\u0131nda g\u00f6rev yapt\u0131.<\/p>\n<p>2018-2024 y\u0131llar\u0131 aras\u0131nda Cerrahpa\u015fa T\u0131p Fak\u00fcltesi Dekanl\u0131k g\u00f6revini y\u00fcr\u00fcten Prof. Dr. G\u00f6nen, halen \u0130\u00e7 Hastal\u0131klar\u0131 Ana Bilim Dal\u0131 \u00f6\u011fretim \u00fcyesi olarak g\u00f6rev yapmaktad\u0131r.<\/p>\n<p>&nbsp;<\/p>\n<\/div>\n<\/article>\n<\/div>\n<\/div>\n<\/div>\n<\/div>\n<\/article>\n<\/div>\n<\/div>\n<\/div>\n<\/div>\n\n\t\t<\/div>\n\t<\/div>\n<\/div><\/div><\/div><\/div><div class=\"vc_row wpb_row vc_row-fluid themesflat_1779011803\"><div class=\"row_overlay\" style=\"\"><\/div><div class=\"wpb_column vc_column_container vc_col-sm-12\"><div class=\"vc_column-inner\"><div class=\"wpb_wrapper\"><div class=\"vc_empty_space\"   style=\"height: 32px\"><span class=\"vc_empty_space_inner\"><\/span><\/div><\/div><\/div><\/div><\/div>\n","protected":false},"excerpt":{"rendered":"Prof. Dr. Sait G\u00f6nen; Konya Karatay do\u011fumludur. \u00d6\u011fretim \u00dcyesi Prof. Dr.; Trakya \u00dcniversitesi T\u0131p Fak\u00fcltesini 1985 [...]","protected":false},"author":1,"featured_media":0,"parent":0,"menu_order":0,"comment_status":"closed","ping_status":"closed","template":"tpl\/page_fullwidth.php","meta":[],"_links":{"self":[{"href":"https:\/\/iucerrahpasavakfi.org.tr\/index.php?rest_route=\/wp\/v2\/pages\/1754"}],"collection":[{"href":"https:\/\/iucerrahpasavakfi.org.tr\/index.php?rest_route=\/wp\/v2\/pages"}],"about":[{"href":"https:\/\/iucerrahpasavakfi.org.tr\/index.php?rest_route=\/wp\/v2\/types\/page"}],"author":[{"embeddable":true,"href":"https:\/\/iucerrahpasavakfi.org.tr\/index.php?rest_route=\/wp\/v2\/users\/1"}],"replies":[{"embeddable":true,"href":"https:\/\/iucerrahpasavakfi.org.tr\/index.php?rest_route=%2Fwp%2Fv2%2Fcomments&post=1754"}],"version-history":[{"count":8,"href":"https:\/\/iucerrahpasavakfi.org.tr\/index.php?rest_route=\/wp\/v2\/pages\/1754\/revisions"}],"predecessor-version":[{"id":3350,"href":"https:\/\/iucerrahpasavakfi.org.tr\/index.php?rest_route=\/wp\/v2\/pages\/1754\/revisions\/3350"}],"wp:attachment":[{"href":"https:\/\/iucerrahpasavakfi.org.tr\/index.php?rest_route=%2Fwp%2Fv2%2Fmedia&parent=1754"}],"curies":[{"name":"wp","href":"https:\/\/api.w.org\/{rel}","templated":true}]}}