{"id":1757,"date":"2020-12-07T21:46:58","date_gmt":"2020-12-07T18:46:58","guid":{"rendered":"https:\/\/iucerrahpasavakfi.org.tr\/?page_id=1757"},"modified":"2024-12-02T10:18:31","modified_gmt":"2024-12-02T07:18:31","slug":"prof-dr-erdogan-kose","status":"publish","type":"page","link":"https:\/\/iucerrahpasavakfi.org.tr\/?page_id=1757","title":{"rendered":"Prof. Dr. Erdo\u011fan K\u00f6se"},"content":{"rendered":"<div class=\"vc_row wpb_row vc_row-fluid themesflat_1777049320\"><div class=\"row_overlay\" style=\"\"><\/div><div class=\"wpb_column vc_column_container vc_col-sm-3\"><div class=\"vc_column-inner\"><div class=\"wpb_wrapper\">\n\t<div  class=\"wpb_single_image wpb_content_element vc_align_center\">\n\t\t\n\t\t<figure class=\"wpb_wrapper vc_figure\">\n\t\t\t<div class=\"vc_single_image-wrapper vc_box_border  vc_box_border_grey\"><img width=\"736\" height=\"1104\" src=\"https:\/\/iucerrahpasavakfi.org.tr\/wp-content\/uploads\/2020\/12\/erdogan-kose.jpg\" class=\"vc_single_image-img attachment-full\" alt=\"\" loading=\"lazy\" srcset=\"https:\/\/iucerrahpasavakfi.org.tr\/wp-content\/uploads\/2020\/12\/erdogan-kose.jpg 736w, https:\/\/iucerrahpasavakfi.org.tr\/wp-content\/uploads\/2020\/12\/erdogan-kose-200x300.jpg 200w, https:\/\/iucerrahpasavakfi.org.tr\/wp-content\/uploads\/2020\/12\/erdogan-kose-683x1024.jpg 683w, https:\/\/iucerrahpasavakfi.org.tr\/wp-content\/uploads\/2020\/12\/erdogan-kose-600x900.jpg 600w\" sizes=\"(max-width: 736px) 100vw, 736px\" \/><\/div>\n\t\t<\/figure>\n\t<\/div>\n<div class=\"vc_empty_space\"   style=\"height: 10px\"><span class=\"vc_empty_space_inner\"><\/span><\/div><\/div><\/div><\/div><div class=\"wpb_column vc_column_container vc_col-sm-9\"><div class=\"vc_column-inner\"><div class=\"wpb_wrapper\">\n\t<div class=\"wpb_text_column wpb_content_element \" >\n\t\t<div class=\"wpb_wrapper\">\n\t\t\t<p style=\"text-align: justify;\">Prof. Dr. Erdo\u011fan K\u00f6se, 1989 y\u0131l\u0131nda Marmara \u00dcniversitesi Matbaa E\u011fitimi B\u00f6l\u00fcm\u00fcnden mezun oldu. 1997 y\u0131l\u0131nda Gazi \u00dcniversitesi Fen Bilimleri Enstit\u00fcs\u00fc End\u00fcstriyel Teknoloji E\u011fitimi alan\u0131nda Y\u00fcksek Lisans\u0131n\u0131, 2006 y\u0131l\u0131nda da Elektronik Bilgisayar alan\u0131nda Doktoras\u0131n\u0131 tamamlam\u0131\u015f, 2007 y\u0131l\u0131nda Do\u00e7ent; 2015 y\u0131l\u0131nda da Profes\u00f6r \u00fcnvan\u0131n\u0131 alm\u0131\u015ft\u0131r.<\/p>\n<p style=\"text-align: justify;\">Prof. Dr. Erdo\u011fan K\u00f6se, 1993-1994 y\u0131llar\u0131 aras\u0131nda D\u00fcnya Bankas\u0131 End\u00fcstriyel Projeler Koordinasyonu ve 1994-1995 y\u0131llar\u0131 aras\u0131nda T\u00fcrk Cumhuriyetleri Latin Alfabesine Ge\u00e7i\u015f Projelerini y\u00fcr\u00fctt\u00fc. Gazi \u00dcniversitesinin 1999 y\u0131l\u0131nda Ankara B\u00fcy\u00fck\u015fehir Belediye Ba\u015fkanl\u0131\u011f\u0131 ile ortak y\u00fcr\u00fctt\u00fc\u011f\u00fc BELTEK projesinin hayata ge\u00e7irilmesine aktif rol ald\u0131 ve 1999-2009 y\u0131llar\u0131 aras\u0131nda BELTEK Genel Koordinat\u00f6rl\u00fc\u011f\u00fc g\u00f6revini y\u00fcr\u00fctt\u00fc. 2012-2014 y\u0131llar\u0131 aras\u0131 Gazi \u00dcniversitesi Farabi Koordinat\u00f6rl\u00fc\u011f\u00fc, 2012-2015 y\u0131llar\u0131 aras\u0131 Gazi \u00dcniversitesi Teknik E\u011fitim Fak\u00fcltesi Fak\u00fclte Kurulu \u00dcyeli\u011fi, 2012-2014 y\u0131llar\u0131 aras\u0131 Gazi \u00dcniversitesi Teknik E\u011fitim Fak\u00fcltesi Y\u00f6netim Kurulu \u00dcyeli\u011fi, 2012-2014 y\u0131llar\u0131 aras\u0131 Gazi \u00dcniversitesi Teknik e\u011fitim Fak\u00fcltesi Dekan Yard\u0131mc\u0131l\u0131\u011f\u0131 g\u00f6revi gibi \u00e7e\u015fitli idari g\u00f6revlerde bulunmu\u015ftur. 2015-2023 y\u0131llar\u0131 aras\u0131 \u0130stanbul \u00dcniversitesi-Cerrahpa\u015fa Teknik Bilimler Meslek Y\u00fcksekokulu M\u00fcd\u00fcrl\u00fc\u011f\u00fc g\u00f6revininde bulunan\u00a0 Prof. Dr. K\u00f6se, 2018-2023 y\u0131llar\u0131 aras\u0131nda Kurumsal \u0130leti\u015fim Direkt\u00f6rl\u00fc\u011f\u00fcnden sorumlu Rekt\u00f6r Dan\u0131\u015fman\u0131 ve Genel Sekreter Vekili g\u00f6revlerinde de bulunmu\u015ftur. Prof. Dr. K\u00f6se, 2024 y\u0131l\u0131 itibariyle \u0130stanbul \u00dcniversitesi-Cerrahpa\u015fa Adli T\u0131p ve Adli Bilimler Enstit\u00fcs\u00fc M\u00fcd\u00fcrl\u00fc\u011f\u00fc g\u00f6revini s\u00fcrd\u00fcrmektedir.<\/p>\n<p style=\"text-align: justify;\">Prof. Dr. Erdo\u011fan K\u00f6se\u2019nin SCI-SSCI ve AHCI kapsam\u0131nda 8 adet; Ulusal, Uluslararas\u0131 Hakemli ve di\u011fer bilimsel dergilerde 12 adet makalesi yay\u0131nlanm\u0131\u015ft\u0131r. 2008 y\u0131l\u0131nda yay\u0131mlanan \u2018\u2019Ofset Bask\u0131 Teknolojisi\u2019\u2019 isimli bilimsel kitab\u0131 bulunmaktad\u0131r.<\/p>\n\n\t\t<\/div>\n\t<\/div>\n<\/div><\/div><\/div><\/div><div class=\"vc_row wpb_row vc_row-fluid themesflat_1777049320\"><div class=\"row_overlay\" style=\"\"><\/div><div class=\"wpb_column vc_column_container vc_col-sm-12\"><div class=\"vc_column-inner\"><div class=\"wpb_wrapper\"><div class=\"vc_empty_space\"   style=\"height: 32px\"><span class=\"vc_empty_space_inner\"><\/span><\/div><\/div><\/div><\/div><\/div>\n","protected":false},"excerpt":{"rendered":"Prof. Dr. Erdo\u011fan K\u00f6se, 1989 y\u0131l\u0131nda Marmara \u00dcniversitesi Matbaa E\u011fitimi B\u00f6l\u00fcm\u00fcnden mezun oldu. 1997 y\u0131l\u0131nda Gazi [...]","protected":false},"author":1,"featured_media":0,"parent":0,"menu_order":0,"comment_status":"closed","ping_status":"closed","template":"tpl\/page_fullwidth.php","meta":[],"_links":{"self":[{"href":"https:\/\/iucerrahpasavakfi.org.tr\/index.php?rest_route=\/wp\/v2\/pages\/1757"}],"collection":[{"href":"https:\/\/iucerrahpasavakfi.org.tr\/index.php?rest_route=\/wp\/v2\/pages"}],"about":[{"href":"https:\/\/iucerrahpasavakfi.org.tr\/index.php?rest_route=\/wp\/v2\/types\/page"}],"author":[{"embeddable":true,"href":"https:\/\/iucerrahpasavakfi.org.tr\/index.php?rest_route=\/wp\/v2\/users\/1"}],"replies":[{"embeddable":true,"href":"https:\/\/iucerrahpasavakfi.org.tr\/index.php?rest_route=%2Fwp%2Fv2%2Fcomments&post=1757"}],"version-history":[{"count":6,"href":"https:\/\/iucerrahpasavakfi.org.tr\/index.php?rest_route=\/wp\/v2\/pages\/1757\/revisions"}],"predecessor-version":[{"id":3337,"href":"https:\/\/iucerrahpasavakfi.org.tr\/index.php?rest_route=\/wp\/v2\/pages\/1757\/revisions\/3337"}],"wp:attachment":[{"href":"https:\/\/iucerrahpasavakfi.org.tr\/index.php?rest_route=%2Fwp%2Fv2%2Fmedia&parent=1757"}],"curies":[{"name":"wp","href":"https:\/\/api.w.org\/{rel}","templated":true}]}}