{"id":1760,"date":"2020-12-07T21:48:04","date_gmt":"2020-12-07T18:48:04","guid":{"rendered":"https:\/\/iucerrahpasavakfi.org.tr\/?page_id=1760"},"modified":"2024-12-02T10:19:29","modified_gmt":"2024-12-02T07:19:29","slug":"prof-dr-hasret-demircan-yardibi","status":"publish","type":"page","link":"https:\/\/iucerrahpasavakfi.org.tr\/?page_id=1760","title":{"rendered":"Prof. Dr. Hasret Demircan Yardibi"},"content":{"rendered":"<div class=\"vc_row wpb_row vc_row-fluid themesflat_1778067882\"><div class=\"row_overlay\" style=\"\"><\/div><div class=\"wpb_column vc_column_container vc_col-sm-3\"><div class=\"vc_column-inner\"><div class=\"wpb_wrapper\">\n\t<div  class=\"wpb_single_image wpb_content_element vc_align_center\">\n\t\t\n\t\t<figure class=\"wpb_wrapper vc_figure\">\n\t\t\t<div class=\"vc_single_image-wrapper vc_box_border  vc_box_border_grey\"><img width=\"736\" height=\"1104\" src=\"https:\/\/iucerrahpasavakfi.org.tr\/wp-content\/uploads\/2021\/06\/hasret-demircan.jpg\" class=\"vc_single_image-img attachment-full\" alt=\"\" loading=\"lazy\" srcset=\"https:\/\/iucerrahpasavakfi.org.tr\/wp-content\/uploads\/2021\/06\/hasret-demircan.jpg 736w, https:\/\/iucerrahpasavakfi.org.tr\/wp-content\/uploads\/2021\/06\/hasret-demircan-200x300.jpg 200w, https:\/\/iucerrahpasavakfi.org.tr\/wp-content\/uploads\/2021\/06\/hasret-demircan-683x1024.jpg 683w, https:\/\/iucerrahpasavakfi.org.tr\/wp-content\/uploads\/2021\/06\/hasret-demircan-8x12.jpg 8w\" sizes=\"(max-width: 736px) 100vw, 736px\" \/><\/div>\n\t\t<\/figure>\n\t<\/div>\n<div class=\"vc_empty_space\"   style=\"height: 10px\"><span class=\"vc_empty_space_inner\"><\/span><\/div><\/div><\/div><\/div><div class=\"wpb_column vc_column_container vc_col-sm-9\"><div class=\"vc_column-inner\"><div class=\"wpb_wrapper\">\n\t<div class=\"wpb_text_column wpb_content_element \" >\n\t\t<div class=\"wpb_wrapper\">\n\t\t\t<p style=\"text-align: justify;\">1999 y\u0131l\u0131nda \u0130stanbul \u00dcniversitesi Veteriner Fak\u00fcltesinden \u00a0mezun oldu. 2000 y\u0131l\u0131nda \u0130stanbul \u00dcniversitesi Veteriner Fak\u00fcltesi Biyokimya Anabilim Dal\u0131nda doktora e\u011fitimine, ara\u015ft\u0131rma g\u00f6revlisi olarak ba\u015flad\u0131. 2005 y\u0131l\u0131nda doktoras\u0131n\u0131 tamamlad\u0131. \u00a02010 y\u0131l\u0131nda Do\u00e7ent ve 2015 y\u0131l\u0131nda Profes\u00f6r unvan\u0131n\u0131 ald\u0131. Uluslararas\u0131 hakemli dergilerde \u00a0 yay\u0131nlar\u0131 ve bu yay\u0131nlara yap\u0131lm\u0131\u015f \u00e7ok say\u0131da at\u0131f\u0131 bulunmaktad\u0131r. Y\u00fcr\u00fct\u00fcc\u00fc ve yard\u0131mc\u0131 ara\u015ft\u0131rmac\u0131 olarak i\u00e7 ve d\u0131\u015f kaynakl\u0131 \u00e7ok say\u0131da projede g\u00f6rev ald\u0131. \u0130stanbul \u00dcniversitesi Teknoloji Transfer Merkezi kurucu Y\u00f6netim Kurulu \u00dcyeli\u011fi ve M\u00fcd\u00fcr Yard\u0131mc\u0131l\u0131\u011f\u0131, \u0130stanbul \u00dcniversitesi Merkez Ara\u015ft\u0131rma Laboratuvar Sorumlulu\u011fu, \u0130stanbul \u00dcniversitesi Veteriner Fak\u00fcltesi Dekan Yard\u0131mc\u0131l\u0131\u011f\u0131, Temel Bilimler B\u00f6l\u00fcm Ba\u015fkanl\u0131\u011f\u0131 ve \u0130stanbul TTO Girim\u015ficilik Mod\u00fcl Sorumlusu olarak g\u00f6rev yapt\u0131.<\/p>\n<p style=\"text-align: justify;\">2018-2023 y\u0131llar\u0131 asar\u0131nda Rekt\u00f6r Dan\u0131\u015fmanl\u0131\u011f\u0131 g\u00f6revinde bulunan Prof. Dr. Yardibi halen \u0130stanbul \u00dcniversitesi Cerrahpa\u015fa Dergileri, \u0130\u00dcC Giri\u015fimci Yenilik\u00e7i \u00dcniversite Endeks Parametrelerinin \u0130yile\u015ftirilmesi, Akademik \u0130lerleme, \u0130\u00dcC HADYEK, Akademik Y\u00fckseltilme ve Atama Kriterleri Rekt\u00f6rl\u00fck Dosya \u0130nceleme Kurul Ba\u015fkanl\u0131\u011f\u0131 g\u00f6revlerini yapmaktad\u0131r. Ayr\u0131ca 2020-2023 y\u0131llar\u0131 aras\u0131nda \u0130\u00dcC Nanoteknoloji&amp;Biyoteknoloji Enstit\u00fcs\u00fc M\u00fcd\u00fcrl\u00fc\u011f\u00fc ve 2019-2022 y\u0131llar\u0131nda \u0130\u00dcC Veteriner Fak\u00fcltesi Biyokimya Abd.Ba\u015fkanl\u0131\u011f\u0131 g\u00f6revinde bulunmu\u015ftur.<\/p>\n\n\t\t<\/div>\n\t<\/div>\n<\/div><\/div><\/div><\/div><div class=\"vc_row wpb_row vc_row-fluid themesflat_1778067882\"><div class=\"row_overlay\" style=\"\"><\/div><div class=\"wpb_column vc_column_container vc_col-sm-12\"><div class=\"vc_column-inner\"><div class=\"wpb_wrapper\"><div class=\"vc_empty_space\"   style=\"height: 32px\"><span class=\"vc_empty_space_inner\"><\/span><\/div><\/div><\/div><\/div><\/div>\n","protected":false},"excerpt":{"rendered":"1999 y\u0131l\u0131nda \u0130stanbul \u00dcniversitesi Veteriner Fak\u00fcltesinden \u00a0mezun oldu. 2000 y\u0131l\u0131nda \u0130stanbul \u00dcniversitesi Veteriner Fak\u00fcltesi Biyokimya Anabilim [...]","protected":false},"author":1,"featured_media":0,"parent":0,"menu_order":0,"comment_status":"closed","ping_status":"closed","template":"tpl\/page_fullwidth.php","meta":[],"_links":{"self":[{"href":"https:\/\/iucerrahpasavakfi.org.tr\/index.php?rest_route=\/wp\/v2\/pages\/1760"}],"collection":[{"href":"https:\/\/iucerrahpasavakfi.org.tr\/index.php?rest_route=\/wp\/v2\/pages"}],"about":[{"href":"https:\/\/iucerrahpasavakfi.org.tr\/index.php?rest_route=\/wp\/v2\/types\/page"}],"author":[{"embeddable":true,"href":"https:\/\/iucerrahpasavakfi.org.tr\/index.php?rest_route=\/wp\/v2\/users\/1"}],"replies":[{"embeddable":true,"href":"https:\/\/iucerrahpasavakfi.org.tr\/index.php?rest_route=%2Fwp%2Fv2%2Fcomments&post=1760"}],"version-history":[{"count":6,"href":"https:\/\/iucerrahpasavakfi.org.tr\/index.php?rest_route=\/wp\/v2\/pages\/1760\/revisions"}],"predecessor-version":[{"id":3375,"href":"https:\/\/iucerrahpasavakfi.org.tr\/index.php?rest_route=\/wp\/v2\/pages\/1760\/revisions\/3375"}],"wp:attachment":[{"href":"https:\/\/iucerrahpasavakfi.org.tr\/index.php?rest_route=%2Fwp%2Fv2%2Fmedia&parent=1760"}],"curies":[{"name":"wp","href":"https:\/\/api.w.org\/{rel}","templated":true}]}}