{"id":1769,"date":"2020-12-07T23:27:26","date_gmt":"2020-12-07T20:27:26","guid":{"rendered":"https:\/\/iucerrahpasavakfi.org.tr\/?page_id=1769"},"modified":"2025-09-19T13:38:57","modified_gmt":"2025-09-19T10:38:57","slug":"prof-dr-melek-nihal-esin","status":"publish","type":"page","link":"https:\/\/iucerrahpasavakfi.org.tr\/?page_id=1769","title":{"rendered":"Prof. Dr. Melek Nihal Esin"},"content":{"rendered":"<div class=\"vc_row wpb_row vc_row-fluid themesflat_1779012185\"><div class=\"row_overlay\" style=\"\"><\/div><div class=\"wpb_column vc_column_container vc_col-sm-3\"><div class=\"vc_column-inner\"><div class=\"wpb_wrapper\">\n\t<div  class=\"wpb_single_image wpb_content_element vc_align_center\">\n\t\t\n\t\t<figure class=\"wpb_wrapper vc_figure\">\n\t\t\t<div class=\"vc_single_image-wrapper vc_box_border  vc_box_border_grey\"><img width=\"736\" height=\"1104\" src=\"https:\/\/iucerrahpasavakfi.org.tr\/wp-content\/uploads\/2020\/12\/melek-nihal-esin-1.jpg\" class=\"vc_single_image-img attachment-full\" alt=\"\" loading=\"lazy\" srcset=\"https:\/\/iucerrahpasavakfi.org.tr\/wp-content\/uploads\/2020\/12\/melek-nihal-esin-1.jpg 736w, https:\/\/iucerrahpasavakfi.org.tr\/wp-content\/uploads\/2020\/12\/melek-nihal-esin-1-200x300.jpg 200w, https:\/\/iucerrahpasavakfi.org.tr\/wp-content\/uploads\/2020\/12\/melek-nihal-esin-1-683x1024.jpg 683w, https:\/\/iucerrahpasavakfi.org.tr\/wp-content\/uploads\/2020\/12\/melek-nihal-esin-1-600x900.jpg 600w\" sizes=\"(max-width: 736px) 100vw, 736px\" \/><\/div>\n\t\t<\/figure>\n\t<\/div>\n<div class=\"vc_empty_space\"   style=\"height: 10px\"><span class=\"vc_empty_space_inner\"><\/span><\/div><\/div><\/div><\/div><div class=\"wpb_column vc_column_container vc_col-sm-9\"><div class=\"vc_column-inner\"><div class=\"wpb_wrapper\">\n\t<div class=\"wpb_text_column wpb_content_element \" >\n\t\t<div class=\"wpb_wrapper\">\n\t\t\t<p style=\"margin: 0cm; margin-bottom: .0001pt; text-align: justify; line-height: 200%; background: white;\"><span style=\"color: #11263e;\">Prof. Dr. M. Nihal Esin, \u0130stanbul \u00dcniversitesi-Cerrahpa\u015fa Florence Nightingale Hem\u015firelik Fak\u00fcltesi, Halk Sa\u011fl\u0131\u011f\u0131 Hem\u015fireli\u011fi Anabilim Dal\u0131nda \u00f6\u011fretim \u00fcyesi olarak g\u00f6revini s\u00fcrd\u00fcrmektedir. Y\u00fcksek lisans ve doktora e\u011fitimini \u0130stanbul \u00dcniversitesi\u2019nde tamamlam\u0131\u015ft\u0131r. 2010 y\u0131l\u0131nda Do\u00e7ent, 2015 y\u0131l\u0131nda Profes\u00f6r unvan\u0131n\u0131 alm\u0131\u015ft\u0131r. Doktora tez \u00e7al\u0131\u015fmas\u0131n\u0131n konusu \u201c<em>End\u00fcstriyel Alanda \u00c7al\u0131\u015fan \u0130\u015f\u00e7ilerin Sa\u011fl\u0131k Davran\u0131\u015flar\u0131n\u0131n Saptanmas\u0131 ve Geli\u015ftirilmesi\u201d<\/em>\u00a0dir. Temel ilgi ve \u00e7al\u0131\u015fma alanlar\u0131, halk sa\u011fl\u0131\u011f\u0131 ve hem\u015fireli\u011fi, i\u015f sa\u011fl\u0131\u011f\u0131\/i\u015f sa\u011fl\u0131\u011f\u0131 hem\u015fireli\u011fi, sa\u011fl\u0131k davran\u0131\u015flar\u0131\/sa\u011fl\u0131\u011f\u0131 geli\u015ftirme, hem\u015firelik ara\u015ft\u0131rmalar\u0131 ve akademik s\u00fcreli yay\u0131nc\u0131l\u0131kt\u0131r.<\/span><\/p>\n<p style=\"margin: 0cm; margin-bottom: .0001pt; text-align: justify; line-height: 200%; background: white;\"><span style=\"color: #11263e;\">Dr Esin\u2019in, \u00e7al\u0131\u015fma alanlar\u0131 ile ilgili olarak, y\u00fcksek lisans ve doktora tez dan\u0131\u015fmanl\u0131klar\u0131, uluslararas\u0131 ve ulusal at\u0131f indekslerine giren dergilerde yay\u0131nlar\u0131, at\u0131flar\u0131, kitaplar\u0131, kongre bildiri ve panel konu\u015fmalar\u0131 ve uluslararas\u0131 \u00f6d\u00fclleri vard\u0131r. Dr Esin,\u00a0<em>\u201cFlorence Nightingale Journal of Nursing\u201d<\/em>dergisinin ba\u015f edit\u00f6r\u00fc ve \u201c<em>European Journal of Occupational Health Nursing\u201d<\/em>\u00a0dergisinin yard\u0131mc\u0131 edit\u00f6r\u00fcd\u00fcr. Avrupa B\u00f6lgesi \u0130\u015f Sa\u011fl\u0131\u011f\u0131 Hem\u015fireleri Federasyonun T\u00fcrkiye temsilcisidir. 2023 y\u0131l\u0131 itibariyle Florence Nightingale Hem\u015firelik Fak\u00fcltesi Dekanl\u0131k g\u00f6revini s\u00fcrd\u00fcrmekte olan Dr. Esin ayr\u0131ca, Rekt\u00f6rl\u00fc\u011fe Ba\u011fl\u0131 Birimler Disiplin Kurulu, Rekt\u00f6rl\u00fck Bilimsel Ara\u015ft\u0131rma ve Yay\u0131n Eti\u011fi Kurulu ve Halk Sa\u011fl\u0131\u011f\u0131 Hem\u015fireli\u011fi Anabilim Dal\u0131 Ba\u015fkanl\u0131\u011f\u0131 g\u00f6revlerini de s\u00fcrd\u00fcrmektedir.<\/span><\/p>\n\n\t\t<\/div>\n\t<\/div>\n<\/div><\/div><\/div><\/div><div class=\"vc_row wpb_row vc_row-fluid themesflat_1779012185\"><div class=\"row_overlay\" style=\"\"><\/div><div class=\"wpb_column vc_column_container vc_col-sm-12\"><div class=\"vc_column-inner\"><div class=\"wpb_wrapper\"><div class=\"vc_empty_space\"   style=\"height: 32px\"><span class=\"vc_empty_space_inner\"><\/span><\/div><\/div><\/div><\/div><\/div>\n","protected":false},"excerpt":{"rendered":"Prof. Dr. M. Nihal Esin, \u0130stanbul \u00dcniversitesi-Cerrahpa\u015fa Florence Nightingale Hem\u015firelik Fak\u00fcltesi, Halk Sa\u011fl\u0131\u011f\u0131 Hem\u015fireli\u011fi Anabilim Dal\u0131nda [...]","protected":false},"author":1,"featured_media":0,"parent":0,"menu_order":0,"comment_status":"closed","ping_status":"closed","template":"tpl\/page_fullwidth.php","meta":[],"_links":{"self":[{"href":"https:\/\/iucerrahpasavakfi.org.tr\/index.php?rest_route=\/wp\/v2\/pages\/1769"}],"collection":[{"href":"https:\/\/iucerrahpasavakfi.org.tr\/index.php?rest_route=\/wp\/v2\/pages"}],"about":[{"href":"https:\/\/iucerrahpasavakfi.org.tr\/index.php?rest_route=\/wp\/v2\/types\/page"}],"author":[{"embeddable":true,"href":"https:\/\/iucerrahpasavakfi.org.tr\/index.php?rest_route=\/wp\/v2\/users\/1"}],"replies":[{"embeddable":true,"href":"https:\/\/iucerrahpasavakfi.org.tr\/index.php?rest_route=%2Fwp%2Fv2%2Fcomments&post=1769"}],"version-history":[{"count":5,"href":"https:\/\/iucerrahpasavakfi.org.tr\/index.php?rest_route=\/wp\/v2\/pages\/1769\/revisions"}],"predecessor-version":[{"id":3721,"href":"https:\/\/iucerrahpasavakfi.org.tr\/index.php?rest_route=\/wp\/v2\/pages\/1769\/revisions\/3721"}],"wp:attachment":[{"href":"https:\/\/iucerrahpasavakfi.org.tr\/index.php?rest_route=%2Fwp%2Fv2%2Fmedia&parent=1769"}],"curies":[{"name":"wp","href":"https:\/\/api.w.org\/{rel}","templated":true}]}}