{"id":1776,"date":"2020-12-08T10:27:10","date_gmt":"2020-12-08T07:27:10","guid":{"rendered":"https:\/\/iucerrahpasavakfi.org.tr\/?page_id=1776"},"modified":"2021-04-15T10:48:52","modified_gmt":"2021-04-15T07:48:52","slug":"prof-dr-faruk-asicioglu","status":"publish","type":"page","link":"https:\/\/iucerrahpasavakfi.org.tr\/?page_id=1776","title":{"rendered":"Prof. Dr. Faruk A\u015f\u0131c\u0131o\u011flu"},"content":{"rendered":"<div class=\"vc_row wpb_row vc_row-fluid themesflat_1779011666\"><div class=\"row_overlay\" style=\"\"><\/div><div class=\"wpb_column vc_column_container vc_col-sm-3\"><div class=\"vc_column-inner\"><div class=\"wpb_wrapper\">\n\t<div  class=\"wpb_single_image wpb_content_element vc_align_center\">\n\t\t\n\t\t<figure class=\"wpb_wrapper vc_figure\">\n\t\t\t<div class=\"vc_single_image-wrapper vc_box_border  vc_box_border_grey\"><img width=\"736\" height=\"1104\" src=\"https:\/\/iucerrahpasavakfi.org.tr\/wp-content\/uploads\/2021\/01\/farukasicioglu1.jpg\" class=\"vc_single_image-img attachment-full\" alt=\"\" loading=\"lazy\" srcset=\"https:\/\/iucerrahpasavakfi.org.tr\/wp-content\/uploads\/2021\/01\/farukasicioglu1.jpg 736w, https:\/\/iucerrahpasavakfi.org.tr\/wp-content\/uploads\/2021\/01\/farukasicioglu1-200x300.jpg 200w, https:\/\/iucerrahpasavakfi.org.tr\/wp-content\/uploads\/2021\/01\/farukasicioglu1-683x1024.jpg 683w, https:\/\/iucerrahpasavakfi.org.tr\/wp-content\/uploads\/2021\/01\/farukasicioglu1-600x900.jpg 600w\" sizes=\"(max-width: 736px) 100vw, 736px\" \/><\/div>\n\t\t<\/figure>\n\t<\/div>\n<div class=\"vc_empty_space\"   style=\"height: 10px\"><span class=\"vc_empty_space_inner\"><\/span><\/div><\/div><\/div><\/div><div class=\"wpb_column vc_column_container vc_col-sm-9\"><div class=\"vc_column-inner\"><div class=\"wpb_wrapper\">\n\t<div class=\"wpb_text_column wpb_content_element \" >\n\t\t<div class=\"wpb_wrapper\">\n\t\t\t<div style=\"text-align: justify;\">\n<div class=\"page_content_wrap\">\n<div class=\"content_wrap\">\n<div class=\"content\">\n<article id=\"post-206\" class=\"team_member_page itemscope post-206 cpt_team type-cpt_team status-publish has-post-thumbnail hentry cpt_team_group-mutevelli-heyet-uyeleri\">\n<div class=\"team_member_content entry-content\">\n<div class=\"page_content_wrap\">\n<div class=\"content_wrap\">\n<div class=\"content\">\n<article id=\"post-206\" class=\"team_member_page itemscope post-206 cpt_team type-cpt_team status-publish has-post-thumbnail hentry cpt_team_group-mutevelli-heyet-uyeleri\">\n<div class=\"team_member_content entry-content\">\n<p>\u0130stanbul \u00dcniversitesi Cerrahpa\u015fa T\u0131p Fak\u00fcltesi\u2019nden 1985 y\u0131l\u0131nda mezun oldu. 1994 y\u0131l\u0131nda Adli T\u0131p Uzman\u0131, 2004 y\u0131l\u0131nda Adli T\u0131p Do\u00e7enti, 2006 y\u0131l\u0131nda T\u0131bbi Biyoloji Bilim Doktoru unvan\u0131n\u0131 ald\u0131. 1992 y\u0131l\u0131ndan 2014 y\u0131l\u0131 Nisan ay\u0131na kadar T.C. Adalet Bakanl\u0131\u011f\u0131 Adli T\u0131p Kurumu Ba\u015fkanl\u0131\u011f\u0131\u2019n\u0131n \u00e7e\u015fitli birimlerinde Daire ve Kurul Ba\u015fkanl\u0131\u011f\u0131 dahil olmak \u00fczere g\u00f6rev yapt\u0131. 2014 y\u0131l\u0131 Nisan ay\u0131nda \u0130stanbul \u00dcniversitesi Adli T\u0131p Enstit\u00fcs\u00fc T\u0131p Bilimleri Anabilim Dal\u0131na profes\u00f6r olarak atand\u0131. 2015 y\u0131l\u0131 Haziran ay\u0131ndan itibaren \u015fimdiki ismi \u0130stanbul \u00dcniversitesi- Cerrahpa\u015fa Adli T\u0131p ve Adli Bilimler Enstit\u00fcs\u00fc olan bu Enstit\u00fc\u2019n\u00fcn M\u00fcd\u00fcr\u00fc olarak g\u00f6rev yapmaktad\u0131r.<\/p>\n<p>\u00c7ok say\u0131da ulusal ve uluslararas\u0131 dergide yay\u0131nlanm\u0131\u015f makalesi yan\u0131nda d\u00f6rt adet yazarl\u0131\u011f\u0131n\u0131 yapt\u0131\u011f\u0131 (Adli Belge \u0130nceleme ve Sahtecilik Alan\u0131ndaki Raporlar\u0131n \u0130ncelikleri; Trafikte S\u00fcr\u00fc\u015f G\u00fcvenli\u011fi A\u00e7\u0131s\u0131ndan Alkol; Kan Lekesi Model Analizi, ortak yazarl\u0131; Merakl\u0131lar ve Hevesliler i\u00e7in Adli Bilimler, ortak yazarl\u0131) ve yine \u00fc\u00e7 adet baz\u0131 b\u00f6l\u00fcmlerini yazarak edit\u00f6rl\u00fc\u011f\u00fcn\u00fc yapt\u0131\u011f\u0131 (Adli Belge \u0130ncelemesi: Yaz\u0131, \u0130mza, Parmak \u0130zi, Sahtecilik; Adli Bilimlerde El Yaz\u0131s\u0131 ve \u0130mza \u0130ncelemeleri; Yang\u0131n ve Patlaman\u0131n Adli bilimler Y\u00f6n\u00fcnden De\u011ferlendirilmesi) toplam yedi adet Adli Bilimler alan\u0131nda yay\u0131nlanm\u0131\u015f kitab\u0131 ve di\u011fer bir\u00e7ok kitapta b\u00f6l\u00fcm yazarl\u0131\u011f\u0131 bulunmaktad\u0131r.<\/p>\n<p>Bir\u00e7ok ulusal meslek kurulu\u015funa ve sivil toplum \u00f6rg\u00fct\u00fcne \u00fcye olup Adli Belge \u0130nceleme Derne\u011fi ile Adli Biyoloji, Genetik ve Gen Hukuku derneklerinin kurucu ba\u015fkan\u0131 ve halen \u00fcyesidir. Ayr\u0131ca Ye\u015filay Cemiyeti\u2019nde Bilim Kurulu \u00fcyesi, Adalet Bakanl\u0131\u011f\u0131 Bilirki\u015fi Daire Ba\u015fkanl\u0131\u011f\u0131\u2019nda dan\u0131\u015fma kurulu \u00fcyesi olarak g\u00f6rev yapmaktad\u0131r. Uluslararas\u0131 \u00fcyelikleri ise American Association of Forensic Sciences, Forensic Science Society, Indo-Pasific Association of Law, Medicine and Science, International Association of Bloodstain Pattern Analysts, Indo-Pasific Academy of Forensic Nursing Sciences (Ya\u015fam Boyu \u00dcye), Indo-Pasific Academy of Forensic Odontology (Ya\u015fam Boyu \u00dcye), The International Council on Alcohol, Drugs and Traffic Safety \u015feklindedir.<\/p>\n<p>2017 y\u0131l\u0131ndan beri T\u00fcrkiye Klinikleri Adli T\u0131p ve Adli Bilimler Dergisi\u2019nin edit\u00f6rl\u00fc\u011f\u00fcn\u00fc yapmakta olup ayr\u0131ca \u201cThe Journal of Punjab Academy of Forensic Medicine &amp;Toxicology\u201d dergisinin editoryal komitesinde, Adli T\u0131p Dergisi, Adli Bilimler Dergisi, Adli T\u0131p B\u00fclteni, Afet T\u0131bb\u0131 dergilerinin dan\u0131\u015fma kurulunda yer almaktad\u0131r.<\/p>\n<\/div>\n<\/article>\n<\/div>\n<\/div>\n<\/div>\n<\/div>\n<\/article>\n<\/div>\n<\/div>\n<\/div>\n<\/div>\n\n\t\t<\/div>\n\t<\/div>\n<\/div><\/div><\/div><\/div><div class=\"vc_row wpb_row vc_row-fluid themesflat_1779011666\"><div class=\"row_overlay\" style=\"\"><\/div><div class=\"wpb_column vc_column_container vc_col-sm-12\"><div class=\"vc_column-inner\"><div class=\"wpb_wrapper\"><div class=\"vc_empty_space\"   style=\"height: 32px\"><span class=\"vc_empty_space_inner\"><\/span><\/div><\/div><\/div><\/div><\/div>\n","protected":false},"excerpt":{"rendered":"\u0130stanbul \u00dcniversitesi Cerrahpa\u015fa T\u0131p Fak\u00fcltesi\u2019nden 1985 y\u0131l\u0131nda mezun oldu. 1994 y\u0131l\u0131nda Adli T\u0131p Uzman\u0131, 2004 y\u0131l\u0131nda [...]","protected":false},"author":1,"featured_media":0,"parent":0,"menu_order":0,"comment_status":"closed","ping_status":"closed","template":"tpl\/page_fullwidth.php","meta":[],"_links":{"self":[{"href":"https:\/\/iucerrahpasavakfi.org.tr\/index.php?rest_route=\/wp\/v2\/pages\/1776"}],"collection":[{"href":"https:\/\/iucerrahpasavakfi.org.tr\/index.php?rest_route=\/wp\/v2\/pages"}],"about":[{"href":"https:\/\/iucerrahpasavakfi.org.tr\/index.php?rest_route=\/wp\/v2\/types\/page"}],"author":[{"embeddable":true,"href":"https:\/\/iucerrahpasavakfi.org.tr\/index.php?rest_route=\/wp\/v2\/users\/1"}],"replies":[{"embeddable":true,"href":"https:\/\/iucerrahpasavakfi.org.tr\/index.php?rest_route=%2Fwp%2Fv2%2Fcomments&post=1776"}],"version-history":[{"count":5,"href":"https:\/\/iucerrahpasavakfi.org.tr\/index.php?rest_route=\/wp\/v2\/pages\/1776\/revisions"}],"predecessor-version":[{"id":2053,"href":"https:\/\/iucerrahpasavakfi.org.tr\/index.php?rest_route=\/wp\/v2\/pages\/1776\/revisions\/2053"}],"wp:attachment":[{"href":"https:\/\/iucerrahpasavakfi.org.tr\/index.php?rest_route=%2Fwp%2Fv2%2Fmedia&parent=1776"}],"curies":[{"name":"wp","href":"https:\/\/api.w.org\/{rel}","templated":true}]}}