{"id":1781,"date":"2020-12-08T15:06:20","date_gmt":"2020-12-08T12:06:20","guid":{"rendered":"https:\/\/iucerrahpasavakfi.org.tr\/?page_id=1781"},"modified":"2025-01-06T23:24:28","modified_gmt":"2025-01-06T20:24:28","slug":"denetleme-kurulu-uyeleri","status":"publish","type":"page","link":"https:\/\/iucerrahpasavakfi.org.tr\/?page_id=1781","title":{"rendered":"DENETLEME KURULU \u00dcYELER\u0130"},"content":{"rendered":"<div class=\"vc_row wpb_row vc_row-fluid themesflat_1777043467\"><div class=\"row_overlay\" style=\"\"><\/div><div class=\"wpb_column vc_column_container vc_col-sm-3\"><div class=\"vc_column-inner\"><div class=\"wpb_wrapper\">\n\t<div class=\"wpb_text_column wpb_content_element \" >\n\t\t<div class=\"wpb_wrapper\">\n\t\t\t<p><a href=\"https:\/\/iucerrahpasavakfi.org.tr\/?page_id=1751\">\r\n\t\t<div class=\"themesflat-team  grid-style1  has-image themesflat-hover\">\r\n\t\t\t\r\n\t\t\t<div class=\"team-image item-hover\">\t\t\t\t\r\n\t\t\t\t<img width=\"736\" height=\"1104\" src=\"https:\/\/iucerrahpasavakfi.org.tr\/wp-content\/uploads\/2021\/02\/SaffetTuzgenYeni.jpg\" class=\"attachment-full\" alt=\"\" loading=\"lazy\" \/>\t\t\t\t\r\n\t\t\t<\/div>\r\n\t\t\t\t\t\r\n\t\t\t<div class=\"team-info\">\r\n\t\t\t\t<div class=\"box-info\">\t\r\n\t\t\t\t<h4 class=\"team-name\">Prof. Dr. Saffet T\u00fczgen<\/h4><div class=\"team-position\">Denetleme Kurulu \u00dcyesi<\/div>\t\r\n\t\t\t\t<\/div>\t\t\r\n\t\t\t\t<div class=\"team-desc\">Cerrahpa\u015fa T\u0131p Fak\u00fcltesi<\/div>\r\n\t\t\t\t\r\n\t\t\t\t<div class=\"box-social-links\"> <\/div>\r\n\t\t\t<\/div>\r\n\t\t<\/div>\r\n\t<\/a><\/p>\n\n\t\t<\/div>\n\t<\/div>\n<\/div><\/div><\/div><div class=\"wpb_column vc_column_container vc_col-sm-3\"><div class=\"vc_column-inner\"><div class=\"wpb_wrapper\">\n\t<div class=\"wpb_text_column wpb_content_element \" >\n\t\t<div class=\"wpb_wrapper\">\n\t\t\t<p><a href=\"https:\/\/iucerrahpasavakfi.org.tr\/?page_id=1730\">\r\n\t\t<div class=\"themesflat-team  grid-style1  has-image themesflat-hover\">\r\n\t\t\t\r\n\t\t\t<div class=\"team-image item-hover\">\t\t\t\t\r\n\t\t\t\t<img width=\"736\" height=\"1104\" src=\"https:\/\/iucerrahpasavakfi.org.tr\/wp-content\/uploads\/2021\/02\/MehmetSevenyeni.jpg\" class=\"attachment-full\" alt=\"\" loading=\"lazy\" \/>\t\t\t\t\r\n\t\t\t<\/div>\r\n\t\t\t\t\t\r\n\t\t\t<div class=\"team-info\">\r\n\t\t\t\t<div class=\"box-info\">\t\r\n\t\t\t\t<h4 class=\"team-name\">Prof. Dr. Mehmet Seven<\/h4><div class=\"team-position\">Denetleme Kurulu \u00dcyesi<\/div>\t\r\n\t\t\t\t<\/div>\t\t\r\n\t\t\t\t<div class=\"team-desc\">Cerrahpa\u015fa T\u0131p Fak\u00fcltesi<\/div>\r\n\t\t\t\t\r\n\t\t\t\t<div class=\"box-social-links\"> <\/div>\r\n\t\t\t<\/div>\r\n\t\t<\/div>\r\n\t<\/a><\/p>\n\n\t\t<\/div>\n\t<\/div>\n<\/div><\/div><\/div><div class=\"wpb_column vc_column_container vc_col-sm-3\"><div class=\"vc_column-inner\"><div class=\"wpb_wrapper\">\n\t<div class=\"wpb_text_column wpb_content_element \" >\n\t\t<div class=\"wpb_wrapper\">\n\t\t\t<p><a href=\"https:\/\/iucerrahpasavakfi.org.tr\/?page_id=1746\">\r\n\t\t<div class=\"themesflat-team  grid-style1  has-image themesflat-hover\">\r\n\t\t\t\r\n\t\t\t<div class=\"team-image item-hover\">\t\t\t\t\r\n\t\t\t\t<img width=\"736\" height=\"1104\" src=\"https:\/\/iucerrahpasavakfi.org.tr\/wp-content\/uploads\/2020\/12\/erolince.jpg\" class=\"attachment-full\" alt=\"\" loading=\"lazy\" \/>\t\t\t\t\r\n\t\t\t<\/div>\r\n\t\t\t\t\t\r\n\t\t\t<div class=\"team-info\">\r\n\t\t\t\t<div class=\"box-info\">\t\r\n\t\t\t\t<h4 class=\"team-name\">Prof. Dr. Erol \u0130nce<\/h4><div class=\"team-position\">Denetleme Kurulu \u00dcyesi<\/div>\t\r\n\t\t\t\t<\/div>\t\t\r\n\t\t\t\t<div class=\"team-desc\">M\u00fchendislik Fak\u00fcltesi<\/div>\r\n\t\t\t\t\r\n\t\t\t\t<div class=\"box-social-links\"> <\/div>\r\n\t\t\t<\/div>\r\n\t\t<\/div>\r\n\t<\/a><\/p>\n\n\t\t<\/div>\n\t<\/div>\n<\/div><\/div><\/div><div class=\"wpb_column vc_column_container vc_col-sm-3\"><div class=\"vc_column-inner\"><div class=\"wpb_wrapper\">\n\t<div class=\"wpb_text_column wpb_content_element \" >\n\t\t<div class=\"wpb_wrapper\">\n\t\t\t<p><a href=\"https:\/\/iucerrahpasavakfi.org.tr\/?page_id=1757\">\r\n\t\t<div class=\"themesflat-team  grid-style1  has-image themesflat-hover\">\r\n\t\t\t\r\n\t\t\t<div class=\"team-image item-hover\">\t\t\t\t\r\n\t\t\t\t<img width=\"736\" height=\"1104\" src=\"https:\/\/iucerrahpasavakfi.org.tr\/wp-content\/uploads\/2020\/12\/erdogan-kose.jpg\" class=\"attachment-full\" alt=\"\" loading=\"lazy\" \/>\t\t\t\t\r\n\t\t\t<\/div>\r\n\t\t\t\t\t\r\n\t\t\t<div class=\"team-info\">\r\n\t\t\t\t<div class=\"box-info\">\t\r\n\t\t\t\t<h4 class=\"team-name\">Prof. Dr. Erdo\u011fan K\u00f6se<\/h4><div class=\"team-position\">Denetleme Kurulu Yedek \u00dcyesi<\/div>\t\r\n\t\t\t\t<\/div>\t\t\r\n\t\t\t\t<div class=\"team-desc\">Adli T\u0131p ve Adli Bilimler Enstit\u00fcs\u00fc<\/div>\r\n\t\t\t\t\r\n\t\t\t\t<div class=\"box-social-links\"> <\/div>\r\n\t\t\t<\/div>\r\n\t\t<\/div>\r\n\t<\/a><\/p>\n\n\t\t<\/div>\n\t<\/div>\n<\/div><\/div><\/div><\/div><div class=\"vc_row wpb_row vc_row-fluid themesflat_1777043467\"><div class=\"row_overlay\" style=\"\"><\/div><div class=\"wpb_column vc_column_container vc_col-sm-12\"><div class=\"vc_column-inner\"><div class=\"wpb_wrapper\"><div class=\"vc_empty_space\"   style=\"height: 32px\"><span class=\"vc_empty_space_inner\"><\/span><\/div><\/div><\/div><\/div><\/div>\n","protected":false},"excerpt":{"rendered":"Prof. Dr. Saffet T\u00fczgenDenetleme Kurulu \u00dcyesi Cerrahpa\u015fa T\u0131p Fak\u00fcltesi Prof. Dr. Mehmet SevenDenetleme Kurulu \u00dcyesi Cerrahpa\u015fa [...]","protected":false},"author":1,"featured_media":0,"parent":0,"menu_order":0,"comment_status":"closed","ping_status":"closed","template":"tpl\/page_fullwidth.php","meta":[],"_links":{"self":[{"href":"https:\/\/iucerrahpasavakfi.org.tr\/index.php?rest_route=\/wp\/v2\/pages\/1781"}],"collection":[{"href":"https:\/\/iucerrahpasavakfi.org.tr\/index.php?rest_route=\/wp\/v2\/pages"}],"about":[{"href":"https:\/\/iucerrahpasavakfi.org.tr\/index.php?rest_route=\/wp\/v2\/types\/page"}],"author":[{"embeddable":true,"href":"https:\/\/iucerrahpasavakfi.org.tr\/index.php?rest_route=\/wp\/v2\/users\/1"}],"replies":[{"embeddable":true,"href":"https:\/\/iucerrahpasavakfi.org.tr\/index.php?rest_route=%2Fwp%2Fv2%2Fcomments&post=1781"}],"version-history":[{"count":9,"href":"https:\/\/iucerrahpasavakfi.org.tr\/index.php?rest_route=\/wp\/v2\/pages\/1781\/revisions"}],"predecessor-version":[{"id":3390,"href":"https:\/\/iucerrahpasavakfi.org.tr\/index.php?rest_route=\/wp\/v2\/pages\/1781\/revisions\/3390"}],"wp:attachment":[{"href":"https:\/\/iucerrahpasavakfi.org.tr\/index.php?rest_route=%2Fwp%2Fv2%2Fmedia&parent=1781"}],"curies":[{"name":"wp","href":"https:\/\/api.w.org\/{rel}","templated":true}]}}