{"id":1795,"date":"2020-12-08T15:49:02","date_gmt":"2020-12-08T12:49:02","guid":{"rendered":"https:\/\/iucerrahpasavakfi.org.tr\/?page_id=1795"},"modified":"2021-07-27T13:25:33","modified_gmt":"2021-07-27T10:25:33","slug":"faaliyetlerimiz","status":"publish","type":"page","link":"https:\/\/iucerrahpasavakfi.org.tr\/?page_id=1795","title":{"rendered":"FAAL\u0130YETLER\u0130M\u0130Z"},"content":{"rendered":"<div class=\"vc_row wpb_row vc_row-fluid themesflat_1776007389\"><div class=\"row_overlay\" style=\"\"><\/div><div class=\"wpb_column vc_column_container vc_col-sm-12\"><div class=\"vc_column-inner\"><div class=\"wpb_wrapper\">\t\t        <div class=\"themesflat-services-shortcodes grid one-three \">\r\n\t\t          <div class=\"item \"><div class=\"item-inner\"><div class=\"featured-post\"><a href=\"https:\/\/iucerrahpasavakfi.org.tr\/?services=akademik-destekler-3\"><img width=\"370\" height=\"220\" src=\"https:\/\/iucerrahpasavakfi.org.tr\/wp-content\/uploads\/2020\/12\/Akademik-Destekler-1-370x220.jpg\" class=\"attachment-themesflat-blog-grid size-themesflat-blog-grid wp-post-image\" alt=\"\" loading=\"lazy\" srcset=\"https:\/\/iucerrahpasavakfi.org.tr\/wp-content\/uploads\/2020\/12\/Akademik-Destekler-1-370x220.jpg 370w, https:\/\/iucerrahpasavakfi.org.tr\/wp-content\/uploads\/2020\/12\/Akademik-Destekler-1-570x340.jpg 570w\" sizes=\"(max-width: 370px) 100vw, 370px\" \/><\/a><\/div><div class=\"services-details-content\"><div class=\"category-post\"><a href=\"https:\/\/iucerrahpasavakfi.org.tr\/?services_category=faaliyetlerimiz\" rel=\"tag\">Faaliyetlerimiz<\/a><\/div><h2 class=\"services-title\"><a href=\"https:\/\/iucerrahpasavakfi.org.tr\/?services=akademik-destekler-3\">AKADEM\u0130K DESTEKLER<\/a><\/h2><div class=\"date\"><a href=\"https:\/\/iucerrahpasavakfi.org.tr\/?services=akademik-destekler-3\">12 \u015eubat 2026<\/a><\/div><\/div><\/div><\/div><div class=\"item \"><div class=\"item-inner\"><div class=\"featured-post\"><a href=\"https:\/\/iucerrahpasavakfi.org.tr\/?services=burs-destegi\"><img width=\"370\" height=\"220\" src=\"https:\/\/iucerrahpasavakfi.org.tr\/wp-content\/uploads\/2020\/12\/Burs-Destegi-370x220.jpg\" class=\"attachment-themesflat-blog-grid size-themesflat-blog-grid wp-post-image\" alt=\"\" loading=\"lazy\" srcset=\"https:\/\/iucerrahpasavakfi.org.tr\/wp-content\/uploads\/2020\/12\/Burs-Destegi-370x220.jpg 370w, https:\/\/iucerrahpasavakfi.org.tr\/wp-content\/uploads\/2020\/12\/Burs-Destegi-570x340.jpg 570w\" sizes=\"(max-width: 370px) 100vw, 370px\" \/><\/a><\/div><div class=\"services-details-content\"><div class=\"category-post\"><a href=\"https:\/\/iucerrahpasavakfi.org.tr\/?services_category=faaliyetlerimiz\" rel=\"tag\">Faaliyetlerimiz<\/a><\/div><h2 class=\"services-title\"><a href=\"https:\/\/iucerrahpasavakfi.org.tr\/?services=burs-destegi\">BURS DESTE\u011e\u0130<\/a><\/h2><div class=\"date\"><a href=\"https:\/\/iucerrahpasavakfi.org.tr\/?services=burs-destegi\">8 Aral\u0131k 2020<\/a><\/div><\/div><\/div><\/div><div class=\"item \"><div class=\"item-inner\"><div class=\"featured-post\"><a href=\"https:\/\/iucerrahpasavakfi.org.tr\/?services=universiteye-destekler\"><img width=\"370\" height=\"220\" src=\"https:\/\/iucerrahpasavakfi.org.tr\/wp-content\/uploads\/2020\/12\/Universiteye-Destekler-370x220.jpg\" class=\"attachment-themesflat-blog-grid size-themesflat-blog-grid wp-post-image\" alt=\"\" loading=\"lazy\" srcset=\"https:\/\/iucerrahpasavakfi.org.tr\/wp-content\/uploads\/2020\/12\/Universiteye-Destekler-370x220.jpg 370w, https:\/\/iucerrahpasavakfi.org.tr\/wp-content\/uploads\/2020\/12\/Universiteye-Destekler-570x340.jpg 570w\" sizes=\"(max-width: 370px) 100vw, 370px\" \/><\/a><\/div><div class=\"services-details-content\"><div class=\"category-post\"><a href=\"https:\/\/iucerrahpasavakfi.org.tr\/?services_category=faaliyetlerimiz\" rel=\"tag\">Faaliyetlerimiz<\/a><\/div><h2 class=\"services-title\"><a href=\"https:\/\/iucerrahpasavakfi.org.tr\/?services=universiteye-destekler\">\u00dcN\u0130VERS\u0130TEYE DESTEKLER<\/a><\/h2><div class=\"date\"><a href=\"https:\/\/iucerrahpasavakfi.org.tr\/?services=universiteye-destekler\">8 Aral\u0131k 2020<\/a><\/div><\/div><\/div><\/div>\t\t        <\/div>\r\n\t\t        \t      \t<\/div><\/div><\/div><\/div>\n","protected":false},"excerpt":{"rendered":"\u00dcN\u0130VERS\u0130TEYE DESTEKLER Vakf\u0131m\u0131z, \u0130stanbul \u00dcniversitesi-Cerrahpa\u015fa\u2019da b\u00fcy\u00fck bir \u00f6zveri ile \u00e7al\u0131\u015fm\u0131\u015f ve \u00e7al\u0131\u015fmakta olanlar aras\u0131nda e\u011fitim, sa\u011fl\u0131k, [...]","protected":false},"author":1,"featured_media":0,"parent":0,"menu_order":0,"comment_status":"closed","ping_status":"closed","template":"tpl\/page_fullwidth.php","meta":[],"_links":{"self":[{"href":"https:\/\/iucerrahpasavakfi.org.tr\/index.php?rest_route=\/wp\/v2\/pages\/1795"}],"collection":[{"href":"https:\/\/iucerrahpasavakfi.org.tr\/index.php?rest_route=\/wp\/v2\/pages"}],"about":[{"href":"https:\/\/iucerrahpasavakfi.org.tr\/index.php?rest_route=\/wp\/v2\/types\/page"}],"author":[{"embeddable":true,"href":"https:\/\/iucerrahpasavakfi.org.tr\/index.php?rest_route=\/wp\/v2\/users\/1"}],"replies":[{"embeddable":true,"href":"https:\/\/iucerrahpasavakfi.org.tr\/index.php?rest_route=%2Fwp%2Fv2%2Fcomments&post=1795"}],"version-history":[{"count":9,"href":"https:\/\/iucerrahpasavakfi.org.tr\/index.php?rest_route=\/wp\/v2\/pages\/1795\/revisions"}],"predecessor-version":[{"id":2152,"href":"https:\/\/iucerrahpasavakfi.org.tr\/index.php?rest_route=\/wp\/v2\/pages\/1795\/revisions\/2152"}],"wp:attachment":[{"href":"https:\/\/iucerrahpasavakfi.org.tr\/index.php?rest_route=%2Fwp%2Fv2%2Fmedia&parent=1795"}],"curies":[{"name":"wp","href":"https:\/\/api.w.org\/{rel}","templated":true}]}}