{"id":1877,"date":"2020-12-10T12:01:05","date_gmt":"2020-12-10T09:01:05","guid":{"rendered":"https:\/\/iucerrahpasavakfi.org.tr\/?page_id=1877"},"modified":"2026-01-01T13:50:57","modified_gmt":"2026-01-01T10:50:57","slug":"bagis-yapmak-icin","status":"publish","type":"page","link":"https:\/\/iucerrahpasavakfi.org.tr\/?page_id=1877","title":{"rendered":"BA\u011eI\u015e YAPMAK \u0130\u00c7\u0130N"},"content":{"rendered":"<div class=\"vc_row wpb_row vc_row-fluid themesflat_1778685538\"><div class=\"row_overlay\" style=\"\"><\/div><div class=\"wpb_column vc_column_container vc_col-sm-12\"><div class=\"vc_column-inner\"><div class=\"wpb_wrapper\">\n\t<div class=\"wpb_text_column wpb_content_element \" >\n\t\t<div class=\"wpb_wrapper\">\n\t\t\t<p>\u0130stanbul \u00dcniversitesi-Cerrahpa\u015fa Geli\u015ftirme Vakf\u0131m\u0131za ba\u011f\u0131\u015fta bulunarak destek olmak i\u00e7in a\u015fa\u011f\u0131daki \u00f6deme y\u00f6ntemlerinden birini kullanabilirsiniz.<\/p>\n<p>Vakf\u0131m\u0131z nakdi ba\u011f\u0131\u015f\u0131n yan\u0131 s\u0131ra <span style=\"color: #000080;\"><a style=\"color: #000080;\" href=\"https:\/\/iucerrahpasavakfi.org.tr\/?page_id=2556\"><strong>ayni ve gayrimenkul ba\u011f\u0131\u015f\u0131<\/strong><\/a><\/span> da kabul etmektedir.<\/p>\n<p><strong>\u00d6\u011frenim bursu i\u00e7in ba\u011f\u0131\u015f miktarlar\u0131 a\u015fa\u011f\u0131daki \u015fekildedir:<\/strong><\/p>\n<ul>\n<li><em>1 \u00f6\u011frenci i\u00e7in 2025-2026 (ayl\u0131k) burs bedeli 5.000 TL\u2019dir. Online \u00d6deme sayfas\u0131na gitmek i\u00e7in <strong><a href=\"https:\/\/bagis.iucerrahpasavakfi.org.tr\/tr\/Payment\/SavePayment?aciklama=1%20%C3%B6%C4%9Frenci%20i%C3%A7in%202025-2026%20(ayl%C4%B1k)%20burs%20bedeli&amp;fiyat=5000\"><span style=\"color: #000080;\">t\u0131klay\u0131n.<\/span><\/a><\/strong><b><\/b><\/em><\/li>\n<li><em>1 \u00f6\u011frenci i\u00e7in\u00a0 2025-2026 G\u00fcz d\u00f6nemi (4 ayl\u0131k) burs bedeli 20.000 TL\u2019dir. Online \u00d6deme sayfas\u0131na gitmek i\u00e7in <span style=\"color: #000080;\"><a style=\"color: #000080;\" href=\"https:\/\/bagis.iucerrahpasavakfi.org.tr\/tr\/Payment\/SavePayment?aciklama=1%20%C3%B6%C4%9Frenci%20i%C3%A7in%202025-2026%20G%C3%BCz%20D%C3%B6nemi%20(4%20ayl%C4%B1k)%20burs%20bedeli&amp;fiyat=20000\"><b>t\u0131klay\u0131n.<\/b><\/a><\/span><\/em><\/li>\n<li><em>1 \u00f6\u011frenci i\u00e7in\u00a0 2025-2026 Bahar d\u00f6nemi (5 ayl\u0131k) burs bedeli 25.000 TL\u2019dir. Online \u00d6deme sayfas\u0131na gitmek i\u00e7in <span style=\"color: #000080;\"><b><a style=\"color: #000080;\" href=\"https:\/\/bagis.iucerrahpasavakfi.org.tr\/tr\/Payment\/SavePayment?aciklama=1%20%C3%B6%C4%9Frenci%20i%C3%A7in%202025-2026%20Bahar%20D%C3%B6nemi%20(5%20ayl%C4%B1k)%20burs%20bedeli&amp;fiyat=25000\">t\u0131klay\u0131n<\/a>.<\/b><\/span><\/em><\/li>\n<li><em>1 \u00f6\u011frenci i\u00e7in y\u0131ll\u0131k burs bedeli 45.000 TL\u2019dir. Online \u00d6deme sayfas\u0131na gitmek i\u00e7in <span style=\"color: #000080;\"><b><a style=\"color: #000080;\" href=\"https:\/\/bagis.iucerrahpasavakfi.org.tr\/tr\/Payment\/SavePayment?aciklama=1%20%C3%B6%C4%9Frenci%20i%C3%A7in%20y%C4%B1ll%C4%B1k%20burs%20bedeli&amp;fiyat=45000\">t\u0131klay\u0131n<\/a>.<\/b><\/span><\/em><\/li>\n<li><em>5 \u00f6\u011frenci i\u00e7in y\u0131ll\u0131k burs bedeli 225.000 TL\u2019dir. Online \u00d6deme sayfas\u0131na gitmek i\u00e7in <span style=\"color: #000080;\"><b><a style=\"color: #000080;\" href=\"https:\/\/bagis.iucerrahpasavakfi.org.tr\/tr\/Payment\/SavePayment?aciklama=5%20%C3%B6%C4%9Frenci%20i%C3%A7in%20y%C4%B1ll%C4%B1k%20burs%20bedeli&amp;fiyat=225000\">t\u0131klay\u0131n<\/a>.<\/b><\/span><\/em><\/li>\n<li><em>10 \u00f6\u011frenci i\u00e7in y\u0131ll\u0131k burs bedeli 450.000 TL\u2019dir. Online \u00d6deme sayfas\u0131na gitmek i\u00e7in<span style=\"color: #000080;\">\u00a0<a style=\"color: #000080;\" href=\"https:\/\/bagis.iucerrahpasavakfi.org.tr\/tr\/Payment\/SavePayment?aciklama=10%20%C3%B6%C4%9Frenci%20i%C3%A7in%20y%C4%B1ll%C4%B1k%20burs%20bedeli&amp;fiyat=450000\"><b>t\u0131klay\u0131n<\/b><\/a><b>.<\/b><\/span><\/em><\/li>\n<\/ul>\n\n\t\t<\/div>\n\t<\/div>\n<\/div><\/div><\/div><\/div><div class=\"vc_row wpb_row vc_row-fluid themesflat_1662119956\"><div class=\"row_overlay\" style=\"\"><\/div><div class=\"wpb_column vc_column_container vc_col-sm-12\"><div class=\"vc_column-inner\"><div class=\"wpb_wrapper\"><div class=\"vc_empty_space\"   style=\"height: 32px\"><span class=\"vc_empty_space_inner\"><\/span><\/div><div class=\"vc_tta-container\" data-vc-action=\"collapse\"><div class=\"vc_general vc_tta vc_tta-tabs vc_tta-color-grey vc_tta-style-classic vc_tta-shape-rounded vc_tta-spacing-1 vc_tta-tabs-position-top vc_tta-controls-align-left\"><div class=\"vc_tta-tabs-container\"><ul class=\"vc_tta-tabs-list\"><li class=\"vc_tta-tab vc_active\" data-vc-tab><a href=\"#1607634372641-24ce9af4-0604\" data-vc-tabs data-vc-container=\".vc_tta\"><i class=\"vc_tta-icon fas fa-exchange-alt\"><\/i><span class=\"vc_tta-title-text\">EFT\/Havale ile Ba\u011f\u0131\u015f<\/span><\/a><\/li><li class=\"vc_tta-tab\" data-vc-tab><a href=\"#1607634372652-6c85a8b2-5472\" data-vc-tabs data-vc-container=\".vc_tta\"><i class=\"vc_tta-icon fas fa-credit-card\"><\/i><span class=\"vc_tta-title-text\">Online Ba\u011f\u0131\u015f<\/span><\/a><\/li><\/ul><\/div><div class=\"vc_tta-panels-container\"><div class=\"vc_tta-panels\"><div class=\"vc_tta-panel vc_active\" id=\"1607634372641-24ce9af4-0604\" data-vc-content=\".vc_tta-panel-body\"><div class=\"vc_tta-panel-heading\"><h4 class=\"vc_tta-panel-title\"><a href=\"#1607634372641-24ce9af4-0604\" data-vc-accordion data-vc-container=\".vc_tta-container\"><i class=\"vc_tta-icon fas fa-exchange-alt\"><\/i><span class=\"vc_tta-title-text\">EFT\/Havale ile Ba\u011f\u0131\u015f<\/span><\/a><\/h4><\/div><div class=\"vc_tta-panel-body\">\n\t<div class=\"wpb_text_column wpb_content_element \" >\n\t\t<div class=\"wpb_wrapper\">\n\t\t\t<p><strong><img loading=\"lazy\" class=\"alignnone wp-image-1905 size-medium\" src=\"https:\/\/iucerrahpasavakfi.org.tr\/wp-content\/uploads\/2020\/12\/vakifbank_yeni_logo_19219-300x36.png\" alt=\"\" width=\"300\" height=\"36\" srcset=\"https:\/\/iucerrahpasavakfi.org.tr\/wp-content\/uploads\/2020\/12\/vakifbank_yeni_logo_19219-300x36.png 300w, https:\/\/iucerrahpasavakfi.org.tr\/wp-content\/uploads\/2020\/12\/vakifbank_yeni_logo_19219-1024x124.png 1024w, https:\/\/iucerrahpasavakfi.org.tr\/wp-content\/uploads\/2020\/12\/vakifbank_yeni_logo_19219-768x93.png 768w, https:\/\/iucerrahpasavakfi.org.tr\/wp-content\/uploads\/2020\/12\/vakifbank_yeni_logo_19219-600x73.png 600w, https:\/\/iucerrahpasavakfi.org.tr\/wp-content\/uploads\/2020\/12\/vakifbank_yeni_logo_19219.png 1521w\" sizes=\"(max-width: 300px) 100vw, 300px\" \/><\/strong><\/p>\n<p>&nbsp;<\/p>\n<p>&nbsp;<\/p>\n<p><strong>A\u015fa\u011f\u0131daki hesap numaram\u0131za istedi\u011finiz miktarda ba\u011f\u0131\u015f yapabilirsiniz. Ba\u011f\u0131\u015flar\u0131n\u0131z i\u00e7in te\u015fekk\u00fcr ederiz.<\/strong><\/p>\n<p><strong>IBAN:<\/strong><\/p>\n<pre>TR84 0001 5001 5800 7309 1174 04<\/pre>\n<p><strong>HESAP NO:<\/strong><\/p>\n<p>158007309117404<\/p>\n<p><strong>HESAP ADI:<\/strong><\/p>\n<p>\u0130STANBUL \u00dcN\u0130VERS\u0130TES\u0130-CERRAHPA\u015eA GEL\u0130\u015eT\u0130RME VAKFI<\/p>\n<p><strong>BANKA:<\/strong><\/p>\n<p>T\u00dcRK\u0130YE VAKIFLAR BANKASI T.A.O<\/p>\n<p><strong>\u015eUBE:<\/strong><\/p>\n<p>339-AVCILAR \u015eUBES\u0130<\/p>\n\n\t\t<\/div>\n\t<\/div>\n<\/div><\/div><div class=\"vc_tta-panel\" id=\"1607634372652-6c85a8b2-5472\" data-vc-content=\".vc_tta-panel-body\"><div class=\"vc_tta-panel-heading\"><h4 class=\"vc_tta-panel-title\"><a href=\"#1607634372652-6c85a8b2-5472\" data-vc-accordion data-vc-container=\".vc_tta-container\"><i class=\"vc_tta-icon fas fa-credit-card\"><\/i><span class=\"vc_tta-title-text\">Online Ba\u011f\u0131\u015f<\/span><\/a><\/h4><\/div><div class=\"vc_tta-panel-body\">\n\t<div class=\"wpb_text_column wpb_content_element \" >\n\t\t<div class=\"wpb_wrapper\">\n\t\t\t<p><em>Online \u00d6deme sayfas\u0131na gitmek i\u00e7in <a href=\"https:\/\/bagis.iucerrahpasavakfi.org.tr\/\" target=\"_blank\" rel=\"noopener\"><strong>t\u0131klay\u0131n.<\/strong><\/a><\/em><\/p>\n\n\t\t<\/div>\n\t<\/div>\n<\/div><\/div><\/div><\/div><\/div><\/div><\/div><\/div><\/div><\/div>\n","protected":false},"excerpt":{"rendered":"\u0130stanbul \u00dcniversitesi-Cerrahpa\u015fa Geli\u015ftirme Vakf\u0131m\u0131za ba\u011f\u0131\u015fta bulunarak destek olmak i\u00e7in a\u015fa\u011f\u0131daki \u00f6deme y\u00f6ntemlerinden birini kullanabilirsiniz. Vakf\u0131m\u0131z nakdi [...]","protected":false},"author":1,"featured_media":0,"parent":0,"menu_order":0,"comment_status":"closed","ping_status":"closed","template":"","meta":[],"_links":{"self":[{"href":"https:\/\/iucerrahpasavakfi.org.tr\/index.php?rest_route=\/wp\/v2\/pages\/1877"}],"collection":[{"href":"https:\/\/iucerrahpasavakfi.org.tr\/index.php?rest_route=\/wp\/v2\/pages"}],"about":[{"href":"https:\/\/iucerrahpasavakfi.org.tr\/index.php?rest_route=\/wp\/v2\/types\/page"}],"author":[{"embeddable":true,"href":"https:\/\/iucerrahpasavakfi.org.tr\/index.php?rest_route=\/wp\/v2\/users\/1"}],"replies":[{"embeddable":true,"href":"https:\/\/iucerrahpasavakfi.org.tr\/index.php?rest_route=%2Fwp%2Fv2%2Fcomments&post=1877"}],"version-history":[{"count":46,"href":"https:\/\/iucerrahpasavakfi.org.tr\/index.php?rest_route=\/wp\/v2\/pages\/1877\/revisions"}],"predecessor-version":[{"id":2202,"href":"https:\/\/iucerrahpasavakfi.org.tr\/index.php?rest_route=\/wp\/v2\/pages\/1877\/revisions\/2202"}],"wp:attachment":[{"href":"https:\/\/iucerrahpasavakfi.org.tr\/index.php?rest_route=%2Fwp%2Fv2%2Fmedia&parent=1877"}],"curies":[{"name":"wp","href":"https:\/\/api.w.org\/{rel}","templated":true}]}}