{"id":2014,"date":"2021-01-10T19:06:26","date_gmt":"2021-01-10T16:06:26","guid":{"rendered":"https:\/\/iucerrahpasavakfi.org.tr\/?page_id=2014"},"modified":"2022-12-08T14:01:42","modified_gmt":"2022-12-08T11:01:42","slug":"kurumsal-kimlik-kilavuzu","status":"publish","type":"page","link":"https:\/\/iucerrahpasavakfi.org.tr\/?page_id=2014","title":{"rendered":"KURUMSAL K\u0130ML\u0130K KILAVUZU"},"content":{"rendered":"<div class=\"vc_row wpb_row vc_row-fluid themesflat_1777043206\"><div class=\"row_overlay\" style=\"\"><\/div><div class=\"wpb_column vc_column_container vc_col-sm-6\"><div class=\"vc_column-inner\"><div class=\"wpb_wrapper\">\n\t<div class=\"wpb_text_column wpb_content_element \" >\n\t\t<div class=\"wpb_wrapper\">\n\t\t\t<p style=\"text-align: center;\"><strong>\u0130\u00dc-Cerrahpa\u015fa Geli\u015ftirme Vakf\u0131 Logo PNG (300 dpi)<\/strong><\/p>\n\n\t\t<\/div>\n\t<\/div>\n<div class=\"vc_empty_space\"   style=\"height: 32px\"><span class=\"vc_empty_space_inner\"><\/span><\/div><\/div><\/div><\/div><div class=\"wpb_column vc_column_container vc_col-sm-6\"><div class=\"vc_column-inner\"><div class=\"wpb_wrapper\">\n\t<div class=\"wpb_text_column wpb_content_element \" >\n\t\t<div class=\"wpb_wrapper\">\n\t\t\t<p style=\"text-align: center;\"><strong>\u0130\u00dc-Cerrahpa\u015fa Geli\u015ftirme Vakf\u0131 Logo JPEG (300 dpi)<\/strong><\/p>\n\n\t\t<\/div>\n\t<\/div>\n<div class=\"vc_empty_space\"   style=\"height: 32px\"><span class=\"vc_empty_space_inner\"><\/span><\/div><\/div><\/div><\/div><\/div><div class=\"vc_row wpb_row vc_row-fluid themesflat_1777043206\"><div class=\"row_overlay\" style=\"\"><\/div><div class=\"wpb_column vc_column_container vc_col-sm-6\"><div class=\"vc_column-inner\"><div class=\"wpb_wrapper\">\n\t<div  class=\"wpb_single_image wpb_content_element vc_align_center\">\n\t\t\n\t\t<figure class=\"wpb_wrapper vc_figure\">\n\t\t\t<a href=\"https:\/\/iucerrahpasavakfi.org.tr\/wp-content\/uploads\/2022\/12\/IUCGVLOGOSON-1024x1020.png\" target=\"_self\" class=\"vc_single_image-wrapper   vc_box_border_grey\"><img width=\"150\" height=\"150\" src=\"https:\/\/iucerrahpasavakfi.org.tr\/wp-content\/uploads\/2022\/12\/IUCGVLOGOSON-150x150.png\" class=\"vc_single_image-img attachment-thumbnail\" alt=\"\" loading=\"lazy\" srcset=\"https:\/\/iucerrahpasavakfi.org.tr\/wp-content\/uploads\/2022\/12\/IUCGVLOGOSON-150x150.png 150w, https:\/\/iucerrahpasavakfi.org.tr\/wp-content\/uploads\/2022\/12\/IUCGVLOGOSON-300x300.png 300w, https:\/\/iucerrahpasavakfi.org.tr\/wp-content\/uploads\/2022\/12\/IUCGVLOGOSON-1024x1020.png 1024w, https:\/\/iucerrahpasavakfi.org.tr\/wp-content\/uploads\/2022\/12\/IUCGVLOGOSON-768x765.png 768w, https:\/\/iucerrahpasavakfi.org.tr\/wp-content\/uploads\/2022\/12\/IUCGVLOGOSON-1536x1530.png 1536w, https:\/\/iucerrahpasavakfi.org.tr\/wp-content\/uploads\/2022\/12\/IUCGVLOGOSON-2048x2040.png 2048w, https:\/\/iucerrahpasavakfi.org.tr\/wp-content\/uploads\/2022\/12\/IUCGVLOGOSON-12x12.png 12w, https:\/\/iucerrahpasavakfi.org.tr\/wp-content\/uploads\/2022\/12\/IUCGVLOGOSON-570x570.png 570w, https:\/\/iucerrahpasavakfi.org.tr\/wp-content\/uploads\/2022\/12\/IUCGVLOGOSON-320x320.png 320w, https:\/\/iucerrahpasavakfi.org.tr\/wp-content\/uploads\/2022\/12\/IUCGVLOGOSON-270x270.png 270w, https:\/\/iucerrahpasavakfi.org.tr\/wp-content\/uploads\/2022\/12\/IUCGVLOGOSON-90x90.png 90w\" sizes=\"(max-width: 150px) 100vw, 150px\" \/><\/a>\n\t\t<\/figure>\n\t<\/div>\n<\/div><\/div><\/div><div class=\"wpb_column vc_column_container vc_col-sm-6\"><div class=\"vc_column-inner\"><div class=\"wpb_wrapper\">\n\t<div  class=\"wpb_single_image wpb_content_element vc_align_center\">\n\t\t\n\t\t<figure class=\"wpb_wrapper vc_figure\">\n\t\t\t<a href=\"https:\/\/iucerrahpasavakfi.org.tr\/wp-content\/uploads\/2022\/12\/IUCGVLOGOSON-1024x1020.jpg\" target=\"_self\" class=\"vc_single_image-wrapper   vc_box_border_grey\"><img width=\"150\" height=\"150\" src=\"https:\/\/iucerrahpasavakfi.org.tr\/wp-content\/uploads\/2022\/12\/IUCGVLOGOSON-150x150.jpg\" class=\"vc_single_image-img attachment-thumbnail\" alt=\"\" loading=\"lazy\" srcset=\"https:\/\/iucerrahpasavakfi.org.tr\/wp-content\/uploads\/2022\/12\/IUCGVLOGOSON-150x150.jpg 150w, https:\/\/iucerrahpasavakfi.org.tr\/wp-content\/uploads\/2022\/12\/IUCGVLOGOSON-300x300.jpg 300w, https:\/\/iucerrahpasavakfi.org.tr\/wp-content\/uploads\/2022\/12\/IUCGVLOGOSON-1024x1020.jpg 1024w, https:\/\/iucerrahpasavakfi.org.tr\/wp-content\/uploads\/2022\/12\/IUCGVLOGOSON-768x765.jpg 768w, https:\/\/iucerrahpasavakfi.org.tr\/wp-content\/uploads\/2022\/12\/IUCGVLOGOSON-1536x1530.jpg 1536w, https:\/\/iucerrahpasavakfi.org.tr\/wp-content\/uploads\/2022\/12\/IUCGVLOGOSON-2048x2040.jpg 2048w, https:\/\/iucerrahpasavakfi.org.tr\/wp-content\/uploads\/2022\/12\/IUCGVLOGOSON-12x12.jpg 12w, https:\/\/iucerrahpasavakfi.org.tr\/wp-content\/uploads\/2022\/12\/IUCGVLOGOSON-570x570.jpg 570w, https:\/\/iucerrahpasavakfi.org.tr\/wp-content\/uploads\/2022\/12\/IUCGVLOGOSON-320x320.jpg 320w, https:\/\/iucerrahpasavakfi.org.tr\/wp-content\/uploads\/2022\/12\/IUCGVLOGOSON-270x270.jpg 270w, https:\/\/iucerrahpasavakfi.org.tr\/wp-content\/uploads\/2022\/12\/IUCGVLOGOSON-90x90.jpg 90w\" sizes=\"(max-width: 150px) 100vw, 150px\" \/><\/a>\n\t\t<\/figure>\n\t<\/div>\n<\/div><\/div><\/div><\/div><div class=\"vc_row wpb_row vc_row-fluid themesflat_1777043206\"><div class=\"row_overlay\" style=\"\"><\/div><div class=\"wpb_column vc_column_container vc_col-sm-6 vc_col-has-fill\"><div class=\"vc_column-inner vc_custom_1608800134635\"><div class=\"wpb_wrapper\">\n\t<div  class=\"wpb_single_image wpb_content_element vc_align_center\">\n\t\t\n\t\t<figure class=\"wpb_wrapper vc_figure\">\n\t\t\t<a href=\"https:\/\/iucerrahpasavakfi.org.tr\/wp-content\/uploads\/2022\/12\/IUCGVLOGOSONTYPE-1024x449.png\" target=\"_self\" class=\"vc_single_image-wrapper   vc_box_border_grey\"><img width=\"300\" height=\"131\" src=\"https:\/\/iucerrahpasavakfi.org.tr\/wp-content\/uploads\/2022\/12\/IUCGVLOGOSONTYPE-300x131.png\" class=\"vc_single_image-img attachment-medium\" alt=\"\" loading=\"lazy\" srcset=\"https:\/\/iucerrahpasavakfi.org.tr\/wp-content\/uploads\/2022\/12\/IUCGVLOGOSONTYPE-300x131.png 300w, https:\/\/iucerrahpasavakfi.org.tr\/wp-content\/uploads\/2022\/12\/IUCGVLOGOSONTYPE-1024x449.png 1024w, https:\/\/iucerrahpasavakfi.org.tr\/wp-content\/uploads\/2022\/12\/IUCGVLOGOSONTYPE-768x337.png 768w, https:\/\/iucerrahpasavakfi.org.tr\/wp-content\/uploads\/2022\/12\/IUCGVLOGOSONTYPE-1536x673.png 1536w, https:\/\/iucerrahpasavakfi.org.tr\/wp-content\/uploads\/2022\/12\/IUCGVLOGOSONTYPE-2048x898.png 2048w, https:\/\/iucerrahpasavakfi.org.tr\/wp-content\/uploads\/2022\/12\/IUCGVLOGOSONTYPE-16x7.png 16w\" sizes=\"(max-width: 300px) 100vw, 300px\" \/><\/a>\n\t\t<\/figure>\n\t<\/div>\n<\/div><\/div><\/div><div class=\"wpb_column vc_column_container vc_col-sm-6\"><div class=\"vc_column-inner\"><div class=\"wpb_wrapper\"><div class=\"vc_empty_space\"   style=\"height: 35px\"><span class=\"vc_empty_space_inner\"><\/span><\/div>\n\t<div  class=\"wpb_single_image wpb_content_element vc_align_center\">\n\t\t\n\t\t<figure class=\"wpb_wrapper vc_figure\">\n\t\t\t<a href=\"https:\/\/iucerrahpasavakfi.org.tr\/wp-content\/uploads\/2022\/12\/IUCGVLOGOSONTYPE-1024x449.jpg\" target=\"_self\" class=\"vc_single_image-wrapper   vc_box_border_grey\"><img width=\"300\" height=\"131\" src=\"https:\/\/iucerrahpasavakfi.org.tr\/wp-content\/uploads\/2022\/12\/IUCGVLOGOSONTYPE-300x131.jpg\" class=\"vc_single_image-img attachment-medium\" alt=\"\" loading=\"lazy\" srcset=\"https:\/\/iucerrahpasavakfi.org.tr\/wp-content\/uploads\/2022\/12\/IUCGVLOGOSONTYPE-300x131.jpg 300w, https:\/\/iucerrahpasavakfi.org.tr\/wp-content\/uploads\/2022\/12\/IUCGVLOGOSONTYPE-1024x449.jpg 1024w, https:\/\/iucerrahpasavakfi.org.tr\/wp-content\/uploads\/2022\/12\/IUCGVLOGOSONTYPE-768x337.jpg 768w, https:\/\/iucerrahpasavakfi.org.tr\/wp-content\/uploads\/2022\/12\/IUCGVLOGOSONTYPE-1536x673.jpg 1536w, https:\/\/iucerrahpasavakfi.org.tr\/wp-content\/uploads\/2022\/12\/IUCGVLOGOSONTYPE-2048x898.jpg 2048w, https:\/\/iucerrahpasavakfi.org.tr\/wp-content\/uploads\/2022\/12\/IUCGVLOGOSONTYPE-16x7.jpg 16w\" sizes=\"(max-width: 300px) 100vw, 300px\" \/><\/a>\n\t\t<\/figure>\n\t<\/div>\n<\/div><\/div><\/div><\/div><div class=\"vc_row wpb_row vc_row-fluid themesflat_1777043206\"><div class=\"row_overlay\" style=\"\"><\/div><div class=\"wpb_column vc_column_container vc_col-sm-12\"><div class=\"vc_column-inner\"><div class=\"wpb_wrapper\"><\/div><\/div><\/div><\/div>\n","protected":false},"excerpt":{"rendered":"\u0130\u00dc-Cerrahpa\u015fa Geli\u015ftirme Vakf\u0131 Logo PNG (300 dpi) \u0130\u00dc-Cerrahpa\u015fa Geli\u015ftirme Vakf\u0131 Logo JPEG (300 dpi)","protected":false},"author":1,"featured_media":0,"parent":0,"menu_order":0,"comment_status":"closed","ping_status":"closed","template":"","meta":[],"_links":{"self":[{"href":"https:\/\/iucerrahpasavakfi.org.tr\/index.php?rest_route=\/wp\/v2\/pages\/2014"}],"collection":[{"href":"https:\/\/iucerrahpasavakfi.org.tr\/index.php?rest_route=\/wp\/v2\/pages"}],"about":[{"href":"https:\/\/iucerrahpasavakfi.org.tr\/index.php?rest_route=\/wp\/v2\/types\/page"}],"author":[{"embeddable":true,"href":"https:\/\/iucerrahpasavakfi.org.tr\/index.php?rest_route=\/wp\/v2\/users\/1"}],"replies":[{"embeddable":true,"href":"https:\/\/iucerrahpasavakfi.org.tr\/index.php?rest_route=%2Fwp%2Fv2%2Fcomments&post=2014"}],"version-history":[{"count":10,"href":"https:\/\/iucerrahpasavakfi.org.tr\/index.php?rest_route=\/wp\/v2\/pages\/2014\/revisions"}],"predecessor-version":[{"id":2520,"href":"https:\/\/iucerrahpasavakfi.org.tr\/index.php?rest_route=\/wp\/v2\/pages\/2014\/revisions\/2520"}],"wp:attachment":[{"href":"https:\/\/iucerrahpasavakfi.org.tr\/index.php?rest_route=%2Fwp%2Fv2%2Fmedia&parent=2014"}],"curies":[{"name":"wp","href":"https:\/\/api.w.org\/{rel}","templated":true}]}}