{"id":2433,"date":"2022-12-03T11:29:08","date_gmt":"2022-12-03T08:29:08","guid":{"rendered":"https:\/\/iucerrahpasavakfi.org.tr\/?page_id=2433"},"modified":"2024-04-03T08:31:34","modified_gmt":"2024-04-03T05:31:34","slug":"egitim-destegi","status":"publish","type":"page","link":"https:\/\/iucerrahpasavakfi.org.tr\/?page_id=2433","title":{"rendered":"E\u011e\u0130T\u0130M DESTE\u011e\u0130"},"content":{"rendered":"<div class=\"vc_row wpb_row vc_row-fluid themesflat_1778096347\"><div class=\"row_overlay\" style=\"\"><\/div><div class=\"wpb_column vc_column_container vc_col-sm-12\"><div class=\"vc_column-inner\"><div class=\"wpb_wrapper\">\n\t<div class=\"wpb_text_column wpb_content_element \" >\n\t\t<div class=\"wpb_wrapper\">\n\t\t\t<p><strong>De\u011ferli \u00d6\u011frencilerimiz;<\/strong><\/p>\n<p><strong>\u0130stanbul \u00dcniversitesi- Cerrahpa\u015fa Geli\u015ftirme Vakf\u0131 e\u011fitim-\u00f6\u011fretim d\u00f6nemi ba\u015f\u0131nda vermi\u015f oldu\u011fu burslardan ayr\u0131 ve tek sefere mahsus olarak 100 lisans \u00f6\u011frencisine \u201cE\u011fitim Deste\u011fi \u201cverme karar\u0131 alm\u0131\u015ft\u0131r.<\/strong><\/p>\n<p><strong>E\u011fitim Deste\u011fi ba\u015fvurular\u0131, online (\u00e7evrimi\u00e7i) olarak 05.09.2022 tarihinde saat 12:00\u2019de ba\u015flayacak ve 19.12.2022 tarihinde saat 23:59\u2019da sona erecektir.\u00a0<\/strong><\/p>\n<p><strong><u>A\u015fa\u011f\u0131daki ko\u015fullar\u0131 sa\u011flayan \u00f6\u011frenciler aras\u0131ndan ba\u015far\u0131 s\u0131ralamas\u0131na g\u00f6re 100 \u00f6\u011frencimiz burs almaya hak kazanacakt\u0131r.<\/u><\/strong><\/p>\n<p>1- \u0130stanbul \u00dcniversitesi-Cerrahpa\u015fa\u2019n\u0131n a\u015fa\u011f\u0131da belirtilen fak\u00fcltelerinde <strong>lisans<\/strong> \u00f6\u011frencisi olarak e\u011fitim g\u00f6r\u00fcyor olmak:<\/p>\n<p><em>Cerrahpa\u015fa T\u0131p Fak\u00fcltesi, M\u00fchendislik Fak\u00fcltesi, Orman Fak\u00fcltesi, Veteriner Fak\u00fcltesi, Hasan \u00c2li Y\u00fccel E\u011fitim Fak\u00fcltesi, Sa\u011fl\u0131k Bilimleri Fak\u00fcltesi, Florence Nightingale Hem\u015firelik Fak\u00fcltesi, Spor Bilimleri Fak\u00fcltesi, Di\u015f Hekimli\u011fi Fak\u00fcltesi, Eczac\u0131l\u0131k Fak\u00fcltesi.<\/em><\/p>\n<p>2- Herhangi bir kurumdan <strong>burs deste\u011fi alm\u0131yor<\/strong> olmak.<\/p>\n<p><strong><u>Ba\u015fvuru S\u00fcreci<\/u><\/strong><\/p>\n<ul>\n<li>E\u011fitim Deste\u011fi \u00f6demeleri, tek seferde ve herhangi bir kurumdan burs deste\u011fi almayan \u00f6\u011frenciler i\u00e7in bir kereye mahsus olarak yap\u0131lacakt\u0131r.<\/li>\n<li>Ba\u015fvurular yaln\u0131zca online (\u00e7evrimi\u00e7i) olarak al\u0131nacak; \u015fahsen, posta veya e-posta yoluyla yap\u0131lan ba\u015fvurular <strong>kabul edilmeyecektir.<\/strong><\/li>\n<li>Ba\u015fvurular, online (\u00e7evrimi\u00e7i) olarak \u0130\u00dcC Geli\u015ftirme Vakf\u0131 web sayfas\u0131 \u00fczerinden \u201cBurslar\/E\u011fitim Destekleri\u201d sekmesinden <strong><span style=\"color: #000080;\"><a style=\"color: #000080;\" href=\"https:\/\/iucerrahpasavakfi.org.tr\/\">https:\/\/iucerrahpasavakfi.org.tr\/<\/a><\/span><\/strong> al\u0131nacakt\u0131r.<\/li>\n<li>E\u011fitim Deste\u011fi ihtiyac\u0131, Vakf\u0131m\u0131z\u0131n burs de\u011ferlendirmesinde kulland\u0131\u011f\u0131 Dijital Algoritma Sistemi arac\u0131l\u0131\u011f\u0131yla belirlenecek olup <strong>m\u00fclakat yap\u0131lmayacakt\u0131r.<\/strong><\/li>\n<li><strong>Burs almaya hak kazanan \u00f6\u011frencilerimiz \u015fahsen bilgilendirilecek\u00a0 sonu\u00e7 isim listesi ayr\u0131ca ilan edilmeyecektir.<\/strong><\/li>\n<li><strong>Yap\u0131lan de\u011ferlendirmeler neticesinde E\u011fitim Deste\u011fi almaya hak kazanan \u00f6\u011frencilerimizin \u00f6demeleri beyan ettikleri banka hesaplar\u0131na yat\u0131r\u0131lacakt\u0131r.\u00a0<\/strong><\/li>\n<\/ul>\n<p>G\u00fcncel burs ve destek duyurular\u0131n\u0131 <strong><span style=\"color: #000080;\"><a style=\"color: #000080;\" href=\"https:\/\/iucerrahpasavakfi.org.tr\/\">iucerrahpasavakfi.org.tr<\/a> <\/span><\/strong>web adresinden ve<strong><span style=\"color: #000080;\"> <a style=\"color: #000080;\" href=\"https:\/\/www.instagram.com\/iucerrahpasavakfi\/\">iucgelistirmevakfi instagram<\/a><\/span><\/strong> hesab\u0131ndan takip edebilirsiniz.<\/p>\n\n\t\t<\/div>\n\t<\/div>\n<\/div><\/div><\/div><\/div><div class=\"vc_row wpb_row vc_row-fluid themesflat_1778096347\"><div class=\"row_overlay\" style=\"\"><\/div><div class=\"wpb_column vc_column_container vc_col-sm-12\"><div class=\"vc_column-inner\"><div class=\"wpb_wrapper\"><div class=\"vc_empty_space\"   style=\"height: 32px\"><span class=\"vc_empty_space_inner\"><\/span><\/div><\/div><\/div><\/div><\/div>\n","protected":false},"excerpt":{"rendered":"De\u011ferli \u00d6\u011frencilerimiz; \u0130stanbul \u00dcniversitesi- Cerrahpa\u015fa Geli\u015ftirme Vakf\u0131 e\u011fitim-\u00f6\u011fretim d\u00f6nemi ba\u015f\u0131nda vermi\u015f oldu\u011fu burslardan ayr\u0131 ve tek [...]","protected":false},"author":1,"featured_media":0,"parent":0,"menu_order":0,"comment_status":"closed","ping_status":"closed","template":"","meta":[],"_links":{"self":[{"href":"https:\/\/iucerrahpasavakfi.org.tr\/index.php?rest_route=\/wp\/v2\/pages\/2433"}],"collection":[{"href":"https:\/\/iucerrahpasavakfi.org.tr\/index.php?rest_route=\/wp\/v2\/pages"}],"about":[{"href":"https:\/\/iucerrahpasavakfi.org.tr\/index.php?rest_route=\/wp\/v2\/types\/page"}],"author":[{"embeddable":true,"href":"https:\/\/iucerrahpasavakfi.org.tr\/index.php?rest_route=\/wp\/v2\/users\/1"}],"replies":[{"embeddable":true,"href":"https:\/\/iucerrahpasavakfi.org.tr\/index.php?rest_route=%2Fwp%2Fv2%2Fcomments&post=2433"}],"version-history":[{"count":15,"href":"https:\/\/iucerrahpasavakfi.org.tr\/index.php?rest_route=\/wp\/v2\/pages\/2433\/revisions"}],"predecessor-version":[{"id":3171,"href":"https:\/\/iucerrahpasavakfi.org.tr\/index.php?rest_route=\/wp\/v2\/pages\/2433\/revisions\/3171"}],"wp:attachment":[{"href":"https:\/\/iucerrahpasavakfi.org.tr\/index.php?rest_route=%2Fwp%2Fv2%2Fmedia&parent=2433"}],"curies":[{"name":"wp","href":"https:\/\/api.w.org\/{rel}","templated":true}]}}