{"id":2541,"date":"2022-12-19T15:33:34","date_gmt":"2022-12-19T12:33:34","guid":{"rendered":"https:\/\/iucerrahpasavakfi.org.tr\/?page_id=2541"},"modified":"2025-11-24T10:35:32","modified_gmt":"2025-11-24T07:35:32","slug":"universitemiz-birimleri","status":"publish","type":"page","link":"https:\/\/iucerrahpasavakfi.org.tr\/?page_id=2541","title":{"rendered":"\u00dcN\u0130VERS\u0130TEM\u0130Z B\u0130R\u0130MLER\u0130"},"content":{"rendered":"<div class=\"vc_row wpb_row vc_row-fluid themesflat_1777043401\"><div class=\"row_overlay\" style=\"\"><\/div><div class=\"wpb_column vc_column_container vc_col-sm-12\"><div class=\"vc_column-inner\"><div class=\"wpb_wrapper\">\n\t<div class=\"wpb_text_column wpb_content_element \" >\n\t\t<div class=\"wpb_wrapper\">\n\t\t\t<p><span style=\"font-size: 12pt;\">\u0130stanbul \u00dcniversitesi-Cerrahpa\u015fa b\u00fcnyesinde 12 Fak\u00fclte, 6 Enstit\u00fc, 1 Y\u00fcksekokul, 5 Meslek Y\u00fcksekokulu ve 17 Uygulama ve Ara\u015ft\u0131rma Merkezi bulunmaktad\u0131r.<\/span><\/p>\n<ul>\n<li><a href=\"https:\/\/www.iuc.edu.tr\"><strong>\u0130stanbul \u00dcniversitesi-Cerrahpa\u015fa<\/strong><\/a><\/li>\n<\/ul>\n<p><span style=\"font-size: 12pt;\"><strong>Fak\u00fclteler:<\/strong><\/span><\/p>\n<table style=\"border-collapse: collapse; width: 100%; height: 696px;\">\n<tbody>\n<tr style=\"height: 116px;\">\n<td style=\"width: 11.4529%; height: 116px;\"><img loading=\"lazy\" class=\"aligncenter\" src=\"https:\/\/cdn.iuc.edu.tr\/FileHandler.ashx?f=cSe8vNFkJEqbW3OSfPnbEA\" width=\"116\" height=\"107\" \/><\/td>\n<td style=\"width: 38.5471%; height: 116px; text-align: left;\"><a href=\"https:\/\/cerrahpasa.iuc.edu.tr\/\">Cerrahpa\u015fa T\u0131p Fak\u00fcltesi<\/a><\/td>\n<td style=\"width: 10.0692%; height: 116px;\"><img loading=\"lazy\" class=\"aligncenter\" src=\"https:\/\/cdn.iuc.edu.tr\/FileHandler2.ashx?f=florence_nightingale_hemsirelik_fakultesi-tr-jpeg.jpg\" width=\"116\" height=\"107\" \/><\/td>\n<td style=\"width: 39.9308%; height: 116px; text-align: left;\"><a href=\"https:\/\/florencenightingale.iuc.edu.tr\/\">Florence Nightingale Hem\u015firelik Fak\u00fcltesi<\/a><\/td>\n<\/tr>\n<tr style=\"height: 116px;\">\n<td style=\"width: 11.4529%; height: 116px;\"><img loading=\"lazy\" class=\"aligncenter\" src=\"https:\/\/cdn.iuc.edu.tr\/FileHandler.ashx?f=jJvJLBEYRUe92gmmolgfVw\" width=\"116\" height=\"107\" \/><\/td>\n<td style=\"width: 38.5471%; height: 116px; text-align: left;\"><a href=\"https:\/\/muhendislik.iuc.edu.tr\/\">M\u00fchendislik Fak\u00fcltesi<\/a><\/td>\n<td style=\"width: 10.0692%; height: 116px;\"><img loading=\"lazy\" class=\"aligncenter\" src=\"https:\/\/cdn.iuc.edu.tr\/FileHandler2.ashx?f=spor-bilimleri-faku\u0308ltesi-logopng.png\" width=\"116\" height=\"107\" \/><\/td>\n<td style=\"width: 39.9308%; height: 116px; text-align: left;\"><a href=\"https:\/\/sporbilimleri.iuc.edu.tr\/\">Spor Bilimleri Fak\u00fcltesi<\/a><\/td>\n<\/tr>\n<tr style=\"height: 116px;\">\n<td style=\"width: 11.4529%; height: 116px;\"><img loading=\"lazy\" class=\"aligncenter\" src=\"https:\/\/cdn.iuc.edu.tr\/FileHandler.ashx?f=0t7SwK2LOkqDOqN76PwQFw\" width=\"116\" height=\"107\" \/><\/td>\n<td style=\"width: 38.5471%; height: 116px; text-align: left;\"><a href=\"https:\/\/orman.iuc.edu.tr\/\">Orman Fak\u00fcltesi<\/a><\/td>\n<td style=\"width: 10.0692%; height: 116px;\"><img loading=\"lazy\" class=\"aligncenter\" src=\"https:\/\/cdn.iuc.edu.tr\/FileHandler.ashx?f=AL_R539FEUuRRKMVftFMTw\" width=\"116\" height=\"107\" \/><\/td>\n<td style=\"width: 39.9308%; height: 116px; text-align: left;\"><a href=\"https:\/\/dentistry.iuc.edu.tr\/\">Di\u015f Hekimli\u011fi Fak\u00fcltesi<\/a><\/td>\n<\/tr>\n<tr style=\"height: 116px;\">\n<td style=\"width: 11.4529%; height: 116px;\"><img loading=\"lazy\" class=\"aligncenter\" src=\"https:\/\/cdn.iuc.edu.tr\/FileHandler.ashx?f=vs7XvWm68UGGg2wGct1kCw\" width=\"116\" height=\"107\" \/><\/td>\n<td style=\"width: 38.5471%; height: 116px; text-align: left;\"><a href=\"https:\/\/veteriner.iuc.edu.tr\/\">Veteriner Fak\u00fcltesi<\/a><\/td>\n<td style=\"width: 10.0692%; height: 116px;\"><img loading=\"lazy\" class=\"aligncenter\" src=\"https:\/\/cdn.iuc.edu.tr\/FileHandler.ashx?f=x9wrcNuoQ0ifv5wu0KipNg\" width=\"116\" height=\"107\" \/><\/td>\n<td style=\"width: 39.9308%; height: 116px; text-align: left;\"><a href=\"https:\/\/eczacilik.iuc.edu.tr\/\">Eczac\u0131l\u0131k Fak\u00fcltesi<\/a><\/td>\n<\/tr>\n<tr style=\"height: 116px;\">\n<td style=\"width: 11.4529%; height: 116px;\"><img loading=\"lazy\" class=\"aligncenter\" src=\"https:\/\/cdn.iuc.edu.tr\/FileHandler.ashx?f=4SbPt1ZrgkGhFfnJhjPQbw\" width=\"116\" height=\"107\" \/><\/td>\n<td style=\"width: 38.5471%; height: 116px; text-align: left;\"><a href=\"https:\/\/hayef.iuc.edu.tr\/\">Hasan \u00c2li Y\u00fccel E\u011fitim Fak\u00fcltesi<\/a><\/td>\n<td style=\"width: 10.0692%; height: 116px;\"><img loading=\"lazy\" class=\"aligncenter\" src=\"https:\/\/cdn.iuc.edu.tr\/FileHandler.ashx?f=96nkPOYx0EmF-Tex9dJLaQ\" width=\"116\" height=\"107\" \/><\/td>\n<td style=\"width: 39.9308%; height: 116px; text-align: left;\">\u0130\u015fletme Fak\u00fcltesi (Kurulu\u015f A\u015famas\u0131nda)<\/td>\n<\/tr>\n<tr style=\"height: 116px;\">\n<td style=\"width: 11.4529%; height: 116px; text-align: left;\"><img loading=\"lazy\" class=\"aligncenter\" src=\"https:\/\/cdn.iuc.edu.tr\/FileHandler.ashx?f=2gCb0c7JI0ODH9s-AS7r8Q\" width=\"116\" height=\"107\" \/><\/td>\n<td style=\"width: 38.5471%; height: 116px; text-align: left;\"><a href=\"https:\/\/sabif.iuc.edu.tr\/\">Sa\u011fl\u0131k Bilimleri Fak\u00fcltesi<\/a><\/td>\n<td style=\"width: 10.0692%; height: 116px;\"><img loading=\"lazy\" class=\"aligncenter\" src=\"https:\/\/cdn.iuc.edu.tr\/FileHandler.ashx?f=96nkPOYx0EmF-Tex9dJLaQ\" width=\"116\" height=\"107\" \/><\/td>\n<td style=\"width: 39.9308%; height: 116px; text-align: left;\">\u0130ktisat Fak\u00fcltesi (Kurulu\u015f A\u015famas\u0131nda)<\/td>\n<\/tr>\n<\/tbody>\n<\/table>\n<p><span style=\"font-size: 12pt;\"><strong>Enstit\u00fcler:<\/strong><\/span><\/p>\n<table style=\"border-collapse: collapse; width: 100%; height: 303px;\">\n<tbody>\n<tr style=\"height: 116px;\">\n<td style=\"width: 11.4529%; height: 37px;\"><img loading=\"lazy\" class=\"aligncenter\" src=\"https:\/\/cdn.iuc.edu.tr\/FileHandler.ashx?f=Ug7EAmJH4Ey3b88h05VYuA\" width=\"116\" height=\"107\" \/><\/td>\n<td style=\"width: 38.5471%; height: 37px; text-align: left;\"><a href=\"https:\/\/adlitip.iuc.edu.tr\/\">Adli T\u0131p ve Adli Bilimler Enstit\u00fcs\u00fc<\/a><\/td>\n<td style=\"width: 10.0692%; height: 37px;\"><img loading=\"lazy\" class=\"aligncenter\" src=\"https:\/\/cdn.iuc.edu.tr\/FileHandler.ashx?f=ItOHPRnRD0aspv7BL-aDAg\" width=\"116\" height=\"107\" \/><\/td>\n<td style=\"width: 39.9308%; height: 37px; text-align: left;\"><a href=\"https:\/\/nanobite.iuc.edu.tr\/\">Nanoteknoloji ve Biyoteknoloji Enstit\u00fcs\u00fc<\/a><\/td>\n<\/tr>\n<tr style=\"height: 116px;\">\n<td style=\"width: 11.4529%; height: 150px;\"><img loading=\"lazy\" class=\"aligncenter\" src=\"https:\/\/cdn.iuc.edu.tr\/FileHandler.ashx?f=dktBuOpHukWrR6R5NN1dSQ\" width=\"116\" height=\"107\" \/><\/td>\n<td style=\"width: 38.5471%; height: 150px; text-align: left;\"><a href=\"https:\/\/lisansustuegitim.iuc.edu.tr\/\">Lisans\u00fcst\u00fc E\u011fitim Enstit\u00fcs\u00fc<\/a><\/td>\n<td style=\"width: 10.0692%; height: 150px;\"><img loading=\"lazy\" class=\"aligncenter\" src=\"https:\/\/cdn.iuc.edu.tr\/FileHandler.ashx?f=7xnbZhwaO0Ow_duJqToUXg\" width=\"116\" height=\"107\" \/><\/td>\n<td style=\"width: 39.9308%; height: 150px; text-align: left;\"><a href=\"https:\/\/akciger.iuc.edu.tr\/\">Akci\u011fer Hastal\u0131klar\u0131 ve T\u00fcberk\u00fcloz Enstit\u00fcs\u00fc<\/a><\/td>\n<\/tr>\n<tr style=\"height: 116px;\">\n<td style=\"width: 11.4529%; height: 116px;\"><img loading=\"lazy\" class=\"aligncenter\" src=\"https:\/\/cdn.iuc.edu.tr\/FileHandler.ashx?f=8k0tKgh_tU6YOUYhXKwAYg\" width=\"116\" height=\"107\" \/><\/td>\n<td style=\"width: 38.5471%; height: 116px; text-align: left;\"><a href=\"https:\/\/kardiyoloji.iuc.edu.tr\/\">Kardiyoloji Enstit\u00fcs\u00fc<\/a><\/td>\n<td style=\"width: 10.0692%; height: 116px;\"><img loading=\"lazy\" class=\"aligncenter\" src=\"https:\/\/cdn.iuc.edu.tr\/FileHandler.ashx?f=iipoLTmY606VGdyDbkIQCA\" width=\"116\" height=\"107\" \/><\/td>\n<td style=\"width: 39.9308%; height: 116px; text-align: left;\"><a href=\"https:\/\/norolojikbilimler.iuc.edu.tr\/\">N\u00f6rolojik Bilimler Enstit\u00fcs\u00fc<\/a><\/td>\n<\/tr>\n<\/tbody>\n<\/table>\n<p><span style=\"font-size: 12pt;\"><strong>Y\u00fcksekokul:<\/strong><\/span><\/p>\n<table style=\"border-collapse: collapse; width: 100%; height: 10px;\">\n<tbody>\n<tr style=\"height: 116px;\">\n<td style=\"width: 5.6743%; height: 10px;\"><img loading=\"lazy\" class=\"aligncenter\" src=\"https:\/\/cdn.iuc.edu.tr\/FileHandler2.ashx?f=yabanci_diller_yuksekokulu-07.jpg\" width=\"116\" height=\"107\" \/><\/td>\n<td style=\"width: 44.3257%; height: 10px; text-align: left;\"><a href=\"https:\/\/yabancidiller.iuc.edu.tr\/\">Yabanc\u0131 Diller Y\u00fcksekokulu<\/a><\/td>\n<\/tr>\n<\/tbody>\n<\/table>\n<p><span style=\"font-size: 12pt;\"><strong>Meslek Y\u00fcksekokullar\u0131:<\/strong><\/span><\/p>\n<table style=\"border-collapse: collapse; width: 100%; height: 303px;\">\n<tbody>\n<tr style=\"height: 116px;\">\n<td style=\"width: 11.4529%; height: 37px;\"><img loading=\"lazy\" class=\"aligncenter\" src=\"https:\/\/cdn.iuc.edu.tr\/FileHandler.ashx?f=VyEqJ10iokitze9ZyxjasA\" width=\"116\" height=\"107\" \/><\/td>\n<td style=\"width: 38.5471%; height: 37px; text-align: left;\"><a href=\"https:\/\/teknikbilimlermyo.iuc.edu.tr\/\">Teknik Bilimler Meslek Y\u00fcksekokulu<\/a><\/td>\n<td style=\"width: 10.0692%; height: 37px;\"><img loading=\"lazy\" class=\"aligncenter\" src=\"https:\/\/cdn.iuc.edu.tr\/FileHandler.ashx?f=HqB2J1ewcEOUiJ6WwbYL6g\" width=\"116\" height=\"107\" \/><\/td>\n<td style=\"width: 39.9308%; height: 37px; text-align: left;\"><a href=\"https:\/\/veterinermyo.iuc.edu.tr\/\">Veterinerlik Meslek Y\u00fcksekokulu<\/a><\/td>\n<\/tr>\n<tr style=\"height: 116px;\">\n<td style=\"width: 11.4529%; height: 150px;\"><img loading=\"lazy\" class=\"aligncenter\" src=\"https:\/\/cdn.iuc.edu.tr\/FileHandler.ashx?f=Wn1f_4abgU6b3EicnUNKsw\" width=\"116\" height=\"107\" \/><\/td>\n<td style=\"width: 38.5471%; height: 150px; text-align: left;\"><a href=\"https:\/\/ormancilikmyo.iuc.edu.tr\/\">Ormanc\u0131l\u0131k Meslek Y\u00fcksekokulu<\/a><\/td>\n<td style=\"width: 10.0692%; height: 150px;\"><img loading=\"lazy\" class=\"aligncenter\" src=\"https:\/\/cdn.iuc.edu.tr\/FileHandler.ashx?f=7xnbZhwaO0Ow_duJqToUXg\" width=\"116\" height=\"107\" \/><\/td>\n<td style=\"width: 39.9308%; height: 150px; text-align: left;\"><a href=\"https:\/\/sosyalbilimlermyo.iuc.edu.tr\/\">Sosyal Bilimler Meslek Y\u00fcksekokulu<\/a><\/td>\n<\/tr>\n<tr style=\"height: 116px;\">\n<td style=\"width: 11.4529%; height: 116px;\"><img loading=\"lazy\" class=\"aligncenter\" src=\"https:\/\/cdn.iuc.edu.tr\/FileHandler.ashx?f=epTiH-wRykeO4t2kReo7Ag\" width=\"116\" height=\"107\" \/><\/td>\n<td style=\"width: 38.5471%; height: 116px; text-align: left;\"><a href=\"https:\/\/saglikhizmetlerimyo.iuc.edu.tr\/\">Sa\u011fl\u0131k Hizmetleri Meslek Y\u00fcksekokulu<\/a><\/td>\n<td style=\"width: 10.0692%; height: 116px;\"><\/td>\n<td style=\"width: 39.9308%; height: 116px; text-align: left;\"><\/td>\n<\/tr>\n<\/tbody>\n<\/table>\n<p><span style=\"font-size: 12pt;\"><strong>Uygulama ve Ara\u015ft\u0131rma Merkezleri:<\/strong><\/span><\/p>\n<ul>\n<li><span style=\"color: #333399;\"><a style=\"color: #333399;\" href=\"https:\/\/auzem.iuc.edu.tr\/\"><span style=\"font-size: 12pt;\">A\u00e7\u0131k ve Uzaktan E\u011fitim Uygulama ve Ara\u015ft\u0131rma Merkezi<\/span><\/a><\/span><\/li>\n<li><span style=\"color: #333399;\"><a style=\"color: #333399;\" href=\"https:\/\/adsuam.iuc.edu.tr\/tr\/_\"><span style=\"font-size: 12pt;\">A\u011f\u0131z ve Di\u015f Sa\u011fl\u0131\u011f\u0131 Uygulama ve Ara\u015ft\u0131rma Merkezi<\/span><\/a><\/span><\/li>\n<li><span style=\"color: #333399;\"><a style=\"color: #333399;\" href=\"https:\/\/behcet.iuc.edu.tr\/tr\/_\"><span style=\"font-size: 12pt;\">Beh\u00e7et Hastal\u0131\u011f\u0131 Uygulama ve Ara\u015ft\u0131rma Merkezi<\/span><\/a><\/span><\/li>\n<li><span style=\"color: #333399;\"><a style=\"color: #333399;\" href=\"https:\/\/biyomedikal.iuc.edu.tr\/\"><span style=\"font-size: 12pt;\">Biyomedikal M\u00fchendisli\u011fi Uygulama ve Ara\u015ft\u0131rma Merkezi<\/span><\/a><\/span><\/li>\n<li><span style=\"color: #333399;\"><a style=\"color: #333399;\" href=\"https:\/\/ceybam.iuc.edu.tr\/tr\/_\"><span style=\"font-size: 12pt;\">\u00c7evre ve Yer Bilimleri Uygulama ve Ara\u015ft\u0131rma Merkezi<\/span><\/a><\/span><\/li>\n<li><span style=\"color: #333399;\"><a style=\"color: #333399;\" href=\"https:\/\/cocukakademisi.iuc.edu.tr\/\"><span style=\"font-size: 12pt;\">\u00c7ocuk Akademisi Uygulama ve Ara\u015ft\u0131rma Merkezi<\/span><\/a><\/span><\/li>\n<li><span style=\"color: #333399;\"><a style=\"color: #333399;\" href=\"https:\/\/enerjiyonetimi.iuc.edu.tr\/tr\/_\"><span style=\"font-size: 12pt;\">Enerji Y\u00f6netimi Uygulama ve Ara\u015ft\u0131rma Merkezi<\/span><\/a><\/span><\/li>\n<li><span style=\"color: #333399;\"><a style=\"color: #333399;\" href=\"https:\/\/getat.iuc.edu.tr\/tr\/_\"><span style=\"font-size: 12pt;\">Geleneksel ve Tamamlay\u0131c\u0131 T\u0131p Uygulama ve Ara\u015ft\u0131rma Merkezi<\/span><\/a><\/span><\/li>\n<li><span style=\"color: #333399;\"><a style=\"color: #333399;\" href=\"https:\/\/gaam.iuc.edu.tr\/tr\/_\"><span style=\"font-size: 12pt;\">G\u0131da Antioksidanlar\u0131 \u00d6l\u00e7\u00fcm\u00fc Uygulama ve Ara\u015ft\u0131rma Merkezi<\/span><\/a><\/span><\/li>\n<li><span style=\"color: #333399;\"><a style=\"color: #333399;\" href=\"https:\/\/hipofiz.iuc.edu.tr\/\"><span style=\"font-size: 12pt;\">Hipofiz Hastal\u0131klar\u0131 ve T\u00fcm\u00f6rleri Uygulama ve Ara\u015ft\u0131rma Merkezi<\/span><\/a><\/span><\/li>\n<li><span style=\"color: #333399;\"><a style=\"color: #333399;\" href=\"https:\/\/kariyer.iuc.edu.tr\/\"><span style=\"font-size: 12pt;\">Kariyer Planlama Uygulama ve Ara\u015ft\u0131rma Merkezi<\/span><\/a><\/span><\/li>\n<li><span style=\"color: #333399;\"><a style=\"color: #333399;\" href=\"https:\/\/kamm.iuc.edu.tr\/\"><span style=\"font-size: 12pt;\">Klinik Ara\u015ft\u0131rmalar M\u00fckemmeliyet Uygulama ve Ara\u015ft\u0131rma Merkezi<\/span><\/a><\/span><\/li>\n<li><span style=\"color: #333399;\"><a style=\"color: #333399;\" href=\"https:\/\/orcuvam.iuc.edu.tr\/\"><span style=\"font-size: 12pt;\">Ormanc\u0131l\u0131k \u00c7al\u0131\u015fmalar\u0131 Uygulama ve Ara\u015ft\u0131rma Merkezi<\/span><\/a><\/span><\/li>\n<li><span style=\"color: #333399;\"><a style=\"color: #333399;\" href=\"https:\/\/osteoarkeoloji.iuc.edu.tr\/tr\/_\"><span style=\"font-size: 12pt;\">Osteoarkeoloji Uygulama ve Ara\u015ft\u0131rma Merkezi<\/span><\/a><\/span><\/li>\n<li><span style=\"color: #333399;\"><a style=\"color: #333399;\" href=\"https:\/\/sakucam.iuc.edu.tr\/\"><span style=\"font-size: 12pt;\">Sa\u011fl\u0131k Kurulu\u015flar\u0131 \u0130\u00e7in \u00c7evre \u00c7al\u0131\u015fmalar\u0131 Uygulama ve Ara\u015ft\u0131rma Merkezi<\/span><\/a><\/span><\/li>\n<li><span style=\"color: #333399;\"><a style=\"color: #333399;\" href=\"https:\/\/sem.iuc.edu.tr\/\"><span style=\"font-size: 12pt;\">S\u00fcrekli E\u011fitim Uygulama ve Ara\u015ft\u0131rma Merkezi<\/span><\/a><\/span><\/li>\n<\/ul>\n\n\t\t<\/div>\n\t<\/div>\n<\/div><\/div><\/div><\/div>\n","protected":false},"excerpt":{"rendered":"\u0130stanbul \u00dcniversitesi-Cerrahpa\u015fa b\u00fcnyesinde 12 Fak\u00fclte, 6 Enstit\u00fc, 1 Y\u00fcksekokul, 5 Meslek Y\u00fcksekokulu ve 17 Uygulama ve [...]","protected":false},"author":1,"featured_media":0,"parent":0,"menu_order":0,"comment_status":"closed","ping_status":"closed","template":"","meta":[],"_links":{"self":[{"href":"https:\/\/iucerrahpasavakfi.org.tr\/index.php?rest_route=\/wp\/v2\/pages\/2541"}],"collection":[{"href":"https:\/\/iucerrahpasavakfi.org.tr\/index.php?rest_route=\/wp\/v2\/pages"}],"about":[{"href":"https:\/\/iucerrahpasavakfi.org.tr\/index.php?rest_route=\/wp\/v2\/types\/page"}],"author":[{"embeddable":true,"href":"https:\/\/iucerrahpasavakfi.org.tr\/index.php?rest_route=\/wp\/v2\/users\/1"}],"replies":[{"embeddable":true,"href":"https:\/\/iucerrahpasavakfi.org.tr\/index.php?rest_route=%2Fwp%2Fv2%2Fcomments&post=2541"}],"version-history":[{"count":9,"href":"https:\/\/iucerrahpasavakfi.org.tr\/index.php?rest_route=\/wp\/v2\/pages\/2541\/revisions"}],"predecessor-version":[{"id":3753,"href":"https:\/\/iucerrahpasavakfi.org.tr\/index.php?rest_route=\/wp\/v2\/pages\/2541\/revisions\/3753"}],"wp:attachment":[{"href":"https:\/\/iucerrahpasavakfi.org.tr\/index.php?rest_route=%2Fwp%2Fv2%2Fmedia&parent=2541"}],"curies":[{"name":"wp","href":"https:\/\/api.w.org\/{rel}","templated":true}]}}