{"id":2556,"date":"2022-12-22T14:50:02","date_gmt":"2022-12-22T11:50:02","guid":{"rendered":"https:\/\/iucerrahpasavakfi.org.tr\/?page_id=2556"},"modified":"2024-02-02T15:25:10","modified_gmt":"2024-02-02T12:25:10","slug":"ayni-bagis","status":"publish","type":"page","link":"https:\/\/iucerrahpasavakfi.org.tr\/?page_id=2556","title":{"rendered":"AYN\u00ce BA\u011eI\u015e\/GAYR\u0130MENKUL"},"content":{"rendered":"<div class=\"vc_row wpb_row vc_row-fluid themesflat_1777043499\"><div class=\"row_overlay\" style=\"\"><\/div><div class=\"wpb_column vc_column_container vc_col-sm-12\"><div class=\"vc_column-inner\"><div class=\"wpb_wrapper\">\n\t<div class=\"wpb_text_column wpb_content_element \" >\n\t\t<div class=\"wpb_wrapper\">\n\t\t\t<p><span style=\"font-size: 12pt;\">\u0130stanbul \u00dcniversitesi-Cerrahpa\u015fa Geli\u015ftirme Vakf\u0131;\u00a0 nakde d\u00f6n\u00fc\u015ft\u00fcr\u00fclebilen gayrimenkul, arsa, tarla, i\u015f yeri, ta\u015f\u0131n\u0131r-ta\u015f\u0131nmaz m\u00fclk veya de\u011ferlendirilebilecek, kullan\u0131labilecek durumda, yeni ve fatural\u0131 olan e\u015fya (elektrik, elektronik, giyim, k\u0131rtasiye vb.) kabul etmektedir.<\/span><\/p>\n<p><span style=\"font-size: 12pt;\"><strong>Ba\u011f\u0131\u015f yapmak i\u00e7in vakf\u0131m\u0131zla ileti\u015fime ge\u00e7iniz.<span style=\"color: #000080;\"><a style=\"color: #000080;\" href=\"https:\/\/iucerrahpasavakfi.org.tr\/?page_id=1401\"><em> \u0130leti\u015fim i\u00e7in t\u0131klay\u0131n\u0131z.<\/em><\/a><\/span><\/strong><\/span><\/p>\n<p><span style=\"font-size: 12pt;\">Ba\u011f\u0131\u015flar hakk\u0131nda detayl\u0131 bilgiler a\u015fa\u011f\u0131da mevcuttur.<\/span><\/p>\n\n\t\t<\/div>\n\t<\/div>\n<\/div><\/div><\/div><\/div><div class=\"vc_row wpb_row vc_row-fluid themesflat_1777043499\"><div class=\"row_overlay\" style=\"\"><\/div><div class=\"wpb_column vc_column_container vc_col-sm-12\"><div class=\"vc_column-inner\"><div class=\"wpb_wrapper\"><div class=\"vc_row wpb_row vc_inner vc_row-fluid\"><div class=\"wpb_column vc_column_container vc_col-sm-12\"><div class=\"vc_column-inner\"><div class=\"wpb_wrapper\"><div class=\"vc_empty_space\"   style=\"height: 32px\"><span class=\"vc_empty_space_inner\"><\/span><\/div><\/div><\/div><\/div><\/div><\/div><\/div><\/div><\/div><div class=\"vc_row wpb_row vc_row-fluid themesflat_1777043499\"><div class=\"row_overlay\" style=\"\"><\/div><div class=\"wpb_column vc_column_container vc_col-sm-12\"><div class=\"vc_column-inner\"><div class=\"wpb_wrapper\"><div class=\"vc_tta-container\" data-vc-action=\"collapse\"><div class=\"vc_general vc_tta vc_tta-tabs vc_tta-color-grey vc_tta-style-classic vc_tta-shape-rounded vc_tta-spacing-1 vc_tta-tabs-position-top vc_tta-controls-align-left\"><div class=\"vc_tta-tabs-container\"><ul class=\"vc_tta-tabs-list\"><li class=\"vc_tta-tab vc_active\" data-vc-tab><a href=\"#1674127857267-7b122dd0-f334\" data-vc-tabs data-vc-container=\".vc_tta\"><span class=\"vc_tta-title-text\">Gayrimenkul Ba\u011f\u0131\u015f\u0131<\/span><\/a><\/li><li class=\"vc_tta-tab\" data-vc-tab><a href=\"#1674127857291-6d0afa7d-3bf8\" data-vc-tabs data-vc-container=\".vc_tta\"><span class=\"vc_tta-title-text\">Telif Gelirleri Ba\u011f\u0131\u015flar\u0131<\/span><\/a><\/li><\/ul><\/div><div class=\"vc_tta-panels-container\"><div class=\"vc_tta-panels\"><div class=\"vc_tta-panel vc_active\" id=\"1674127857267-7b122dd0-f334\" data-vc-content=\".vc_tta-panel-body\"><div class=\"vc_tta-panel-heading\"><h4 class=\"vc_tta-panel-title\"><a href=\"#1674127857267-7b122dd0-f334\" data-vc-accordion data-vc-container=\".vc_tta-container\"><span class=\"vc_tta-title-text\">Gayrimenkul Ba\u011f\u0131\u015f\u0131<\/span><\/a><\/h4><\/div><div class=\"vc_tta-panel-body\">\n\t<div class=\"wpb_text_column wpb_content_element \" >\n\t\t<div class=\"wpb_wrapper\">\n\t\t\t<p><span style=\"font-size: 12pt;\"><strong>Gayrimenkul ba\u011f\u0131\u015f\u0131 hakk\u0131nda;<\/strong><\/span><\/p>\n<p>&nbsp;<\/p>\n<ul>\n<li style=\"font-weight: 400;\"><span style=\"font-size: 12pt;\">Ba\u011f\u0131\u015flanacak olan ta\u015f\u0131n\u0131r-ta\u015f\u0131nmaz gayrimenkuller tek hissedarl\u0131 olmal\u0131, hukuki s\u00fcre\u00e7 i\u00e7erisinde bulunmamal\u0131 ya da \u00fczerinde ipotek, \u015ferh, haciz, vergi borcu ve miras ihtilaf\u0131 olmamal\u0131d\u0131r.<\/span><\/li>\n<li style=\"font-weight: 400;\"><span style=\"font-size: 12pt;\">Kiraya verilebilir veya k\u0131sa s\u00fcrede sat\u0131labilir nitelikte olmal\u0131d\u0131r.<\/span><\/li>\n<li style=\"font-weight: 400;\"><span style=\"font-size: 12pt;\">Belediye kamula\u015ft\u0131rma alan\u0131, sit-arkeolojik alan gibi k\u0131s\u0131tlar i\u00e7erisinde bulunmamal\u0131d\u0131r.<\/span><\/li>\n<\/ul>\n<p>&nbsp;<\/p>\n<p><em><strong>Ba\u011f\u0131\u015f yapmak i\u00e7in vakf\u0131m\u0131zla ileti\u015fime ge\u00e7iniz. <span style=\"color: #000080;\"><a style=\"color: #000080;\" href=\"https:\/\/iucerrahpasavakfi.org.tr\/?page_id=1401\">\u0130leti\u015fim i\u00e7in t\u0131klay\u0131n\u0131z.<\/a><\/span><\/strong><\/em><\/p>\n\n\t\t<\/div>\n\t<\/div>\n<\/div><\/div><div class=\"vc_tta-panel\" id=\"1674127857291-6d0afa7d-3bf8\" data-vc-content=\".vc_tta-panel-body\"><div class=\"vc_tta-panel-heading\"><h4 class=\"vc_tta-panel-title\"><a href=\"#1674127857291-6d0afa7d-3bf8\" data-vc-accordion data-vc-container=\".vc_tta-container\"><span class=\"vc_tta-title-text\">Telif Gelirleri Ba\u011f\u0131\u015flar\u0131<\/span><\/a><\/h4><\/div><div class=\"vc_tta-panel-body\">\n\t<div class=\"wpb_text_column wpb_content_element \" >\n\t\t<div class=\"wpb_wrapper\">\n\t\t\t<p><span style=\"font-size: 12pt;\"><strong>Telif\u00a0 Gelirleri Ba\u011f\u0131\u015f\u0131 Hakk\u0131nda;<\/strong><\/span><\/p>\n<p style=\"background: white; margin: 0cm 0cm .75pt 0cm;\"><span style=\"color: #11263e; font-size: 12pt;\">Yazarlar\u0131m\u0131z, kitap gelirlerini; sanat\u00e7\u0131lar\u0131m\u0131z film, m\u00fczik, resim ve sanat eserlerinin gelirlerini \u0130stanbul \u00dcniversitesi-Cerrahpa\u015fa Geli\u015ftirme Vakf\u0131na ba\u011f\u0131\u015flayabilirler.<\/span><\/p>\n<p style=\"background: white; margin: 0cm 0cm .75pt 0cm;\"><span style=\"color: #11263e;\">\u00a0<\/span><\/p>\n<p style=\"margin: 0cm; margin-bottom: .0001pt; background: white; box-sizing: border-box; font-variant-ligatures: normal; font-variant-caps: normal; orphans: 2; text-align: start; widows: 2; -webkit-text-stroke-width: 0px; text-decoration-thickness: initial; text-decoration-style: initial; text-decoration-color: initial; word-spacing: 0px;\"><span style=\"color: #11263e;\"><strong>Ba\u011f\u0131\u015fta bulunmak i\u00e7in Vakf\u0131m\u0131z ile ileti\u015fime ge\u00e7iniz.<\/strong>\u00a0<\/span><strong><span style=\"box-sizing: border-box;\"><span style=\"color: #333399;\"><a style=\"box-sizing: border-box; transition: all 0.3s ease 0s;\" href=\"https:\/\/iucerrahpasavakfi.org.tr\/?page_id=1401\"><span style=\"color: #333399; text-decoration: none; text-underline: none;\">\u0130leti\u015fim i\u00e7in t\u0131klay\u0131n\u0131z.<\/span><\/a><\/span><\/span><\/strong><\/p>\n\n\t\t<\/div>\n\t<\/div>\n<\/div><\/div><\/div><\/div><\/div><\/div><\/div><\/div><\/div><\/div>\n","protected":false},"excerpt":{"rendered":"\u0130stanbul \u00dcniversitesi-Cerrahpa\u015fa Geli\u015ftirme Vakf\u0131;\u00a0 nakde d\u00f6n\u00fc\u015ft\u00fcr\u00fclebilen gayrimenkul, arsa, tarla, i\u015f yeri, ta\u015f\u0131n\u0131r-ta\u015f\u0131nmaz m\u00fclk veya de\u011ferlendirilebilecek, kullan\u0131labilecek [...]","protected":false},"author":1,"featured_media":0,"parent":0,"menu_order":0,"comment_status":"closed","ping_status":"closed","template":"","meta":[],"_links":{"self":[{"href":"https:\/\/iucerrahpasavakfi.org.tr\/index.php?rest_route=\/wp\/v2\/pages\/2556"}],"collection":[{"href":"https:\/\/iucerrahpasavakfi.org.tr\/index.php?rest_route=\/wp\/v2\/pages"}],"about":[{"href":"https:\/\/iucerrahpasavakfi.org.tr\/index.php?rest_route=\/wp\/v2\/types\/page"}],"author":[{"embeddable":true,"href":"https:\/\/iucerrahpasavakfi.org.tr\/index.php?rest_route=\/wp\/v2\/users\/1"}],"replies":[{"embeddable":true,"href":"https:\/\/iucerrahpasavakfi.org.tr\/index.php?rest_route=%2Fwp%2Fv2%2Fcomments&post=2556"}],"version-history":[{"count":26,"href":"https:\/\/iucerrahpasavakfi.org.tr\/index.php?rest_route=\/wp\/v2\/pages\/2556\/revisions"}],"predecessor-version":[{"id":3003,"href":"https:\/\/iucerrahpasavakfi.org.tr\/index.php?rest_route=\/wp\/v2\/pages\/2556\/revisions\/3003"}],"wp:attachment":[{"href":"https:\/\/iucerrahpasavakfi.org.tr\/index.php?rest_route=%2Fwp%2Fv2%2Fmedia&parent=2556"}],"curies":[{"name":"wp","href":"https:\/\/api.w.org\/{rel}","templated":true}]}}