{"id":2903,"date":"2023-12-14T14:27:26","date_gmt":"2023-12-14T11:27:26","guid":{"rendered":"https:\/\/iucerrahpasavakfi.org.tr\/?page_id=2903"},"modified":"2026-01-06T16:24:20","modified_gmt":"2026-01-06T13:24:20","slug":"q1-yayin-destegi","status":"publish","type":"page","link":"https:\/\/iucerrahpasavakfi.org.tr\/?page_id=2903","title":{"rendered":"Q1 Yay\u0131n Te\u015fvik Deste\u011fi"},"content":{"rendered":"<p style=\"text-align: center;\"><span style=\"font-size: 14pt; font-family: georgia, palatino, serif;\"><strong>\u0130stanbul \u00dcniversitesi-Cerrahpa\u015fa Geli\u015ftirme Vakf\u0131<\/strong><\/span><br \/>\n<span style=\"font-size: 14pt; font-family: georgia, palatino, serif;\"><b>Q1 Yay\u0131n Deste\u011fi<\/b><strong>\u00a0Y\u00f6nergesi<\/strong><\/span><\/p>\n<p>&nbsp;<\/p>\n<p data-start=\"171\" data-end=\"459\">Vakf\u0131m\u0131z, \u0130stanbul \u00dcniversitesi-Cerrahpa\u015fa\u2019n\u0131n akademik \u00fcretkenli\u011fini art\u0131rmak ve ulusal\/uluslararas\u0131 s\u0131ralamalardaki konumunu g\u00fc\u00e7lendirmek amac\u0131yla, <strong data-start=\"325\" data-end=\"378\">2024 y\u0131l\u0131nda ba\u015flatt\u0131\u011f\u0131 Q1 Yay\u0131n Deste\u011fi Program\u0131<\/strong> kapsam\u0131nda <strong data-start=\"390\" data-end=\"421\">2025 ve 2026 y\u0131l\u0131 yay\u0131nlar\u0131<\/strong> i\u00e7in ba\u015fvuru almaya devam etmektedir.<\/p>\n<p data-start=\"461\" data-end=\"738\">2024 y\u0131l\u0131nda 5.000 TL olarak yap\u0131lan destek \u00f6demesi Vak\u0131f Y\u00f6netim Kurulu karar\u0131yla<\/p>\n<ul data-start=\"842\" data-end=\"935\">\n<li data-start=\"842\" data-end=\"888\">\n<p data-start=\"844\" data-end=\"888\"><strong data-start=\"844\" data-end=\"867\">2025 y\u0131l\u0131 yay\u0131nlar\u0131<\/strong> i\u00e7in <strong data-start=\"873\" data-end=\"885\">7.500 TL<\/strong>,<\/p>\n<\/li>\n<li data-start=\"889\" data-end=\"935\">\n<p data-start=\"891\" data-end=\"935\"><strong data-start=\"891\" data-end=\"914\">2026 y\u0131l\u0131 yay\u0131nlar\u0131<\/strong> i\u00e7in <strong data-start=\"920\" data-end=\"933\">10.000 TL<\/strong><\/p>\n<\/li>\n<\/ul>\n<p data-start=\"937\" data-end=\"975\">olarak g\u00fcncellenmi\u015ftir.<\/p>\n<p>&nbsp;<\/p>\n<p><span style=\"font-size: 12pt; font-family: georgia, palatino, serif;\"><strong>Ba\u015fvuru Ko\u015fullar\u0131:<\/strong><\/span><\/p>\n<p><span style=\"font-family: georgia, palatino, serif; font-size: 12pt;\"><strong>1.<\/strong> Makalenin \u201cWeb of Science (WoS)\u201d veri taban\u0131nda Q1 \u00e7eyrek diliminde yer alan bir dergide yay\u0131mlanm\u0131\u015f tam makale olmas\u0131,<\/span><\/p>\n<p><span style=\"font-size: 12pt; font-family: georgia, palatino, serif;\"><strong>2.<\/strong> Yazarlar aras\u0131nda en az 1 (bir) adet yurt d\u0131\u015f\u0131 adresli ara\u015ft\u0131rmac\u0131n\u0131n bulunmas\u0131 (uluslararas\u0131 kat\u0131l\u0131ml\u0131 makale olmas\u0131),<\/span><\/p>\n<p><span style=\"font-size: 12pt; font-family: georgia, palatino, serif;\"><strong>3.<\/strong> Makalenin yay\u0131na kabul edilmi\u015f ve 2025 veya 2026 y\u0131l\u0131 i\u00e7erisinde bir \u201cdoi\u201d numaras\u0131 alm\u0131\u015f olmas\u0131 (2024 y\u0131l\u0131 ve \u00f6ncesinde kabul alm\u0131\u015f, bas\u0131lm\u0131\u015f veya \u201cdoi\u201d numaras\u0131 alm\u0131\u015f olanlar kapsam d\u0131\u015f\u0131nda tutulacakt\u0131r),<\/span><\/p>\n<p><span style=\"font-size: 12pt; font-family: georgia, palatino, serif;\"><strong>4.<\/strong> Makalede \u0130stanbul \u00dcniversitesi-Cerrahpa\u015fa (\u0130stanbul University-Cerrahpa\u015fa) ad\u0131n\u0131n tam, do\u011fru ve eksiksiz yaz\u0131lm\u0131\u015f olmas\u0131,<\/span><\/p>\n<p><span style=\"font-size: 12pt; font-family: georgia, palatino, serif;\"><strong>5.<\/strong> Sorumlu yazar (corresponding author) e-posta adresinin \u201ciuc.edu.tr\u201d uzant\u0131l\u0131 olmas\u0131,<\/span><\/p>\n<p><span style=\"font-family: georgia, palatino, serif; font-size: 12pt;\"><strong>6.<\/strong> Her bir makale i\u00e7in bir defa \u00f6deme yap\u0131lacak olup \u00f6deme ba\u015fvuruyu yapacak sorumlu yazar\u0131n (corresponding author) IBAN numaras\u0131na yap\u0131lacakt\u0131r,<\/span><\/p>\n<p><span style=\"font-family: georgia, palatino, serif; font-size: 12pt;\"><strong>7.<\/strong> Sorumlu yazar taraf\u0131ndan \u0130\u00dcC-AKS\u0130S (aksis.iuc.edu.tr) \u00fczerinden a\u015fa\u011f\u0131da bulunan ba\u015fvuru formunun doldurularak ekleriyle birlikte ba\u015fvuru yap\u0131lm\u0131\u015f olmas\u0131.<\/span><\/p>\n<p>*Ba\u015fvurular, \u00dcniversite taraf\u0131ndan olu\u015fturulan bir komisyon taraf\u0131ndan de\u011ferlendirilip sonu\u00e7land\u0131r\u0131lacakt\u0131r.<\/p>\n<p>&nbsp;<\/p>\n<p>&nbsp;<\/p>\n<div class=\"row_overlay\"><\/div>\n<div class=\"wpb_column vc_column_container vc_col-sm-12\">\n<div class=\"vc_column-inner\">\n<div class=\"wpb_wrapper\">\n<div class=\"wpb_text_column wpb_content_element \">\n<div class=\"wpb_wrapper\">\n<p data-wp-editing=\"1\"><span style=\"color: #003366;\"><a style=\"color: #003366;\" href=\"https:\/\/iucerrahpasavakfi.org.tr\/wp-content\/uploads\/2023\/12\/Yayin-Destegi-Basvuru-Formu.docx\"><img loading=\"lazy\" class=\"alignnone wp-image-2407\" src=\"https:\/\/iucerrahpasavakfi.org.tr\/wp-content\/uploads\/2022\/11\/Microsoft-Word-Logo-1-1024x935.png\" sizes=\"(max-width: 23px) 100vw, 23px\" srcset=\"https:\/\/iucerrahpasavakfi.org.tr\/wp-content\/uploads\/2022\/11\/Microsoft-Word-Logo-1-1024x935.png 1024w, https:\/\/iucerrahpasavakfi.org.tr\/wp-content\/uploads\/2022\/11\/Microsoft-Word-Logo-1-300x274.png 300w, https:\/\/iucerrahpasavakfi.org.tr\/wp-content\/uploads\/2022\/11\/Microsoft-Word-Logo-1-768x701.png 768w, https:\/\/iucerrahpasavakfi.org.tr\/wp-content\/uploads\/2022\/11\/Microsoft-Word-Logo-1-1536x1403.png 1536w, https:\/\/iucerrahpasavakfi.org.tr\/wp-content\/uploads\/2022\/11\/Microsoft-Word-Logo-1-2048x1870.png 2048w, https:\/\/iucerrahpasavakfi.org.tr\/wp-content\/uploads\/2022\/11\/Microsoft-Word-Logo-1-13x12.png 13w, https:\/\/iucerrahpasavakfi.org.tr\/wp-content\/uploads\/2022\/11\/Microsoft-Word-Logo-1-420x380.png 420w\" alt=\"\" width=\"23\" height=\"21\" \/><\/a><\/span><em><span style=\"color: #0000ff;\"><a style=\"color: #0000ff;\" href=\"https:\/\/iucerrahpasavakfi.org.tr\/wp-content\/uploads\/2023\/12\/Yayin-Destegi-Basvuru-Formu.docx\">\u00a0<\/a><a style=\"color: #0000ff;\" href=\"https:\/\/iucerrahpasavakfi.org.tr\/wp-content\/uploads\/2026\/01\/Q1-Yayin-Destegi-Basvuru-Formu-2025-2026.docx\"><strong>EK 1: \u0130\u00dc-Cerrahpa\u015fa Geli\u015ftirme Vakf\u0131 Yay\u0131n Deste\u011fi Ba\u015fvuru Formu \u00a0<\/strong><\/a><\/span><\/em><\/p>\n<p data-wp-editing=\"1\">\n<\/div>\n<\/div>\n<\/div>\n<\/div>\n<\/div>\n<p><span style=\"font-size: 12pt;\"><em>Yay\u0131n Deste\u011fine ba\u015fvuruda bulunmak i\u00e7in<a href=\"https:\/\/aksis.iuc.edu.tr\/Account\/LogOn?ReturnUrl=%2f\"><span style=\"color: #0000ff;\"><strong> t\u0131klay\u0131n\u0131z.<\/strong><\/span><\/a><\/em><\/span><\/p>\n","protected":false},"excerpt":{"rendered":"<p>\u0130stanbul \u00dcniversitesi-Cerrahpa\u015fa Geli\u015ftirme Vakf\u0131 Q1 Yay\u0131n Deste\u011fi\u00a0Y\u00f6nergesi &nbsp; Vakf\u0131m\u0131z, \u0130stanbul \u00dcniversitesi-Cerrahpa\u015fa\u2019n\u0131n akademik \u00fcretkenli\u011fini art\u0131rmak ve ulusal\/uluslararas\u0131 [&hellip;]<\/p>\n","protected":false},"author":1,"featured_media":0,"parent":0,"menu_order":0,"comment_status":"closed","ping_status":"closed","template":"","meta":[],"_links":{"self":[{"href":"https:\/\/iucerrahpasavakfi.org.tr\/index.php?rest_route=\/wp\/v2\/pages\/2903"}],"collection":[{"href":"https:\/\/iucerrahpasavakfi.org.tr\/index.php?rest_route=\/wp\/v2\/pages"}],"about":[{"href":"https:\/\/iucerrahpasavakfi.org.tr\/index.php?rest_route=\/wp\/v2\/types\/page"}],"author":[{"embeddable":true,"href":"https:\/\/iucerrahpasavakfi.org.tr\/index.php?rest_route=\/wp\/v2\/users\/1"}],"replies":[{"embeddable":true,"href":"https:\/\/iucerrahpasavakfi.org.tr\/index.php?rest_route=%2Fwp%2Fv2%2Fcomments&post=2903"}],"version-history":[{"count":40,"href":"https:\/\/iucerrahpasavakfi.org.tr\/index.php?rest_route=\/wp\/v2\/pages\/2903\/revisions"}],"predecessor-version":[{"id":3806,"href":"https:\/\/iucerrahpasavakfi.org.tr\/index.php?rest_route=\/wp\/v2\/pages\/2903\/revisions\/3806"}],"wp:attachment":[{"href":"https:\/\/iucerrahpasavakfi.org.tr\/index.php?rest_route=%2Fwp%2Fv2%2Fmedia&parent=2903"}],"curies":[{"name":"wp","href":"https:\/\/api.w.org\/{rel}","templated":true}]}}