{"id":3014,"date":"2024-02-14T16:03:37","date_gmt":"2024-02-14T13:03:37","guid":{"rendered":"https:\/\/iucerrahpasavakfi.org.tr\/?page_id=3014"},"modified":"2026-01-19T12:59:10","modified_gmt":"2026-01-19T09:59:10","slug":"egitim-destegi-2","status":"publish","type":"page","link":"https:\/\/iucerrahpasavakfi.org.tr\/?page_id=3014","title":{"rendered":"E\u011e\u0130T\u0130M DESTE\u011e\u0130"},"content":{"rendered":"<div class=\"vc_row wpb_row vc_row-fluid themesflat_1778072211\"><div class=\"row_overlay\" style=\"\"><\/div><div class=\"wpb_column vc_column_container vc_col-sm-12\"><div class=\"vc_column-inner\"><div class=\"wpb_wrapper\"><div class=\"vc_empty_space\"   style=\"height: 32px\"><span class=\"vc_empty_space_inner\"><\/span><\/div><\/div><\/div><\/div><\/div><div class=\"vc_row wpb_row vc_row-fluid themesflat_1778072211\"><div class=\"row_overlay\" style=\"\"><\/div><div class=\"wpb_column vc_column_container vc_col-sm-12\"><div class=\"vc_column-inner\"><div class=\"wpb_wrapper\">\n\t<div class=\"wpb_text_column wpb_content_element \" >\n\t\t<div class=\"wpb_wrapper\">\n\t\t\t<p><strong>De\u011ferli \u00d6\u011frencilerimiz;<\/strong><\/p>\n<p>\u0130stanbul \u00dcniversitesi- Cerrahpa\u015fa Geli\u015ftirme Vakf\u0131 e\u011fitim-\u00f6\u011fretim d\u00f6nemi ba\u015f\u0131nda vermi\u015f oldu\u011fu burslardan ayr\u0131 ve\u00a0<strong>tek sefere mahsus olarak\u00a0 &#8220;<\/strong>E\u011fitim Deste\u011fi&#8221;nde bulunmaktad\u0131r. E\u011fitim Deste\u011fi verilecek \u00f6\u011frenci say\u0131s\u0131 ve destek miktar\u0131 y\u0131l i\u00e7erisinde belirlenmekte ve Y\u00f6netim Kurulu karar\u0131yla ilan edilmektedir.<\/p>\n<p>E\u011fitim Deste\u011fi ba\u015fvurular\u0131, online (\u00e7evrimi\u00e7i) olarak <b>al\u0131nmakta ve ba\u015far\u0131 s\u0131ralamas\u0131na g\u00f6re burs alacak \u00f6\u011frenciler belirlenmektedir.<\/b><\/p>\n<p><strong><u>A\u015fa\u011f\u0131daki ko\u015fullar\u0131 sa\u011flayan \u00f6\u011frenciler ba\u015fvuruda bulunabilmektedir.<\/u><\/strong><\/p>\n<p>1- \u0130stanbul \u00dcniversitesi-Cerrahpa\u015fa\u2019n\u0131n a\u015fa\u011f\u0131da belirtilen fak\u00fcltelerinde\u00a0<strong>lisans<\/strong>\u00a0\u00f6\u011frencisi olarak e\u011fitim g\u00f6r\u00fcyor olmak:<\/p>\n<p><em>Cerrahpa\u015fa T\u0131p Fak\u00fcltesi, M\u00fchendislik Fak\u00fcltesi, Orman Fak\u00fcltesi, Veteriner Fak\u00fcltesi, Hasan \u00c2li Y\u00fccel E\u011fitim Fak\u00fcltesi, Sa\u011fl\u0131k Bilimleri Fak\u00fcltesi, Florence Nightingale Hem\u015firelik Fak\u00fcltesi, Spor Bilimleri Fak\u00fcltesi, Di\u015f Hekimli\u011fi Fak\u00fcltesi, Eczac\u0131l\u0131k Fak\u00fcltesi.<\/em><\/p>\n<p>2-Ba\u015fvuru esnas\u0131nda istenilen belgeleri eksiksiz olarak sisteme y\u00fcklemi\u015f olmak.<\/p>\n<p>&nbsp;<\/p>\n<p><strong><u>Ba\u015fvuru S\u00fcreci<\/u><\/strong><\/p>\n<ul>\n<li>E\u011fitim Deste\u011fi \u00f6demeleri bir kereye mahsus olarak yap\u0131l\u0131r.<\/li>\n<li>Ba\u015fvurular yaln\u0131zca online (\u00e7evrimi\u00e7i) olarak al\u0131n\u0131r; \u015fahsen, posta veya e-posta yoluyla yap\u0131lan ba\u015fvurular <strong>kabul edilmez.<\/strong><\/li>\n<li>E\u011fitim Deste\u011fi ihtiyac\u0131, Vakf\u0131m\u0131z\u0131n burs de\u011ferlendirmesinde kulland\u0131\u011f\u0131 Dijital Algoritma Sistemi arac\u0131l\u0131\u011f\u0131yla belirlenmekte olup <strong>m\u00fclakat yap\u0131lmamaktad\u0131r.<\/strong><\/li>\n<li><strong>Burs almaya hak kazanan \u00f6\u011frencilerimiz \u015fahsen bilgilendirilir sonu\u00e7 isim listesi ayr\u0131ca ilan edilmez.<\/strong><\/li>\n<li><strong>Yap\u0131lan de\u011ferlendirmeler neticesinde E\u011fitim Deste\u011fi almaya hak kazanan \u00f6\u011frencilerimizin \u00f6demeleri beyan ettikleri banka hesaplar\u0131na yat\u0131r\u0131lmaktad\u0131r.\u00a0<\/strong><\/li>\n<\/ul>\n<p>&nbsp;<\/p>\n<p>Ba\u015fvuruda bulunmak i\u00e7in<a href=\"https:\/\/basvuru.iuc.edu.tr\/\"><em><strong>\u00a0t\u0131klay\u0131n\u0131z.<\/strong><\/em><\/a><\/p>\n\n\t\t<\/div>\n\t<\/div>\n<\/div><\/div><\/div><div class=\"wpb_column vc_column_container vc_col-sm-12\"><div class=\"vc_column-inner\"><div class=\"wpb_wrapper\"><\/div><\/div><\/div><\/div>\n","protected":false},"excerpt":{"rendered":"De\u011ferli \u00d6\u011frencilerimiz; \u0130stanbul \u00dcniversitesi- Cerrahpa\u015fa Geli\u015ftirme Vakf\u0131 e\u011fitim-\u00f6\u011fretim d\u00f6nemi ba\u015f\u0131nda vermi\u015f oldu\u011fu burslardan ayr\u0131 ve\u00a0tek sefere [...]","protected":false},"author":1,"featured_media":0,"parent":0,"menu_order":0,"comment_status":"closed","ping_status":"closed","template":"","meta":[],"_links":{"self":[{"href":"https:\/\/iucerrahpasavakfi.org.tr\/index.php?rest_route=\/wp\/v2\/pages\/3014"}],"collection":[{"href":"https:\/\/iucerrahpasavakfi.org.tr\/index.php?rest_route=\/wp\/v2\/pages"}],"about":[{"href":"https:\/\/iucerrahpasavakfi.org.tr\/index.php?rest_route=\/wp\/v2\/types\/page"}],"author":[{"embeddable":true,"href":"https:\/\/iucerrahpasavakfi.org.tr\/index.php?rest_route=\/wp\/v2\/users\/1"}],"replies":[{"embeddable":true,"href":"https:\/\/iucerrahpasavakfi.org.tr\/index.php?rest_route=%2Fwp%2Fv2%2Fcomments&post=3014"}],"version-history":[{"count":15,"href":"https:\/\/iucerrahpasavakfi.org.tr\/index.php?rest_route=\/wp\/v2\/pages\/3014\/revisions"}],"predecessor-version":[{"id":3820,"href":"https:\/\/iucerrahpasavakfi.org.tr\/index.php?rest_route=\/wp\/v2\/pages\/3014\/revisions\/3820"}],"wp:attachment":[{"href":"https:\/\/iucerrahpasavakfi.org.tr\/index.php?rest_route=%2Fwp%2Fv2%2Fmedia&parent=3014"}],"curies":[{"name":"wp","href":"https:\/\/api.w.org\/{rel}","templated":true}]}}