{"id":3029,"date":"2024-02-16T10:38:44","date_gmt":"2024-02-16T07:38:44","guid":{"rendered":"https:\/\/iucerrahpasavakfi.org.tr\/?page_id=3029"},"modified":"2026-04-24T14:36:42","modified_gmt":"2026-04-24T11:36:42","slug":"taziye-bagisi","status":"publish","type":"page","link":"https:\/\/iucerrahpasavakfi.org.tr\/?page_id=3029","title":{"rendered":"Taziye Ba\u011f\u0131\u015f\u0131"},"content":{"rendered":"<div class=\"vc_row wpb_row vc_row-fluid themesflat_1778685713\"><div class=\"row_overlay\" style=\"\"><\/div><div class=\"wpb_column vc_column_container vc_col-sm-12\"><div class=\"vc_column-inner\"><div class=\"wpb_wrapper\"><div class=\"vc_empty_space\"   style=\"height: 32px\"><span class=\"vc_empty_space_inner\"><\/span><\/div><\/div><\/div><\/div><\/div><div class=\"vc_row wpb_row vc_row-fluid themesflat_1778685713\"><div class=\"row_overlay\" style=\"\"><\/div><div class=\"wpb_column vc_column_container vc_col-sm-4\"><div class=\"vc_column-inner\"><div class=\"wpb_wrapper\"><\/div><\/div><\/div><div class=\"wpb_column vc_column_container vc_col-sm-4\"><div class=\"vc_column-inner\"><div class=\"wpb_wrapper\">\n\t<div  class=\"wpb_single_image wpb_content_element vc_align_center\">\n\t\t\n\t\t<figure class=\"wpb_wrapper vc_figure\">\n\t\t\t<div class=\"vc_single_image-wrapper   vc_box_border_grey\"><img width=\"150\" height=\"221\" src=\"https:\/\/iucerrahpasavakfi.org.tr\/wp-content\/uploads\/2024\/02\/Varlik-2.png\" class=\"vc_single_image-img attachment-medium\" alt=\"\" loading=\"lazy\" srcset=\"https:\/\/iucerrahpasavakfi.org.tr\/wp-content\/uploads\/2024\/02\/Varlik-2.png 150w, https:\/\/iucerrahpasavakfi.org.tr\/wp-content\/uploads\/2024\/02\/Varlik-2-8x12.png 8w\" sizes=\"(max-width: 150px) 100vw, 150px\" \/><\/div>\n\t\t<\/figure>\n\t<\/div>\n<\/div><\/div><\/div><div class=\"wpb_column vc_column_container vc_col-sm-4\"><div class=\"vc_column-inner\"><div class=\"wpb_wrapper\"><\/div><\/div><\/div><\/div><div class=\"vc_row wpb_row vc_row-fluid themesflat_1778685713\"><div class=\"row_overlay\" style=\"\"><\/div><div class=\"wpb_column vc_column_container vc_col-sm-12\"><div class=\"vc_column-inner\"><div class=\"wpb_wrapper\"><div class=\"vc_row wpb_row vc_inner vc_row-fluid\"><div class=\"wpb_column vc_column_container vc_col-sm-12\"><div class=\"vc_column-inner\"><div class=\"wpb_wrapper\">\n\t<div class=\"wpb_text_column wpb_content_element \" >\n\t\t<div class=\"wpb_wrapper\">\n\t\t\t<p><span style=\"font-size: 14pt;\"><strong>Vefat eden yak\u0131nlar\u0131n\u0131z\u0131n ad\u0131na ba\u011f\u0131\u015f yaparak ailesi ve sevdiklerine taziye dileklerinizi iletebilir ve ac\u0131lar\u0131n\u0131 payla\u015fabilir; vefat eden ki\u015finin an\u0131s\u0131na \u00f6\u011frencilerimizin e\u011fitimlerine destek olabilirsiniz.<\/strong><\/span><\/p>\n<p>\u2022 Taziye Kart\u0131 g\u00f6ndermek i\u00e7in taziye ba\u011f\u0131\u015flar\u0131n\u0131z\u0131 a\u015fa\u011f\u0131daki IBAN numaras\u0131na yapt\u0131ktan sonra <strong><a href=\"https:\/\/forms.gle\/4BDKEEcm6W2TxYEH8\">Taziye Ba\u011f\u0131\u015f Formu<\/a><\/strong>&#8216;nda yer alan bilgileri doldurman\u0131z ve dekontu y\u00fcklemeniz gerekmektedir.<\/p>\n<p>\u2022 Payla\u015fm\u0131\u015f oldu\u011funuz dekont ve ba\u011f\u0131\u015f miktar\u0131 gizli tutulacakt\u0131r.<\/p>\n<p>\u2022 \u00d6rnek <a href=\"https:\/\/iucerrahpasavakfi.org.tr\/wp-content\/uploads\/2024\/03\/Ornek-Taziye-Karti.jpg\"><strong>Taziye Kart\u0131<\/strong><\/a>&#8216;n\u0131 g\u00f6rmek i\u00e7in t\u0131klay\u0131n\u0131z.<\/p>\n<p><span style=\"font-size: 10pt;\">Ba\u011f\u0131\u015f tutar\u0131 minimum 500 TL&#8217;dir. Dilerseniz bu tutar\u0131n \u00fczerinde de ba\u011f\u0131\u015f yapabilirsiniz. <\/span><span style=\"font-size: 10pt;\">Taziye kart\u0131 \u00fczerinde ba\u011f\u0131\u015f miktar\u0131 yer almayacakt\u0131r.\u00a0<\/span><\/p>\n<p><span style=\"font-size: 10pt;\">Taziye Kart\u0131 15&#215;21 cm, kapal\u0131 zarf ile g\u00f6nderilir.<\/span><\/p>\n<p><span style=\"font-size: 10pt;\">Taziye formu g\u00f6nderildikten sonra 4 i\u015f g\u00fcn\u00fc i\u00e7erisinde postaya verilmektedir. Sadece yurt i\u00e7i\/ev-i\u015f adreslerine g\u00f6nderim yap\u0131lmaktad\u0131r. Postan\u0131n al\u0131c\u0131ya teslim s\u00fcresi adrese g\u00f6re de\u011fi\u015fiklik g\u00f6stermektedir.<\/span><\/p>\n<p>\u0130leti\u015fim i\u00e7in <a href=\"https:\/\/iucerrahpasavakfi.org.tr\/?page_id=1401\"><strong>t\u0131klay\u0131n\u0131z.<\/strong><\/a><\/p>\n\n\t\t<\/div>\n\t<\/div>\n<\/div><\/div><\/div><\/div>\n\t<div class=\"wpb_text_column wpb_content_element \" >\n\t\t<div class=\"wpb_wrapper\">\n\t\t\t<hr \/>\n<p><strong><img loading=\"lazy\" class=\"alignnone wp-image-1905 size-small\" src=\"https:\/\/iucerrahpasavakfi.org.tr\/wp-content\/uploads\/2020\/12\/vakifbank_yeni_logo_19219-300x36.png\" alt=\"\" width=\"300\" height=\"36\" srcset=\"https:\/\/iucerrahpasavakfi.org.tr\/wp-content\/uploads\/2020\/12\/vakifbank_yeni_logo_19219-300x36.png 300w, https:\/\/iucerrahpasavakfi.org.tr\/wp-content\/uploads\/2020\/12\/vakifbank_yeni_logo_19219-1024x124.png 1024w, https:\/\/iucerrahpasavakfi.org.tr\/wp-content\/uploads\/2020\/12\/vakifbank_yeni_logo_19219-768x93.png 768w, https:\/\/iucerrahpasavakfi.org.tr\/wp-content\/uploads\/2020\/12\/vakifbank_yeni_logo_19219-600x73.png 600w, https:\/\/iucerrahpasavakfi.org.tr\/wp-content\/uploads\/2020\/12\/vakifbank_yeni_logo_19219.png 1521w\" sizes=\"(max-width: 300px) 100vw, 300px\" \/><\/strong><\/p>\n<p><strong>IBAN:<\/strong><\/p>\n<pre>TR84 0001 5001 5800 7309 1174 04<\/pre>\n<p><strong>HESAP NO:<\/strong><\/p>\n<p>158007309117404<\/p>\n<p><strong>HESAP ADI:<\/strong><\/p>\n<p>\u0130STANBUL \u00dcN\u0130VERS\u0130TES\u0130-CERRAHPA\u015eA GEL\u0130\u015eT\u0130RME VAKFI<\/p>\n<p><strong>BANKA:<\/strong><\/p>\n<p>T\u00dcRK\u0130YE VAKIFLAR BANKASI T.A.O<\/p>\n<p><strong>\u015eUBE:<\/strong><\/p>\n<p>339-AVCILAR \u015eUBES\u0130<\/p>\n\n\t\t<\/div>\n\t<\/div>\n<\/div><\/div><\/div><\/div><div class=\"vc_row wpb_row vc_row-fluid themesflat_1778685713\"><div class=\"row_overlay\" style=\"\"><\/div><div class=\"wpb_column vc_column_container vc_col-sm-12\"><div class=\"vc_column-inner\"><div class=\"wpb_wrapper\"><div class=\"vc_empty_space\"   style=\"height: 32px\"><span class=\"vc_empty_space_inner\"><\/span><\/div><\/div><\/div><\/div><\/div>\n","protected":false},"excerpt":{"rendered":"Vefat eden yak\u0131nlar\u0131n\u0131z\u0131n ad\u0131na ba\u011f\u0131\u015f yaparak ailesi ve sevdiklerine taziye dileklerinizi iletebilir ve ac\u0131lar\u0131n\u0131 payla\u015fabilir; vefat [...]","protected":false},"author":1,"featured_media":0,"parent":0,"menu_order":0,"comment_status":"closed","ping_status":"closed","template":"","meta":[],"_links":{"self":[{"href":"https:\/\/iucerrahpasavakfi.org.tr\/index.php?rest_route=\/wp\/v2\/pages\/3029"}],"collection":[{"href":"https:\/\/iucerrahpasavakfi.org.tr\/index.php?rest_route=\/wp\/v2\/pages"}],"about":[{"href":"https:\/\/iucerrahpasavakfi.org.tr\/index.php?rest_route=\/wp\/v2\/types\/page"}],"author":[{"embeddable":true,"href":"https:\/\/iucerrahpasavakfi.org.tr\/index.php?rest_route=\/wp\/v2\/users\/1"}],"replies":[{"embeddable":true,"href":"https:\/\/iucerrahpasavakfi.org.tr\/index.php?rest_route=%2Fwp%2Fv2%2Fcomments&post=3029"}],"version-history":[{"count":19,"href":"https:\/\/iucerrahpasavakfi.org.tr\/index.php?rest_route=\/wp\/v2\/pages\/3029\/revisions"}],"predecessor-version":[{"id":3958,"href":"https:\/\/iucerrahpasavakfi.org.tr\/index.php?rest_route=\/wp\/v2\/pages\/3029\/revisions\/3958"}],"wp:attachment":[{"href":"https:\/\/iucerrahpasavakfi.org.tr\/index.php?rest_route=%2Fwp%2Fv2%2Fmedia&parent=3029"}],"curies":[{"name":"wp","href":"https:\/\/api.w.org\/{rel}","templated":true}]}}