{"id":3061,"date":"2024-02-19T11:16:52","date_gmt":"2024-02-19T08:16:52","guid":{"rendered":"https:\/\/iucerrahpasavakfi.org.tr\/?page_id=3061"},"modified":"2024-03-08T14:26:42","modified_gmt":"2024-03-08T11:26:42","slug":"basinda-biz","status":"publish","type":"page","link":"https:\/\/iucerrahpasavakfi.org.tr\/?page_id=3061","title":{"rendered":"BASINDA B\u0130Z"},"content":{"rendered":"<div class=\"vc_row wpb_row vc_row-fluid themesflat_1777043436\"><div class=\"row_overlay\" style=\"\"><\/div><div class=\"wpb_column vc_column_container vc_col-sm-6\"><div class=\"vc_column-inner\"><div class=\"wpb_wrapper\">\n\t<div  class=\"wpb_single_image wpb_content_element vc_align_center\">\n\t\t\n\t\t<figure class=\"wpb_wrapper vc_figure\">\n\t\t\t<a href=\"https:\/\/www.milliyet.com.tr\/egitim\/depremzedeye-2000-tl-burs-7080988\" target=\"_blank\" class=\"vc_single_image-wrapper vc_box_shadow_3d  vc_box_border_grey\"><img width=\"1920\" height=\"1080\" src=\"https:\/\/iucerrahpasavakfi.org.tr\/wp-content\/uploads\/2024\/02\/milliyet-haber.jpg\" class=\"vc_single_image-img attachment-full\" alt=\"\" loading=\"lazy\" srcset=\"https:\/\/iucerrahpasavakfi.org.tr\/wp-content\/uploads\/2024\/02\/milliyet-haber.jpg 1920w, https:\/\/iucerrahpasavakfi.org.tr\/wp-content\/uploads\/2024\/02\/milliyet-haber-300x169.jpg 300w, https:\/\/iucerrahpasavakfi.org.tr\/wp-content\/uploads\/2024\/02\/milliyet-haber-1024x576.jpg 1024w, https:\/\/iucerrahpasavakfi.org.tr\/wp-content\/uploads\/2024\/02\/milliyet-haber-768x432.jpg 768w, https:\/\/iucerrahpasavakfi.org.tr\/wp-content\/uploads\/2024\/02\/milliyet-haber-1536x864.jpg 1536w, https:\/\/iucerrahpasavakfi.org.tr\/wp-content\/uploads\/2024\/02\/milliyet-haber-16x9.jpg 16w\" sizes=\"(max-width: 1920px) 100vw, 1920px\" \/><\/a>\n\t\t<\/figure>\n\t<\/div>\n\n\t<div class=\"wpb_text_column wpb_content_element \" >\n\t\t<div class=\"wpb_wrapper\">\n\t\t\t<hr \/>\n<p style=\"text-align: center;\"><strong><a href=\"https:\/\/www.milliyet.com.tr\/egitim\/depremzedeye-2000-tl-burs-7080988\" target=\"_blank\" rel=\"noopener\"><span style=\"font-size: 14pt;\">Milliyet: &#8220;Depremzedeye 2000 TL burs&#8221; <\/span><\/a><span style=\"color: #000080;\"><a style=\"color: #000080;\" href=\"https:\/\/www.milliyet.com.tr\/egitim\/depremzedeye-2000-tl-burs-7080988\" target=\"_blank\" rel=\"noopener\"><span style=\"font-size: 14pt;\">(19.02.2024)<\/span><\/a><\/span><\/strong><\/p>\n\n\t\t<\/div>\n\t<\/div>\n<\/div><\/div><\/div><div class=\"wpb_column vc_column_container vc_col-sm-6\"><div class=\"vc_column-inner\"><div class=\"wpb_wrapper\">\n\t<div  class=\"wpb_single_image wpb_content_element vc_align_center\">\n\t\t\n\t\t<figure class=\"wpb_wrapper vc_figure\">\n\t\t\t<a href=\"https:\/\/www.elazighakimiyethaber.com\/depremzede-ye-2-bin-tl-verilecek-elazig-da-icinde\/98515\/\" target=\"_blank\" class=\"vc_single_image-wrapper vc_box_shadow_3d  vc_box_border_grey\"><img width=\"1920\" height=\"1080\" src=\"https:\/\/iucerrahpasavakfi.org.tr\/wp-content\/uploads\/2024\/02\/elazig-hakimiyet.jpg\" class=\"vc_single_image-img attachment-full\" alt=\"\" loading=\"lazy\" srcset=\"https:\/\/iucerrahpasavakfi.org.tr\/wp-content\/uploads\/2024\/02\/elazig-hakimiyet.jpg 1920w, https:\/\/iucerrahpasavakfi.org.tr\/wp-content\/uploads\/2024\/02\/elazig-hakimiyet-300x169.jpg 300w, https:\/\/iucerrahpasavakfi.org.tr\/wp-content\/uploads\/2024\/02\/elazig-hakimiyet-1024x576.jpg 1024w, https:\/\/iucerrahpasavakfi.org.tr\/wp-content\/uploads\/2024\/02\/elazig-hakimiyet-768x432.jpg 768w, https:\/\/iucerrahpasavakfi.org.tr\/wp-content\/uploads\/2024\/02\/elazig-hakimiyet-1536x864.jpg 1536w, https:\/\/iucerrahpasavakfi.org.tr\/wp-content\/uploads\/2024\/02\/elazig-hakimiyet-16x9.jpg 16w\" sizes=\"(max-width: 1920px) 100vw, 1920px\" \/><\/a>\n\t\t<\/figure>\n\t<\/div>\n\n\t<div class=\"wpb_text_column wpb_content_element \" >\n\t\t<div class=\"wpb_wrapper\">\n\t\t\t<hr \/>\n<p style=\"text-align: center;\"><strong><a href=\"https:\/\/www.elazighakimiyethaber.com\/depremzede-ye-2-bin-tl-verilecek-elazig-da-icinde\/98515\/\" target=\"_blank\" rel=\"noopener\"><span style=\"font-size: 14pt;\">Elaz\u0131\u011f Hakimiyet: &#8220;Depremzedeye 2 Bin TL Verilecek Elaz\u0131\u011f da \u0130\u00e7inde&#8221; <span style=\"color: #000080;\">(21.02.2024)<\/span><\/span><\/a><\/strong><\/p>\n\n\t\t<\/div>\n\t<\/div>\n<\/div><\/div><\/div><\/div><div class=\"vc_row wpb_row vc_row-fluid themesflat_1777043436\"><div class=\"row_overlay\" style=\"\"><\/div><div class=\"wpb_column vc_column_container vc_col-sm-12\"><div class=\"vc_column-inner\"><div class=\"wpb_wrapper\"><div class=\"vc_empty_space\"   style=\"height: 32px\"><span class=\"vc_empty_space_inner\"><\/span><\/div><div class=\"vc_separator wpb_content_element vc_separator_align_center vc_sep_width_100 vc_sep_pos_align_center vc_separator_no_text vc_sep_color_grey\" ><span class=\"vc_sep_holder vc_sep_holder_l\"><span  class=\"vc_sep_line\"><\/span><\/span><span class=\"vc_sep_holder vc_sep_holder_r\"><span  class=\"vc_sep_line\"><\/span><\/span>\n<\/div><div class=\"vc_empty_space\"   style=\"height: 32px\"><span class=\"vc_empty_space_inner\"><\/span><\/div><\/div><\/div><\/div><\/div><div class=\"vc_row wpb_row vc_row-fluid themesflat_1777043436\"><div class=\"row_overlay\" style=\"\"><\/div><div class=\"wpb_column vc_column_container vc_col-sm-6\"><div class=\"vc_column-inner\"><div class=\"wpb_wrapper\">\n\t<div  class=\"wpb_single_image wpb_content_element vc_align_center\">\n\t\t\n\t\t<figure class=\"wpb_wrapper vc_figure\">\n\t\t\t<a href=\"https:\/\/www.mebhocam.com.tr\/meb-haber\/ogrenciler-burs-basvurusu-icin-son-gun-belli-oldu-h19118.html\" target=\"_blank\" class=\"vc_single_image-wrapper vc_box_shadow_3d  vc_box_border_grey\"><img width=\"1920\" height=\"1080\" src=\"https:\/\/iucerrahpasavakfi.org.tr\/wp-content\/uploads\/2024\/02\/meb-haber.jpg\" class=\"vc_single_image-img attachment-full\" alt=\"\" loading=\"lazy\" srcset=\"https:\/\/iucerrahpasavakfi.org.tr\/wp-content\/uploads\/2024\/02\/meb-haber.jpg 1920w, https:\/\/iucerrahpasavakfi.org.tr\/wp-content\/uploads\/2024\/02\/meb-haber-300x169.jpg 300w, https:\/\/iucerrahpasavakfi.org.tr\/wp-content\/uploads\/2024\/02\/meb-haber-1024x576.jpg 1024w, https:\/\/iucerrahpasavakfi.org.tr\/wp-content\/uploads\/2024\/02\/meb-haber-768x432.jpg 768w, https:\/\/iucerrahpasavakfi.org.tr\/wp-content\/uploads\/2024\/02\/meb-haber-1536x864.jpg 1536w, https:\/\/iucerrahpasavakfi.org.tr\/wp-content\/uploads\/2024\/02\/meb-haber-16x9.jpg 16w\" sizes=\"(max-width: 1920px) 100vw, 1920px\" \/><\/a>\n\t\t<\/figure>\n\t<\/div>\n\n\t<div class=\"wpb_text_column wpb_content_element \" >\n\t\t<div class=\"wpb_wrapper\">\n\t\t\t<hr \/>\n<p style=\"text-align: center;\"><strong><a href=\"https:\/\/www.mebhocam.com.tr\/meb-haber\/ogrenciler-burs-basvurusu-icin-son-gun-belli-oldu-h19118.html\" target=\"_blank\" rel=\"noopener\"><span style=\"font-size: 14pt;\">Meb Hocam: &#8220;\u00d6\u011frenciler burs ba\u015fvurusu i\u00e7in son g\u00fcn belli oldu&#8221; <span style=\"color: #000080;\">(22.02.2024)<\/span><\/span><\/a><\/strong><\/p>\n\n\t\t<\/div>\n\t<\/div>\n<\/div><\/div><\/div><div class=\"wpb_column vc_column_container vc_col-sm-6\"><div class=\"vc_column-inner\"><div class=\"wpb_wrapper\">\n\t<div  class=\"wpb_single_image wpb_content_element vc_align_center\">\n\t\t\n\t\t<figure class=\"wpb_wrapper vc_figure\">\n\t\t\t<a href=\"https:\/\/malatyasonsoz.com.tr\/haber\/19349796\/son-2-gun-kaldi-depremzedeye-2-bin-tl-verilecek\" target=\"_blank\" class=\"vc_single_image-wrapper vc_box_shadow_3d  vc_box_border_grey\"><img width=\"1920\" height=\"1080\" src=\"https:\/\/iucerrahpasavakfi.org.tr\/wp-content\/uploads\/2024\/02\/Son-soz.jpg\" class=\"vc_single_image-img attachment-full\" alt=\"\" loading=\"lazy\" srcset=\"https:\/\/iucerrahpasavakfi.org.tr\/wp-content\/uploads\/2024\/02\/Son-soz.jpg 1920w, https:\/\/iucerrahpasavakfi.org.tr\/wp-content\/uploads\/2024\/02\/Son-soz-300x169.jpg 300w, https:\/\/iucerrahpasavakfi.org.tr\/wp-content\/uploads\/2024\/02\/Son-soz-1024x576.jpg 1024w, https:\/\/iucerrahpasavakfi.org.tr\/wp-content\/uploads\/2024\/02\/Son-soz-768x432.jpg 768w, https:\/\/iucerrahpasavakfi.org.tr\/wp-content\/uploads\/2024\/02\/Son-soz-1536x864.jpg 1536w, https:\/\/iucerrahpasavakfi.org.tr\/wp-content\/uploads\/2024\/02\/Son-soz-16x9.jpg 16w\" sizes=\"(max-width: 1920px) 100vw, 1920px\" \/><\/a>\n\t\t<\/figure>\n\t<\/div>\n\n\t<div class=\"wpb_text_column wpb_content_element \" >\n\t\t<div class=\"wpb_wrapper\">\n\t\t\t<hr \/>\n<p style=\"text-align: center;\"><strong><a href=\"https:\/\/malatyasonsoz.com.tr\/haber\/19349796\/son-2-gun-kaldi-depremzedeye-2-bin-tl-verilecek\" target=\"_blank\" rel=\"noopener\"><span style=\"font-size: 14pt;\">Malatya Son S\u00f6z &#8220;Son 2 G\u00fcn Kald\u0131! Depremzedeye 2 Bin TL Verilecek\u2026&#8221; <span style=\"color: #000080;\">(24.02.2024)<\/span><\/span><\/a><\/strong><\/p>\n\n\t\t<\/div>\n\t<\/div>\n<\/div><\/div><\/div><\/div><div class=\"vc_row wpb_row vc_row-fluid themesflat_1777043436\"><div class=\"row_overlay\" style=\"\"><\/div><div class=\"wpb_column vc_column_container vc_col-sm-12\"><div class=\"vc_column-inner\"><div class=\"wpb_wrapper\"><div class=\"vc_empty_space\"   style=\"height: 32px\"><span class=\"vc_empty_space_inner\"><\/span><\/div><div class=\"vc_separator wpb_content_element vc_separator_align_center vc_sep_width_100 vc_sep_pos_align_center vc_separator_no_text vc_sep_color_grey\" ><span class=\"vc_sep_holder vc_sep_holder_l\"><span  class=\"vc_sep_line\"><\/span><\/span><span class=\"vc_sep_holder vc_sep_holder_r\"><span  class=\"vc_sep_line\"><\/span><\/span>\n<\/div><div class=\"vc_empty_space\"   style=\"height: 32px\"><span class=\"vc_empty_space_inner\"><\/span><\/div><\/div><\/div><\/div><\/div><div class=\"vc_row wpb_row vc_row-fluid themesflat_1777043436\"><div class=\"row_overlay\" style=\"\"><\/div><div class=\"wpb_column vc_column_container vc_col-sm-6\"><div class=\"vc_column-inner\"><div class=\"wpb_wrapper\">\n\t<div  class=\"wpb_single_image wpb_content_element vc_align_center\">\n\t\t\n\t\t<figure class=\"wpb_wrapper vc_figure\">\n\t\t\t<a href=\"https:\/\/www.mebhocam.com.tr\/meb-haber\/ogrenciler-burs-basvurusu-icin-son-gun-belli-oldu-h19118.html\" target=\"_blank\" class=\"vc_single_image-wrapper vc_box_shadow_3d  vc_box_border_grey\"><img width=\"1920\" height=\"1080\" src=\"https:\/\/iucerrahpasavakfi.org.tr\/wp-content\/uploads\/2024\/03\/Haber-Kismi.jpg\" class=\"vc_single_image-img attachment-full\" alt=\"\" loading=\"lazy\" srcset=\"https:\/\/iucerrahpasavakfi.org.tr\/wp-content\/uploads\/2024\/03\/Haber-Kismi.jpg 1920w, https:\/\/iucerrahpasavakfi.org.tr\/wp-content\/uploads\/2024\/03\/Haber-Kismi-300x169.jpg 300w, https:\/\/iucerrahpasavakfi.org.tr\/wp-content\/uploads\/2024\/03\/Haber-Kismi-1024x576.jpg 1024w, https:\/\/iucerrahpasavakfi.org.tr\/wp-content\/uploads\/2024\/03\/Haber-Kismi-768x432.jpg 768w, https:\/\/iucerrahpasavakfi.org.tr\/wp-content\/uploads\/2024\/03\/Haber-Kismi-1536x864.jpg 1536w, https:\/\/iucerrahpasavakfi.org.tr\/wp-content\/uploads\/2024\/03\/Haber-Kismi-16x9.jpg 16w\" sizes=\"(max-width: 1920px) 100vw, 1920px\" \/><\/a>\n\t\t<\/figure>\n\t<\/div>\n\n\t<div class=\"wpb_text_column wpb_content_element \" >\n\t\t<div class=\"wpb_wrapper\">\n\t\t\t<hr \/>\n<p style=\"text-align: center;\"><a href=\"https:\/\/www.ogretmenlersitesi.com\/ogrencilere-2000-tl-burs-basvuruda-25-subat-son-gun\" target=\"_blank\" rel=\"noopener\"><strong><span style=\"font-size: 14pt;\">\u00d6\u011fretmenler Sitesi: &#8220;\u00d6\u011frencilere 2000 TL burs ba\u015fvuruda 25 \u015eubat son g\u00fcn&#8221; <span style=\"color: #000080;\">(20.02.2024)<\/span><\/span><\/strong><\/a><\/p>\n\n\t\t<\/div>\n\t<\/div>\n<\/div><\/div><\/div><div class=\"wpb_column vc_column_container vc_col-sm-6\"><div class=\"vc_column-inner\"><div class=\"wpb_wrapper\"><\/div><\/div><\/div><\/div>\n","protected":false},"excerpt":{"rendered":"Milliyet: \"Depremzedeye 2000 TL burs\" (19.02.2024) Elaz\u0131\u011f Hakimiyet: \"Depremzedeye 2 Bin TL Verilecek Elaz\u0131\u011f da \u0130\u00e7inde\" [...]","protected":false},"author":1,"featured_media":0,"parent":0,"menu_order":0,"comment_status":"closed","ping_status":"closed","template":"","meta":[],"_links":{"self":[{"href":"https:\/\/iucerrahpasavakfi.org.tr\/index.php?rest_route=\/wp\/v2\/pages\/3061"}],"collection":[{"href":"https:\/\/iucerrahpasavakfi.org.tr\/index.php?rest_route=\/wp\/v2\/pages"}],"about":[{"href":"https:\/\/iucerrahpasavakfi.org.tr\/index.php?rest_route=\/wp\/v2\/types\/page"}],"author":[{"embeddable":true,"href":"https:\/\/iucerrahpasavakfi.org.tr\/index.php?rest_route=\/wp\/v2\/users\/1"}],"replies":[{"embeddable":true,"href":"https:\/\/iucerrahpasavakfi.org.tr\/index.php?rest_route=%2Fwp%2Fv2%2Fcomments&post=3061"}],"version-history":[{"count":19,"href":"https:\/\/iucerrahpasavakfi.org.tr\/index.php?rest_route=\/wp\/v2\/pages\/3061\/revisions"}],"predecessor-version":[{"id":3103,"href":"https:\/\/iucerrahpasavakfi.org.tr\/index.php?rest_route=\/wp\/v2\/pages\/3061\/revisions\/3103"}],"wp:attachment":[{"href":"https:\/\/iucerrahpasavakfi.org.tr\/index.php?rest_route=%2Fwp%2Fv2%2Fmedia&parent=3061"}],"curies":[{"name":"wp","href":"https:\/\/api.w.org\/{rel}","templated":true}]}}