{"id":3163,"date":"2024-04-01T15:35:53","date_gmt":"2024-04-01T12:35:53","guid":{"rendered":"https:\/\/iucerrahpasavakfi.org.tr\/?page_id=3163"},"modified":"2024-04-01T15:35:53","modified_gmt":"2024-04-01T12:35:53","slug":"doc-dr-baris-yildizlar","status":"publish","type":"page","link":"https:\/\/iucerrahpasavakfi.org.tr\/?page_id=3163","title":{"rendered":"Do\u00e7. Dr. Bar\u0131\u015f Y\u0131ld\u0131zlar"},"content":{"rendered":"<div class=\"vc_row wpb_row vc_row-fluid themesflat_1777037198\"><div class=\"row_overlay\" style=\"\"><\/div><div class=\"wpb_column vc_column_container vc_col-sm-3\"><div class=\"vc_column-inner\"><div class=\"wpb_wrapper\">\n\t<div  class=\"wpb_single_image wpb_content_element vc_align_center\">\n\t\t\n\t\t<figure class=\"wpb_wrapper vc_figure\">\n\t\t\t<div class=\"vc_single_image-wrapper vc_box_border  vc_box_border_grey\"><img width=\"736\" height=\"1104\" src=\"https:\/\/iucerrahpasavakfi.org.tr\/wp-content\/uploads\/2024\/04\/Baris-Yildizlar.jpg\" class=\"vc_single_image-img attachment-full\" alt=\"\" loading=\"lazy\" srcset=\"https:\/\/iucerrahpasavakfi.org.tr\/wp-content\/uploads\/2024\/04\/Baris-Yildizlar.jpg 736w, https:\/\/iucerrahpasavakfi.org.tr\/wp-content\/uploads\/2024\/04\/Baris-Yildizlar-200x300.jpg 200w, https:\/\/iucerrahpasavakfi.org.tr\/wp-content\/uploads\/2024\/04\/Baris-Yildizlar-683x1024.jpg 683w, https:\/\/iucerrahpasavakfi.org.tr\/wp-content\/uploads\/2024\/04\/Baris-Yildizlar-8x12.jpg 8w\" sizes=\"(max-width: 736px) 100vw, 736px\" \/><\/div>\n\t\t<\/figure>\n\t<\/div>\n<div class=\"vc_empty_space\"   style=\"height: 10px\"><span class=\"vc_empty_space_inner\"><\/span><\/div><\/div><\/div><\/div><div class=\"wpb_column vc_column_container vc_col-sm-9\"><div class=\"vc_column-inner\"><div class=\"wpb_wrapper\">\n\t<div class=\"wpb_text_column wpb_content_element \" >\n\t\t<div class=\"wpb_wrapper\">\n\t\t\t<div style=\"text-align: justify;\">\n<div class=\"page_content_wrap\">\n<div class=\"content_wrap\">\n<div class=\"content\">\n<article id=\"post-206\" class=\"team_member_page itemscope post-206 cpt_team type-cpt_team status-publish has-post-thumbnail hentry cpt_team_group-mutevelli-heyet-uyeleri\">\n<div class=\"team_member_content entry-content\">\n<div class=\"page_content_wrap\">\n<div class=\"content_wrap\">\n<div class=\"content\">\n<article id=\"post-206\" class=\"team_member_page itemscope post-206 cpt_team type-cpt_team status-publish has-post-thumbnail hentry cpt_team_group-mutevelli-heyet-uyeleri\">\n<div class=\"team_member_content entry-content\">\n<p>Do\u00e7.Dr. Bar\u0131\u015f Y\u0131ld\u0131zlar, 2000 y\u0131l\u0131nda \u0130stanbul \u00dcniversitesi M\u00fchendislik Fak\u00fcltesi \u0130n\u015faat M\u00fchendisli\u011fi B\u00f6l\u00fcm\u00fcnden mezun olmu\u015f, 2004 y\u0131l\u0131nda ayn\u0131 \u00fcniversitenin Fen Bilimleri Enstit\u00fcs\u00fc&#8217;nde \u0130n\u015faat M\u00fchendisli\u011fi Anabilim Dal\u0131nda Y\u00fcksek Lisans ve 2009 y\u0131l\u0131nda ise Doktora derecelerini tamamlam\u0131\u015ft\u0131r.<\/p>\n<p>2001 y\u0131l\u0131nda akademik kariyerine \u0130stanbul \u00dcniversitesi M\u00fchendislik Fak\u00fcltesi Yap\u0131 Anabilim Dal\u0131nda ara\u015ft\u0131rma g\u00f6revlisi olarak ad\u0131m atan Do\u00e7.Dr. Y\u0131ld\u0131zlar profesyonel hayat\u0131 boyunca \u00e7e\u015fitli akademik ve idari g\u00f6revler ifa etmi\u015ftir. 2007 y\u0131l\u0131ndan itibaren \u0130stanbul \u00dcniversitesi Yap\u0131 \u0130\u015fleri ve Teknik Daire Ba\u015fkanl\u0131\u011f\u0131nda ara\u015ft\u0131rma g\u00f6revlisi unvan\u0131yla \u00e7e\u015fitli pozisyonlarda g\u00f6rev yapm\u0131\u015f ve 2010 y\u0131l\u0131ndan itibaren ise m\u00fchendis olarak g\u00f6revine devam etmi\u015ftir. 2012 y\u0131l\u0131ndan itibaren \u0130stanbul \u00dcniversitesi-Cerrahpa\u015fa, M\u00fchendislik Fak\u00fcltesi \u0130n\u015faat M\u00fchendisli\u011fi, Yap\u0131 Anabilim Dal\u0131nda \u00f6\u011fretim \u00fcyesi olarak g\u00f6revine devam etmektedir.<\/p>\n<p>Kariyeri boyunca \u0130stanbul \u00dcniversitesi ve \u0130stanbul \u00dcniversitesi-Cerrahpa\u015fa&#8217;da \u00e7ok say\u0131da komisyonda \u00e7e\u015fitli mertebelerde g\u00f6revler \u00fcstlenmi\u015ftir. Basic, Fortran, Php ve Java gibi programlama dilleri ile m\u00fchendislik alan\u0131na y\u00f6nelik uzun s\u00fcredir \u00e7al\u0131\u015fmalar yapmakta olan Do\u00e7.Dr. Bar\u0131\u015f Y\u0131ld\u0131zlar, Bilim, Teknoloji ve Sanayi Bakanl\u0131\u011f\u0131, T\u00fcbitak ve di\u011fer kurumlarda ara\u015ft\u0131rma ve hibe projeleri geli\u015ftirmi\u015ftir.\u00a0Di\u011fer taraftan s\u00f6z konusu kurumlarda \u00e7ok say\u0131da kamu ve \u00f6zel sekt\u00f6r proje ve giri\u015fiminde hakem olarak g\u00f6rev alm\u0131\u015ft\u0131r. \u00c7e\u015fitli \u00f6zel sekt\u00f6r, belediye ve kamu kurumlar\u0131na m\u00fchendislik alan\u0131nda \u00e7ok say\u0131da e\u011fitim vermi\u015f, ulusal ve uluslararas\u0131 projelere dan\u0131\u015fmanl\u0131k hizmeti sunmu\u015f, halen \u00c7evre \u015eehircilik ve \u0130klim Dei\u011f\u015fikli\u011fi Bakanl\u0131\u011f\u0131 \u0130stanbul 6 No\u2019lu \u0130tiraz Komisyonu \u00dcyesi, kurucu \u00fcyesi oldu\u011fu M\u00fchendisler ve Mimarlar Derne\u011finde halen Y\u00f6netim Kurulu \u00dcyesi olarak g\u00f6rev yapmaktad\u0131r.<\/p>\n<p>Do\u00e7.Dr. Bar\u0131\u015f Y\u0131ld\u0131zlar 2018 y\u0131l\u0131ndan itibaren \u0130stanbul \u00dcniversitesi-Cerrahpa\u015fa Yap\u0131 \u0130\u015fleri ve Teknik Daire Ba\u015fkanl\u0131\u011f\u0131\u2019nda Daire Ba\u015fkan\u0131 g\u00f6revini vekaleten y\u00fcr\u00fctmektedir.<\/p>\n<\/div>\n<\/article>\n<\/div>\n<\/div>\n<\/div>\n<\/div>\n<\/article>\n<\/div>\n<\/div>\n<\/div>\n<\/div>\n\n\t\t<\/div>\n\t<\/div>\n<\/div><\/div><\/div><\/div><div class=\"vc_row wpb_row vc_row-fluid themesflat_1777037198\"><div class=\"row_overlay\" style=\"\"><\/div><div class=\"wpb_column vc_column_container vc_col-sm-12\"><div class=\"vc_column-inner\"><div class=\"wpb_wrapper\"><div class=\"vc_empty_space\"   style=\"height: 32px\"><span class=\"vc_empty_space_inner\"><\/span><\/div><\/div><\/div><\/div><\/div>\n","protected":false},"excerpt":{"rendered":"Do\u00e7.Dr. Bar\u0131\u015f Y\u0131ld\u0131zlar, 2000 y\u0131l\u0131nda \u0130stanbul \u00dcniversitesi M\u00fchendislik Fak\u00fcltesi \u0130n\u015faat M\u00fchendisli\u011fi B\u00f6l\u00fcm\u00fcnden mezun olmu\u015f, 2004 y\u0131l\u0131nda [...]","protected":false},"author":1,"featured_media":0,"parent":0,"menu_order":0,"comment_status":"closed","ping_status":"closed","template":"tpl\/page_fullwidth.php","meta":[],"_links":{"self":[{"href":"https:\/\/iucerrahpasavakfi.org.tr\/index.php?rest_route=\/wp\/v2\/pages\/3163"}],"collection":[{"href":"https:\/\/iucerrahpasavakfi.org.tr\/index.php?rest_route=\/wp\/v2\/pages"}],"about":[{"href":"https:\/\/iucerrahpasavakfi.org.tr\/index.php?rest_route=\/wp\/v2\/types\/page"}],"author":[{"embeddable":true,"href":"https:\/\/iucerrahpasavakfi.org.tr\/index.php?rest_route=\/wp\/v2\/users\/1"}],"replies":[{"embeddable":true,"href":"https:\/\/iucerrahpasavakfi.org.tr\/index.php?rest_route=%2Fwp%2Fv2%2Fcomments&post=3163"}],"version-history":[{"count":2,"href":"https:\/\/iucerrahpasavakfi.org.tr\/index.php?rest_route=\/wp\/v2\/pages\/3163\/revisions"}],"predecessor-version":[{"id":3370,"href":"https:\/\/iucerrahpasavakfi.org.tr\/index.php?rest_route=\/wp\/v2\/pages\/3163\/revisions\/3370"}],"wp:attachment":[{"href":"https:\/\/iucerrahpasavakfi.org.tr\/index.php?rest_route=%2Fwp%2Fv2%2Fmedia&parent=3163"}],"curies":[{"name":"wp","href":"https:\/\/api.w.org\/{rel}","templated":true}]}}