{"id":3181,"date":"2024-05-30T14:50:12","date_gmt":"2024-05-30T11:50:12","guid":{"rendered":"https:\/\/iucerrahpasavakfi.org.tr\/?page_id=3181"},"modified":"2025-11-04T12:47:31","modified_gmt":"2025-11-04T09:47:31","slug":"dr-alev-ozsari-ogrenim-bursu","status":"publish","type":"page","link":"https:\/\/iucerrahpasavakfi.org.tr\/?page_id=3181","title":{"rendered":"Dr. Alev \u00d6zsar\u0131 \u00d6\u011frenim Bursu"},"content":{"rendered":"<div class=\"vc_row wpb_row vc_row-fluid themesflat_1777124404\"><div class=\"row_overlay\" style=\"\"><\/div><div class=\"wpb_column vc_column_container vc_col-sm-12\"><div class=\"vc_column-inner\"><div class=\"wpb_wrapper\">\n\t<div class=\"wpb_text_column wpb_content_element \" >\n\t\t<div class=\"wpb_wrapper\">\n\t\t\t<p><span style=\"font-family: georgia, palatino, serif; font-size: 12pt;\">Dr. Alev \u00d6zsar\u0131 bursu, i\u00e7 hastal\u0131klar\u0131 uzman\u0131 olarak \u00fclkemizin \u00e7e\u015fitli illerinde hastalar\u0131na \u015fifa da\u011f\u0131tmak \u00fczere g\u00f6rev yapm\u0131\u015f ve 31.01.2024 tarihinde vefat etmi\u015f olan Uzm. Dr. Alev \u00d6zsar\u0131 an\u0131s\u0131na; ailesinin destekleriyle verilmektedir.<\/span><\/p>\n<p><span style=\"font-family: georgia, palatino, serif; font-size: 12pt;\">Dr. Alev \u00d6zsar\u0131 bursu, Vakf\u0131m\u0131z\u0131n vermi\u015f oldu\u011fu di\u011fer \u00f6\u011frenim burslar\u0131ndan ba\u011f\u0131ms\u0131z olarak yaln\u0131zca <strong>Cerrahpa\u015fa T\u0131p Fak\u00fcltesi<\/strong> \u00f6\u011frencilerine y\u00f6nelik bir \u00f6\u011frenim bursu olarak uygulanmaktad\u0131r.<\/span><\/p>\n<p><span style=\"font-family: georgia, palatino, serif; font-size: 12pt;\">Ba\u015fvurular, ilgili e\u011fitim-\u00f6\u011fretim y\u0131l\u0131 ba\u015f\u0131nda Vakf\u0131m\u0131z taraf\u0131ndan ilan edilen tarih aral\u0131\u011f\u0131nda, Vakf\u0131m\u0131z\u0131n web sayfas\u0131 \u00fczerinden elektronik ortamda al\u0131n\u0131r. Burs ba\u015fvuru y\u00f6ntemi, ko\u015fullar ve burs miktar\u0131na ili\u015fkin bilgiler ba\u015fvuru d\u00f6neminde web sitemizde detayl\u0131 \u015fekilde a\u00e7\u0131klan\u0131r.<\/span><\/p>\n<p>&nbsp;<\/p>\n<p><a href=\"https:\/\/iucerrahpasavakfi.org.tr\/wp-content\/uploads\/2024\/05\/Dr.-Alev-Etiz-O\u0308zsari.pdf\"><em><strong>Dr. Alev \u00d6zsar\u0131\u2019n\u0131n \u00f6zge\u00e7mi\u015fi i\u00e7in t\u0131klay\u0131n\u0131z.<\/strong><\/em><\/a><\/p>\n<p><span style=\"color: #000080;\"><em>\u00a0<\/em><\/span><\/p>\n\n\t\t<\/div>\n\t<\/div>\n<\/div><\/div><\/div><\/div><div class=\"vc_row wpb_row vc_row-fluid themesflat_1777124404\"><div class=\"row_overlay\" style=\"\"><\/div><div class=\"wpb_column vc_column_container vc_col-sm-12\"><div class=\"vc_column-inner\"><div class=\"wpb_wrapper\"><div class=\"vc_empty_space\"   style=\"height: 32px\"><span class=\"vc_empty_space_inner\"><\/span><\/div><div class=\"vc_tta-container\" data-vc-action=\"collapse\"><div class=\"vc_general vc_tta vc_tta-tabs vc_tta-color-grey vc_tta-style-classic vc_tta-shape-rounded vc_tta-spacing-1 vc_tta-tabs-position-top vc_tta-controls-align-left\"><div class=\"vc_tta-tabs-container\"><ul class=\"vc_tta-tabs-list\"><li class=\"vc_tta-tab vc_active\" data-vc-tab><a href=\"#1717140653897-1151923e-64ff\" data-vc-tabs data-vc-container=\".vc_tta\"><span class=\"vc_tta-title-text\">EFT\/Havale ile Ba\u011f\u0131\u015f<\/span><\/a><\/li><\/ul><\/div><div class=\"vc_tta-panels-container\"><div class=\"vc_tta-panels\"><div class=\"vc_tta-panel vc_active\" id=\"1717140653897-1151923e-64ff\" data-vc-content=\".vc_tta-panel-body\"><div class=\"vc_tta-panel-heading\"><h4 class=\"vc_tta-panel-title\"><a href=\"#1717140653897-1151923e-64ff\" data-vc-accordion data-vc-container=\".vc_tta-container\"><span class=\"vc_tta-title-text\">EFT\/Havale ile Ba\u011f\u0131\u015f<\/span><\/a><\/h4><\/div><div class=\"vc_tta-panel-body\">\n\t<div class=\"wpb_text_column wpb_content_element \" >\n\t\t<div class=\"wpb_wrapper\">\n\t\t\t<p><img loading=\"lazy\" class=\"alignnone wp-image-3197 size-large\" src=\"https:\/\/iucerrahpasavakfi.org.tr\/wp-content\/uploads\/2024\/05\/hblogoerkek-1024x219.png\" alt=\"\" width=\"30%\" height=\"30%\" srcset=\"https:\/\/iucerrahpasavakfi.org.tr\/wp-content\/uploads\/2024\/05\/hblogoerkek-1024x219.png 1024w, https:\/\/iucerrahpasavakfi.org.tr\/wp-content\/uploads\/2024\/05\/hblogoerkek-300x64.png 300w, https:\/\/iucerrahpasavakfi.org.tr\/wp-content\/uploads\/2024\/05\/hblogoerkek-768x165.png 768w, https:\/\/iucerrahpasavakfi.org.tr\/wp-content\/uploads\/2024\/05\/hblogoerkek-1536x329.png 1536w, https:\/\/iucerrahpasavakfi.org.tr\/wp-content\/uploads\/2024\/05\/hblogoerkek-2048x439.png 2048w, https:\/\/iucerrahpasavakfi.org.tr\/wp-content\/uploads\/2024\/05\/hblogoerkek-16x3.png 16w\" sizes=\"(max-width: 1024px) 100vw, 1024px\" \/><\/p>\n<p><b>Dr. Alev \u00d6zsar\u0131 \u00d6\u011frenim Bursu i\u00e7in Halkbank Cerrahpa\u015fa \u015eubesinde a\u00e7\u0131lan a\u015fa\u011f\u0131da bilgileri payla\u015f\u0131lan hesaba diledi\u011finiz miktarda ba\u011f\u0131\u015f yapabilirsiniz. <\/b><strong>Ba\u011f\u0131\u015flar\u0131n\u0131z i\u00e7in te\u015fekk\u00fcr ederiz.<\/strong><\/p>\n<p>&nbsp;<\/p>\n<p><strong>IBAN:<\/strong><\/p>\n<pre>TR19 0001 2001 5300 0016 1000 24<\/pre>\n<p><strong>HESAP NO:<\/strong><\/p>\n<p>16100024<\/p>\n<p><strong>HESAP ADI:<\/strong><\/p>\n<p>\u0130STANBUL \u00dcN\u0130VERS\u0130TES\u0130-CERRAHPA\u015eA GEL\u0130\u015eT\u0130RME VAKFI<\/p>\n<p><strong>BANKA:<\/strong><\/p>\n<p>HALK BANKASI<\/p>\n<p><strong>\u015eUBE:<\/strong><\/p>\n<p>1530-CERRAHPA\u015eA \u0130STANBUL \u015eUBES\u0130<\/p>\n\n\t\t<\/div>\n\t<\/div>\n<\/div><\/div><\/div><\/div><\/div><\/div><\/div><\/div><\/div><\/div>\n","protected":false},"excerpt":{"rendered":"Dr. Alev \u00d6zsar\u0131 bursu, i\u00e7 hastal\u0131klar\u0131 uzman\u0131 olarak \u00fclkemizin \u00e7e\u015fitli illerinde hastalar\u0131na \u015fifa da\u011f\u0131tmak \u00fczere g\u00f6rev [...]","protected":false},"author":1,"featured_media":0,"parent":0,"menu_order":0,"comment_status":"closed","ping_status":"closed","template":"","meta":[],"_links":{"self":[{"href":"https:\/\/iucerrahpasavakfi.org.tr\/index.php?rest_route=\/wp\/v2\/pages\/3181"}],"collection":[{"href":"https:\/\/iucerrahpasavakfi.org.tr\/index.php?rest_route=\/wp\/v2\/pages"}],"about":[{"href":"https:\/\/iucerrahpasavakfi.org.tr\/index.php?rest_route=\/wp\/v2\/types\/page"}],"author":[{"embeddable":true,"href":"https:\/\/iucerrahpasavakfi.org.tr\/index.php?rest_route=\/wp\/v2\/users\/1"}],"replies":[{"embeddable":true,"href":"https:\/\/iucerrahpasavakfi.org.tr\/index.php?rest_route=%2Fwp%2Fv2%2Fcomments&post=3181"}],"version-history":[{"count":26,"href":"https:\/\/iucerrahpasavakfi.org.tr\/index.php?rest_route=\/wp\/v2\/pages\/3181\/revisions"}],"predecessor-version":[{"id":3750,"href":"https:\/\/iucerrahpasavakfi.org.tr\/index.php?rest_route=\/wp\/v2\/pages\/3181\/revisions\/3750"}],"wp:attachment":[{"href":"https:\/\/iucerrahpasavakfi.org.tr\/index.php?rest_route=%2Fwp%2Fv2%2Fmedia&parent=3181"}],"curies":[{"name":"wp","href":"https:\/\/api.w.org\/{rel}","templated":true}]}}