{"id":3447,"date":"2025-02-17T11:27:38","date_gmt":"2025-02-17T08:27:38","guid":{"rendered":"https:\/\/iucerrahpasavakfi.org.tr\/?page_id=3447"},"modified":"2026-02-17T13:21:42","modified_gmt":"2026-02-17T10:21:42","slug":"700-ogrencimize-bayram-destegi","status":"publish","type":"page","link":"https:\/\/iucerrahpasavakfi.org.tr\/?page_id=3447","title":{"rendered":"RAMAZAN BAYRAMI HED\u0130YES\u0130-2025"},"content":{"rendered":"<h3 data-start=\"84\" data-end=\"155\">Vakf\u0131m\u0131zdan 700 \u00d6\u011frencimize Ramazan Bayram\u0131 Hediyesi<\/h3>\n<p>&nbsp;<\/p>\n<p data-start=\"157\" data-end=\"448\">2025 y\u0131l\u0131 Ramazan ay\u0131 dolay\u0131s\u0131yla Vakf\u0131m\u0131z taraf\u0131ndan, \u0130\u00dcC Store i\u015f birli\u011finde d\u00fczenlenen kampanya kapsam\u0131nda; ba\u015fvuruda bulunan ve yap\u0131lan de\u011ferlendirmeler sonucunda hak kazanan \u0130stanbul \u00dcniversitesi-Cerrahpa\u015fa\u2019n\u0131n \u00f6n lisans ve lisans d\u00fczeyindeki 700 \u00f6\u011frencisine, tek seferlik ve bir defaya mahsus olmak \u00fczere 1.500 TL tutar\u0131nda Ramazan Bayram\u0131 Hediyesi giyim al\u0131\u015fveri\u015f kuponu deste\u011fi sa\u011fland\u0131.<\/p>\n<p data-start=\"450\" data-end=\"566\">\n","protected":false},"excerpt":{"rendered":"<p>Vakf\u0131m\u0131zdan 700 \u00d6\u011frencimize Ramazan Bayram\u0131 Hediyesi &nbsp; 2025 y\u0131l\u0131 Ramazan ay\u0131 dolay\u0131s\u0131yla Vakf\u0131m\u0131z taraf\u0131ndan, \u0130\u00dcC Store [&hellip;]<\/p>\n","protected":false},"author":1,"featured_media":0,"parent":0,"menu_order":0,"comment_status":"closed","ping_status":"closed","template":"","meta":[],"_links":{"self":[{"href":"https:\/\/iucerrahpasavakfi.org.tr\/index.php?rest_route=\/wp\/v2\/pages\/3447"}],"collection":[{"href":"https:\/\/iucerrahpasavakfi.org.tr\/index.php?rest_route=\/wp\/v2\/pages"}],"about":[{"href":"https:\/\/iucerrahpasavakfi.org.tr\/index.php?rest_route=\/wp\/v2\/types\/page"}],"author":[{"embeddable":true,"href":"https:\/\/iucerrahpasavakfi.org.tr\/index.php?rest_route=\/wp\/v2\/users\/1"}],"replies":[{"embeddable":true,"href":"https:\/\/iucerrahpasavakfi.org.tr\/index.php?rest_route=%2Fwp%2Fv2%2Fcomments&post=3447"}],"version-history":[{"count":21,"href":"https:\/\/iucerrahpasavakfi.org.tr\/index.php?rest_route=\/wp\/v2\/pages\/3447\/revisions"}],"predecessor-version":[{"id":3847,"href":"https:\/\/iucerrahpasavakfi.org.tr\/index.php?rest_route=\/wp\/v2\/pages\/3447\/revisions\/3847"}],"wp:attachment":[{"href":"https:\/\/iucerrahpasavakfi.org.tr\/index.php?rest_route=%2Fwp%2Fv2%2Fmedia&parent=3447"}],"curies":[{"name":"wp","href":"https:\/\/api.w.org\/{rel}","templated":true}]}}